{"id":91281,"date":"2025-03-05T08:06:54","date_gmt":"2025-03-05T08:06:54","guid":{"rendered":"https:\/\/zelenydrak.cz\/velkoobchod\/?post_type=product&#038;p=91281"},"modified":"2025-03-05T08:07:02","modified_gmt":"2025-03-05T08:07:02","slug":"rize-turecko-cerny-silny-caj","status":"publish","type":"product","link":"https:\/\/zelenydrak.cz\/velkoobchod\/produkt\/rize-turecko-cerny-silny-caj\/","title":{"rendered":"RIZE TURECKO &#8211; \u010dern\u00fd siln\u00fd \u010daj"},"content":{"rendered":"<h2>RIZE TURECKO &#8211; prav\u00fd \u010dern\u00fd siln\u00fd \u010daj<\/h2>\n<p>Slo\u017een\u00ed \u010daje: \u010dern\u00fd tureck\u00fd \u010daj 100%<\/p>\n<h2>Popis \u010daje:<\/h2>\n<p>Tureck\u00fd Rize \u010daj je \u010daj tmav\u00e9ho typu. Vyzna\u010duje se drcen\u00fdm (zlomkov\u00fdm) listem. Po p\u0159ivon\u011bn\u00ed k Rize nal\u00e9z\u00e1me ve v\u016fni akcenty ko\u0159en\u00ed (sko\u0159ice, h\u0159eb\u00ed\u010dek). Rize n\u00e1m m\u016f\u017ee tak trochu p\u0159ipom\u00ednat ass\u00e1msk\u00fd nebo rusk\u00fd \u010daj (av\u0161ak bez trpkosti a sv\u00edravosti).<\/p>\n<p><img loading=\"lazy\" decoding=\"async\" style=\"float: left;\" title=\"konvice \u010caj-a-K\u00e1va.cz\" src=\"https:\/\/www.caj-a-kava.cz\/img\/cms\/konvice_zelenydrak.png\" alt=\"konvice \u010caj-a-K\u00e1va.cz\" width=\"100\" height=\"100\" \/><\/p>\n<h2>N\u00e1poj:<\/h2>\n<p>Tureck\u00fd \u010daj Rize je opravdu lahodn\u00fd, siln\u011b aromatick\u00fd, m\u00e1 m\u00edrn\u011b nasl\u00e1dlou chu\u0165 a \u010dervenohn\u011bdou barvu n\u00e1levu.<\/p>\n<p>\u00a0<\/p>\n<h2>Tureck\u00fd \u010daj nebo k\u00e1va?<\/h2>\n<p>N\u011bkte\u0159\u00ed tr\u00e1v\u00ed sv\u016fj \u010das na \u010daj s velk\u00fdm hrnkem, jin\u00ed u mal\u00e9 konvi\u010dky a misky a Turci? Turci pij\u00ed \u010daj z mal\u00fdch skleni\u010dek. A to nen\u00ed jedin\u00e1 v\u011bc, kter\u00e1 je v\u00fdrazn\u00e1 v jejich \u010dajov\u00e9m ob\u0159adu.<\/p>\n<p>Tureck\u00e1 \u010dajov\u00e1 kultura byl vyvinuta kr\u00e1tce po prvn\u00ed sv\u011btov\u00e9 v\u00e1lce, ale od t\u00e9 doby se rychle stala pro m\u00edstn\u00ed obyvatele ka\u017edodenn\u00ed rutinou. Od t\u00e9 doby sout\u011b\u017e\u00ed \u010daj se slavnou tureckou k\u00e1vou o titul nejp\u0159ita\u017eliv\u011bj\u0161\u00ed a nejv\u00edce spot\u0159ebov\u00e1van\u00fd n\u00e1poj v zemi.<\/p>\n<p>Turci maj\u00ed \u010dajov\u00e9 r\u010den\u00ed: &#8222;konverzace bez \u010daje je jako no\u010dn\u00ed obloha bez m\u011bs\u00edce&#8220; Pokud souhlas\u00edte, pak \u010dt\u011bte d\u00e1l a dozv\u00edte se co d\u011bl\u00e1 \u010daj \u010dajem v Turecku.\u00a0<span style=\"line-height: 1.5em;\">\u00a0<\/span><\/p>\n<h2>Historie a v\u00fdroba tureck\u00e9ho \u010daje<\/h2>\n<p>\u00da\u017easnou popularitu si z\u00edskal \u010daj v Turecku a\u017e od 20. stolet\u00ed kde byl p\u016fvodn\u011b p\u0159ijat jako alternativa ke k\u00e1v\u011b.\u00a0V\u00e1\u017en\u00e9 pokusy Turecka na p\u011bstov\u00e1n\u00ed \u010daje za\u010dali v roce 1917 ve m\u011bst\u011b Rize na v\u00fdchodn\u00edm pob\u0159e\u017e\u00ed \u010cern\u00e9ho mo\u0159e.<\/p>\n<p>V roce 1924, vl\u00e1da schv\u00e1lila z\u00e1kon o tom, \u017ee \u010daj, pomeran\u010de a o\u0159echy mohou b\u00fdt v Rize p\u011bstov\u00e1ny.<\/p>\n<p>V roce 1930 vl\u00e1da projevila velk\u00fd z\u00e1jem na p\u011bstov\u00e1n\u00ed \u010daje, a v roce 1937 byly tuny semen p\u0159evezeny z Gruzie a zasazeny na speci\u00e1ln\u011b navr\u017een\u00fdch m\u00edstech v Rize. Tento jev se za\u010dal \u0161\u00ed\u0159it a st\u00e1le hraje dominantn\u00ed roli v ekonomice zem\u011b. \u010caj se stal tak popul\u00e1rn\u00ed a d\u016fle\u017eit\u00fd, \u017ee n\u011bkter\u00e1 m\u011bsta si dokonce zm\u011bnila jm\u00e9na tak, aby obsahovala \u010dajov\u00e9 slovo.\u00a0Nap\u0159\u00edklad z m\u011bsta Kadahor se stalo \u04aaaykara, a z Mapavri se stalo \u04aaayeli.<\/p>\n<p>V dne\u0161n\u00ed dob\u011b Turecko zauj\u00edm\u00e1 \u010destn\u00e9 m\u00edsto v prvn\u00ed p\u011btici spot\u0159ebitel\u016f a producent\u016f \u010daje na sv\u011bt\u011b. M\u011bsto Rize je sice zn\u00e1mo v Turecku jako &#8222;\u010dajov\u00e1 z\u00e1kladna&#8220;, ale v cel\u00e9m Turecku existuje v\u00edce ne\u017e 300 tov\u00e1ren na \u010daj.<\/p>\n<p>\u00a0<\/p>\n<h2>\u00daloha Rize v ka\u017edodenn\u00edm \u017eivot\u011b Turk\u016f<\/h2>\n<p>\u010caj je pova\u017eov\u00e1n za n\u00e1poj p\u0159\u00e1telstv\u00ed a pohostinnosti. Nen\u00ed mo\u017en\u00e9 vkro\u010dit do tureck\u00e9 dom\u00e1cnosti bez toho, \u017ee by v\u00e1m byli nab\u00eddnuty alespo\u0148 dv\u011b sklenice \u010daje. Obvykle \u010daj p\u0159ipravuj\u00ed \u017eeny a je velmi neslu\u0161n\u00e9 \u010daj odm\u00edtnout. Velmi popul\u00e1rn\u00ed zvyk je setkat se s p\u0159\u00e1teli a rodinou v \u010dajov\u00e9 zahrad\u011b. \u010cajov\u00e9 zahrady nebo \u010dajovny jsou velmi preferovan\u00e9 body ka\u017ed\u00e9ho turka a stejn\u011b tak jsou velk\u00fdm l\u00e1kadlem pro turisty.\u00a0Ty se staly popul\u00e1rn\u00ed v roce 1950 a v pr\u016fb\u011bhu \u010dasu, se z nich stali soci\u00e1ln\u00ed m\u00edsta, kter\u00e9 m\u016f\u017eete naj\u00edt t\u00e9m\u011b\u0159 ve v\u0161ech metropol\u00edch nebo mal\u00fdch Tureck\u00fdch m\u011bstech. Ve venkovsk\u00fdch oblastech Turecka hraje \u010daj velkou roli p\u0159i ka\u017ed\u00fdch tradi\u010dn\u00edch akc\u00edch. Turkov\u00e9 maj\u00ed tak\u00e9 sv\u016fj vlastn\u00ed \u010das na \u010daj a to mezi t\u0159et\u00ed a p\u00e1tou hodinou odpoledn\u00ed, kdy je \u010daj pod\u00e1van\u00fd s dorty a dal\u0161\u00edmi specialitami. Nicm\u00e9n\u011b pit\u00ed \u010daje nen\u00ed v\u016fbec omezeno na tuto denn\u00ed dobu, proto\u017ee lid\u00e9 pij\u00ed \u010daj od r\u00e1na do noci.<\/p>\n<p>\u00a0<\/p>\n<h2>P\u0159\u00edprava a serv\u00edrov\u00e1n\u00ed \u010daje Rize<\/h2>\n<p>P\u0159\u00edprava tureck\u00e9ho \u010daje je m\u00edrn\u011b odli\u0161n\u00e1 ji\u017e v samotn\u00e9m turecku.\u00a0Obecn\u011b plat\u00ed, \u017ee Turci rad\u011bji p\u0159ipravuj\u00ed \u010daj pomoc\u00ed dvojit\u00e9 konvice s n\u00e1zvem &#8222;\u00e7aydanl\u0131k&#8220;. V \u010dajov\u00e9 konvici dole je voda, naho\u0159e v men\u0161\u00ed konvici such\u00fd \u010daj, kter\u00fd se va\u0159\u00edc\u00ed vodou pod sebou nejd\u0159\u00edve proh\u0159eje a pak se zalije trochou vody ze spodn\u00ed konvice. Vznikne tak koncentr\u00e1t, kter\u00fd si ka\u017ed\u00fd \u0159ed\u00ed podle sv\u00e9 chuti.\u00a0Ve st\u0159edn\u00edm a v\u00fdchodn\u00edm Turecku je ob\u0159ad ovlivn\u011bn rusk\u00fdmi tradicemi: \u010daj se p\u0159ipravuje ve speci\u00e1ln\u00edch samovarech. Pokud jde o porce, Turci rad\u011bji pij\u00ed \u010daj z mal\u00fdch tulip\u00e1nov\u00fdch skleni\u010dek, velmi podobn\u00fdm t\u011bm, kter\u00e9 pou\u017e\u00edvaj\u00ed Maro\u010dan\u00e9 pro sv\u016fj vyhl\u00e1\u0161en\u00fd \u010daj Tuareg.\u00a0\u010cajov\u00e9 sklo mus\u00ed b\u00fdt jasn\u00e9, aby bylo mo\u017en\u00e9 ocenit a obdivovat barvu \u010daje, kter\u00e1 by m\u011bla b\u00fdt v\u017edy karm\u00ednov\u011b \u010derven\u00e1. Ve velk\u00fdch turistick\u00fdch m\u011bstech, jako je Istanbul nebo Ankara, m\u016f\u017ee b\u00fdt \u010daj pro turisty pod\u00e1n v porcel\u00e1nov\u00e9m \u0161\u00e1lku. Nicm\u00e9n\u011b sklenice tvaru tulip\u00e1nu je tradi\u010dn\u00ed volba.\u00a0\u010caj je slazen\u00fd cukrem a n\u011bkdy Turci p\u0159id\u00e1vaj\u00ed do jejich tradi\u010dn\u00edho \u010daje citron, ale nikdy ml\u00e9ko. A toto d\u011bl\u00e1 \u010daj tureck\u00fdm \u010dajem.<\/p>\n<p>\u00a0<\/p>\n<p>\u00a0<\/p>\n<h2>TURECK\u00dd \u010cAJ RIZE &#8211; \u010dern\u00fd \u010daj &#8211; vzhled<\/h2>\n<p><span style=\"line-height: 1.5em;\"><img decoding=\"async\" title=\"TURECK\u00dd \u010cAJ RIZE - \u010dern\u00fd \u010daj\" src=\"https:\/\/zelenydrak.cz\/img\/cms\/rize_vzhled1.jpg\" alt=\"TURECK\u00dd \u010cAJ RIZE - \u010dern\u00fd \u010daj\" \/><\/span><\/p>\n<h2 style=\"text-align: right;\">&nbsp;<\/h2>\n<p>\u00a0<\/p>\n<p>\u00a0<\/p>\n<p>\u00a0<\/p>\n<p>\u00a0<\/p>\n<p>\u00a0<\/p>\n<h2><span style=\"line-height: 1.5em;\">TURECK\u00dd \u010cAJ RIZE &#8211; \u010dern\u00fd \u010daj &#8211; p\u0159\u00edprava<\/span><\/h2>\n<p><span style=\"line-height: 1.5em;\"><img decoding=\"async\" title=\"TURECK\u00dd \u010cAJ RIZE - \u010dern\u00fd \u010daj - p\u0159\u00edprava\" src=\"https:\/\/zelenydrak.cz\/img\/cms\/rize.jpg\" alt=\"TURECK\u00dd \u010cAJ RIZE - \u010dern\u00fd \u010daj - p\u0159\u00edprava\" \/><\/span><\/p>\n<p>\u00a0<\/p>\n<p>\u00a0<\/p>\n<p>\u00a0<\/p>\n<p>\u00a0<\/p>\n<p>\u00a0<\/p>\n<h2><span style=\"line-height: 1.5em;\">TURECK\u00dd \u010cAJ RIZE &#8211; \u010dern\u00fd \u010daj &#8211; n\u00e1lev<\/span><\/h2>\n<p><span style=\"line-height: 1.5em;\"><img decoding=\"async\" title=\"TURECK\u00dd \u010cAJ RIZE - \u010dern\u00fd \u010daj - n\u00e1lev\" src=\"https:\/\/zelenydrak.cz\/img\/cms\/rize_nalev.jpg\" alt=\"TURECK\u00dd \u010cAJ RIZE - \u010dern\u00fd \u010daj - n\u00e1lev\" \/><\/span><\/p>\n","protected":false},"excerpt":{"rendered":"<p><img loading=\"lazy\" decoding=\"async\" class=\"size-full wp-image-2970 alignleft\" src=\"https:\/\/zelenydrak.cz\/wp-content\/uploads\/2024\/08\/konvice-caj.png\" alt=\"\" width=\"48\" height=\"48\" \/>   V\u016fn\u011b a chu\u0165:n\u00e1poj vyza\u0159uje plnou, ko\u0159enitou a ovocnou chu\u0165. \u010caj je pova\u017eov\u00e1n za n\u00e1poj p\u0159\u00e1telstv\u00ed a pohostinnosti. Nen\u00ed mo\u017en\u00e9 vkro\u010dit do tureck\u00e9 dom\u00e1cnosti bez toho, \u017ee by v\u00e1m byli nab\u00eddnuty alespo\u0148 dv\u011b sklenice \u010daje. Obvykle \u010daj p\u0159ipravuj\u00ed \u017eeny a je velmi neslu\u0161n\u00e9 \u010daj odm\u00edtnout. Dobrou chu\u0165.<\/p>\n","protected":false},"featured_media":91299,"comment_status":"open","ping_status":"closed","template":"","meta":[],"product_brand":[],"product_cat":[292],"product_tag":[],"class_list":{"0":"post-91281","1":"product","2":"type-product","3":"status-publish","4":"has-post-thumbnail","6":"product_cat-cerny-caj-cisty","8":"first","9":"instock","10":"product-type-variable","11":"has-default-attributes"},"_links":{"self":[{"href":"https:\/\/zelenydrak.cz\/velkoobchod\/wp-json\/wp\/v2\/product\/91281","targetHints":{"allow":["GET"]}}],"collection":[{"href":"https:\/\/zelenydrak.cz\/velkoobchod\/wp-json\/wp\/v2\/product"}],"about":[{"href":"https:\/\/zelenydrak.cz\/velkoobchod\/wp-json\/wp\/v2\/types\/product"}],"replies":[{"embeddable":true,"href":"https:\/\/zelenydrak.cz\/velkoobchod\/wp-json\/wp\/v2\/comments?post=91281"}],"wp:featuredmedia":[{"embeddable":true,"href":"https:\/\/zelenydrak.cz\/velkoobchod\/wp-json\/wp\/v2\/media\/91299"}],"wp:attachment":[{"href":"https:\/\/zelenydrak.cz\/velkoobchod\/wp-json\/wp\/v2\/media?parent=91281"}],"wp:term":[{"taxonomy":"product_brand","embeddable":true,"href":"https:\/\/zelenydrak.cz\/velkoobchod\/wp-json\/wp\/v2\/product_brand?post=91281"},{"taxonomy":"product_cat","embeddable":true,"href":"https:\/\/zelenydrak.cz\/velkoobchod\/wp-json\/wp\/v2\/product_cat?post=91281"},{"taxonomy":"product_tag","embeddable":true,"href":"https:\/\/zelenydrak.cz\/velkoobchod\/wp-json\/wp\/v2\/product_tag?post=91281"}],"curies":[{"name":"wp","href":"https:\/\/api.w.org\/{rel}","templated":true}]}}