{"id":91279,"date":"2025-03-05T08:06:54","date_gmt":"2025-03-05T08:06:54","guid":{"rendered":"https:\/\/zelenydrak.cz\/velkoobchod\/?post_type=product&#038;p=91279"},"modified":"2025-03-05T08:07:02","modified_gmt":"2025-03-05T08:07:02","slug":"earl-grey-cerny-caj","status":"publish","type":"product","link":"https:\/\/zelenydrak.cz\/velkoobchod\/produkt\/earl-grey-cerny-caj\/","title":{"rendered":"EARL GREY &#8211; \u010dern\u00fd \u010daj"},"content":{"rendered":"<h2>EARL GREY &#8211; \u010dern\u00fd \u010daj<\/h2>\n<p>Slo\u017een\u00ed: \u010dern\u00fd \u010daj Ceylon, \u010dern\u00fd \u010daj ji\u017en\u00ed Indie, \u010dern\u00fd \u010daj \u010c\u00edna, bergamotov\u00e1 silice.<\/p>\n<h2>Popis \u010daje:<\/h2>\n<p><p>Pokud jste milovn\u00edci \u010daje pravd\u011bpodobn\u011b jste ji\u017e sly\u0161eli o \u010dern\u00e9m \u010daji Earl Grey. Jedn\u00e1 se o sm\u011bs r\u016fzn\u00fdch \u010d\u00ednsk\u00fdch \u010daj\u016f s p\u0159idan\u00fdm citrusov\u00fdm aroma.<\/p>\n<p><img loading=\"lazy\" decoding=\"async\" style=\"float: left;\" title=\"konvice \u010caj-a-K\u00e1va.cz\" src=\"https:\/\/www.caj-a-kava.cz\/img\/cms\/konvice_zelenydrak.png\" alt=\"konvice \u010caj-a-K\u00e1va.cz\" width=\"100\" height=\"100\" \/><\/p>\n<h2>N\u00e1poj:<\/h2>\n<p>Barva n\u00e1levu Earl Grey \u010daje se hodnot\u00ed nelehce. Z\u00e1le\u017e\u00ed na tom zda \u010daj pijete jako Angli\u010dan nebo jako \u010dajomil. Pokud pijete \u010daj na anglick\u00fd zp\u016fsob (tedy s ml\u00e9kem), barva n\u00e1levu je kakaov\u00e1. V p\u0159\u00edpad\u011b, \u017ee si \u010daj vychutn\u00e1v\u00e1te bez p\u0159\u00edtomnosti ml\u00e9ka, barva n\u00e1levu je jiskrn\u011b medov\u00e1.<\/p>\n<p>\u00a0<\/p>\n<h2>Bergamot v Earl Grey \u010daji<\/h2>\n<p>Nezapomenutelnou v\u016fni a chu\u0165 v Earl Grey \u010daji vytv\u00e1\u0159\u00ed Bergamot\u00a0(lat.\u00a0Citrus bergamia) co\u017e je vo\u0148av\u00e9\u00a0ovoce\u00a0velikosti pomeran\u010de, barvou podobn\u00e9 citronu. Osmdes\u00e1t procent sv\u011btov\u00e9 produkce se p\u011bstuje v ji\u017en\u00ed\u00a0Kal\u00e1brii\u00a0v\u00a0It\u00e1lii. Bergamot je d\u00e1le p\u011bstov\u00e1n v ji\u017en\u00ed\u00a0Francii\u00a0a v\u00a0Pob\u0159e\u017e\u00ed slonoviny\u00a0pro bergamotov\u00fd olej a v\u00a0Antalyi\u00a0v\u00a0Turecku\u00a0na marmel\u00e1du. Bergamotov\u00e9 silice jsou z\u00e1kladem chut\u011b a v\u016fn\u011b pr\u00e1v\u011b \u010daje druhu Earl Grey. Zelen\u00fd Drak se m\u016f\u017ee pochlubit t\u00edm, \u017ee jako jeden z m\u00e1la dodavatel\u016f \u010daje dod\u00e1v\u00e1 Earl Grey nikoli s bergamotovou silic\u00ed, ale prav\u00fdm bergamotov\u00fdm olejem a to u \u010daj\u016f EARL GREY LIMETKA &#8211; DELUX a EARL GREY LADY STAR &#8211; DELUX.\u00a0 \u010caj Earl Grey dostal n\u00e1zev po anglick\u00e9m ministersk\u00e9m p\u0159edsedovi z 19. stolet\u00ed, hrab\u011bti Charlesu Greyovi. Je to \u010daj, kter\u00fd V\u00e1m nab\u00eddne v\u00fdjime\u010dnou v\u016fni, omamuj\u00edc\u00ed chu\u0165 a m\u016f\u017ee b\u00fdt\u00a0Va\u0161\u00edm p\u0159\u00ednosem pro zdrav\u00ed, proto\u017ee je pln p\u0159\u00edrodn\u00edch, biologicky aktivn\u00edch l\u00e1tek.<\/p>\n<p>\u00a0<\/p>\n<h2>P\u0159\u00ednos \u010daje Earl Grey<\/h2>\n<p>Stejn\u011b jako v\u0161echny tradi\u010dn\u00ed \u010daje stejn\u011b tak sypan\u00fd \u010daj Earl Grey poch\u00e1z\u00ed z \u010dajovn\u00edku Camellia sinensis obsahuj\u00edc\u00ed l\u00e1tky, kter\u00e9 pat\u0159\u00ed do skupiny p\u0159\u00edrodn\u00edch l\u00e1tek zvan\u00fdch flavonoidy a flavonoly.\u00a0Listy se su\u0161\u00ed a po fermentaci vyprodukuj\u00ed \u010dern\u00fd \u010daj. Z n\u011bj je d\u00e1le po p\u0159id\u00e1n\u00ed bergamotu vyroben Earl Grey. Proces fermentace podporuje tvorbu dal\u0161\u00edch potenci\u00e1ln\u011b zdrav\u00fdch l\u00e1tek zvan\u00fdch theaflaviny a thearubiginy. \u00a0<\/p>\n<p>\u00a0<\/p>\n<h2>Earl Grey a tein<\/h2>\n<p>\u010cern\u00fd \u010daj Earl Grey, je obecn\u011b pova\u017eov\u00e1n za bezpe\u010dn\u00fd, ale u n\u011bkter\u00fdch jedinc\u016f m\u016f\u017ee zp\u016fsobit m\u00edrnou \u017ealude\u010dn\u00ed nervozitu. Je to d\u00edky kofeinu, kter\u00fd je v \u010daji Earl Grey zastoupen. Ten m\u016f\u017ee vyvolat nervozitu nebo neklid, pokud je konzumov\u00e1n ve velk\u00e9m mno\u017estv\u00ed.<\/p>\n<p>Je nutno podotknout, \u017ee \u00fa\u010dinky n\u00e1mi nab\u00edzen\u00fdch \u010daj\u016f (tedy ani tohoto), nebyly v\u011bdecky testov\u00e1ny.<\/p>\n<p>\u00a0<\/p>\n<p>\u00a0<\/p>\n<h2>EARL GREY &#8211; \u010dern\u00fd \u010daj &#8211; vzhled<\/h2>\n<p><span style=\"line-height: 1.5em;\"><img decoding=\"async\" title=\"EARL GREY - \u010dern\u00fd \u010daj\" src=\"https:\/\/zelenydrak.cz\/img\/cms\/earl_grey.jpg\" alt=\"EARL GREY - \u010dern\u00fd \u010daj\" \/><\/span><\/p>\n<h2 style=\"text-align: right;\"><span style=\"background-color: #99cc00;\"><strong><br \/><\/strong><\/span><\/h2>\n<p>\u00a0<\/p>\n<p>\u00a0<\/p>\n<p>\u00a0<\/p>\n<p>\u00a0<\/p>\n<p>\u00a0<\/p>\n<h2><span style=\"line-height: 1.5em;\">EARL GREY &#8211; \u010dern\u00fd \u010daj &#8211; p\u0159\u00edprava<\/span><\/h2>\n<p><span style=\"line-height: 1.5em;\"><img decoding=\"async\" title=\"EARL GREY - \u010dern\u00fd \u010daj \u2013 p\u0159\u00edprava\" src=\"https:\/\/zelenydrak.cz\/img\/cms\/earl_grey_priprava.jpg\" alt=\"EARL GREY - \u010dern\u00fd \u010daj - p\u0159\u00edprava\" \/><\/span><\/p>\n<p>\u00a0<\/p>\n<p>\u00a0<\/p>\n<p>\u00a0<\/p>\n<p>\u00a0<\/p>\n<p>\u00a0<\/p>\n<h2><span style=\"line-height: 1.5em;\">EARL GREY &#8211; \u010dern\u00fd \u010daj \u2013 n\u00e1lev<\/span><\/h2>\n<p><span style=\"line-height: 1.5em;\"><img decoding=\"async\" title=\"EARL GREY - \u010dern\u00fd \u010daj - n\u00e1lev\" src=\"https:\/\/zelenydrak.cz\/img\/cms\/earl_grey_nalev.jpg\" alt=\"EARL GREY - \u010dern\u00fd \u010daj - n\u00e1lev\" \/><\/span><\/p>\n","protected":false},"excerpt":{"rendered":"<p><img loading=\"lazy\" decoding=\"async\" class=\"size-full wp-image-2970 alignleft\" src=\"https:\/\/zelenydrak.cz\/wp-content\/uploads\/2024\/08\/konvice-caj.png\" alt=\"\" width=\"48\" height=\"48\" \/>   V\u016fn\u011b a chu\u0165:bergamotov\u00e1. Barva n\u00e1levu Earl Grey \u010daje se hodnot\u00ed nelehce. Z\u00e1le\u017e\u00ed na tom zda \u010daj pijete jako Angli\u010dan nebo jako \u010dajomil. Pokud pijete \u010daj na anglick\u00fd zp\u016fsob (tedy s ml\u00e9kem), barva n\u00e1levu je kakaov\u00e1. V p\u0159\u00edpad\u011b, \u017ee si \u010daj vychutn\u00e1v\u00e1te bez p\u0159\u00edtomnosti ml\u00e9ka, barva n\u00e1levu je jiskrn\u011b medov\u00e1.<\/p>\n","protected":false},"featured_media":91295,"comment_status":"open","ping_status":"closed","template":"","meta":[],"product_brand":[],"product_cat":[319],"product_tag":[],"class_list":{"0":"post-91279","1":"product","2":"type-product","3":"status-publish","4":"has-post-thumbnail","6":"product_cat-cerny-caj-ochuceny","8":"first","9":"instock","10":"product-type-variable","11":"has-default-attributes"},"_links":{"self":[{"href":"https:\/\/zelenydrak.cz\/velkoobchod\/wp-json\/wp\/v2\/product\/91279","targetHints":{"allow":["GET"]}}],"collection":[{"href":"https:\/\/zelenydrak.cz\/velkoobchod\/wp-json\/wp\/v2\/product"}],"about":[{"href":"https:\/\/zelenydrak.cz\/velkoobchod\/wp-json\/wp\/v2\/types\/product"}],"replies":[{"embeddable":true,"href":"https:\/\/zelenydrak.cz\/velkoobchod\/wp-json\/wp\/v2\/comments?post=91279"}],"wp:featuredmedia":[{"embeddable":true,"href":"https:\/\/zelenydrak.cz\/velkoobchod\/wp-json\/wp\/v2\/media\/91295"}],"wp:attachment":[{"href":"https:\/\/zelenydrak.cz\/velkoobchod\/wp-json\/wp\/v2\/media?parent=91279"}],"wp:term":[{"taxonomy":"product_brand","embeddable":true,"href":"https:\/\/zelenydrak.cz\/velkoobchod\/wp-json\/wp\/v2\/product_brand?post=91279"},{"taxonomy":"product_cat","embeddable":true,"href":"https:\/\/zelenydrak.cz\/velkoobchod\/wp-json\/wp\/v2\/product_cat?post=91279"},{"taxonomy":"product_tag","embeddable":true,"href":"https:\/\/zelenydrak.cz\/velkoobchod\/wp-json\/wp\/v2\/product_tag?post=91279"}],"curies":[{"name":"wp","href":"https:\/\/api.w.org\/{rel}","templated":true}]}}