{"id":91244,"date":"2025-03-05T08:06:46","date_gmt":"2025-03-05T08:06:46","guid":{"rendered":"https:\/\/zelenydrak.cz\/velkoobchod\/?post_type=product&#038;p=91244"},"modified":"2025-03-05T08:06:53","modified_gmt":"2025-03-05T08:06:53","slug":"pan-vanilka-rooibos-caj","status":"publish","type":"product","link":"https:\/\/zelenydrak.cz\/velkoobchod\/produkt\/pan-vanilka-rooibos-caj\/","title":{"rendered":"PAN VANILKA &#8211; rooibos \u010daj"},"content":{"rendered":"<h2>PAN VANILKA &#8211; rooibos \u010daj<\/h2>\n<p>Slo\u017een\u00ed: rooibos (min.80%), ryb\u00edz, kandovan\u00e9 kousky ananasu (ananas,cukr), kandovan\u00e9 kousky pap\u00e1ji (pap\u00e1ja, cukr), aroma, l\u00edstky slune\u010dnice, kousky vanilky.<\/p>\n<h2><span style=\"font-size: 18px; font-weight: normal; line-height: 1.5em;\">Popis \u010daje:<\/span><\/h2>\n<p><p>Pan Vanilka je rooibos \u010daj s intenzivn\u00ed chut\u00ed vanilky. Rooibos Pan Vanilka dok\u00e1\u017ee vykouzlit \u00fasm\u011bv na tv\u00e1\u0159i d\u00edky l\u00edstk\u016fm slune\u010dnice, kter\u00e9 mimo jin\u00e9 obsahuje. Dod\u00e1 V\u00e1m energii a vitam\u00edny na kter\u00fdch si opravdu pochutn\u00e1te. Vanilka v \u010daji rozbou\u0159\u00ed Va\u0161e smysly, vyd\u00e1v\u00e1 skv\u011blou v\u016fni, je\u017e je zn\u00e1m\u00e1 mnoha lidem z jejich d\u011btstv\u00ed a um\u00ed jejich pocity ve zlomku vte\u0159iny zm\u011bnit na ty nejp\u0159\u00edjemn\u011bj\u0161\u00ed. Vanilka je ko\u0159en\u00edm n\u011b\u017enosti, tepla, smyslnosti a kreativity. Doporu\u010duje se lidem, kte\u0159\u00ed ztratili kontakt ke sv\u00e9 du\u0161i. D\u00e1le \u010daj\u00edk obsahuje ryb\u00edz, kandovan\u00e9 kousky ananasu a kandovan\u00e9 kousky pap\u00e1ji.<\/p>\n<p><img loading=\"lazy\" decoding=\"async\" style=\"float: left;\" title=\"konvice \u010caj-a-K\u00e1va.cz\" src=\"https:\/\/www.caj-a-kava.cz\/img\/cms\/konvice_zelenydrak.png\" alt=\"konvice \u010caj-a-K\u00e1va.cz\" width=\"100\" height=\"100\" \/><\/p>\n<h2>N\u00e1poj:<\/h2>\n<p>N\u00e1lev z rooibosu Pan Vanilka je pr\u016fzra\u010dn\u011b \u010derven\u00fd s chut\u00ed vanilky. Po zalit\u00ed provon\u00ed cel\u00fd d\u016fm. V chuti \u010daje je ov\u0161em ponejv\u00edce zastoupen rooibos o kter\u00e9m si n\u011bco pov\u00edme.<\/p>\n<p>\u00a0<\/p>\n<h2>Rooibos<\/h2>\n<p><span style=\"line-height: 1.5em;\">Obyvatel\u00e9 Afriky se domn\u00edvaj\u00ed, \u017ee Rooibos \u010daj nebo tak\u00e9 \u010derven\u00fd \u010daj Red Bush je l\u00e9\u010div\u00fd bylinn\u00fd n\u00e1poj, kter\u00fd se z\u00edsk\u00e1v\u00e1 z rostlinky (ke\u0159\u00edku) s botanick\u00fdm n\u00e1zvem Aspalathus linearis &#8211; \u010dajovn\u00edkovec kapsk\u00fd pat\u0159\u00edc\u00ed do \u010deledi bobovit\u00fdch. Je to voln\u011b rostouc\u00ed bylina, kter\u00e1 se vyskytuje v Ji\u017en\u00ed Africe. Je pravdou, \u017ee rooibos nen\u00ed prav\u00fd \u010daj i kdy\u017e n\u00e1zev nasv\u011bd\u010duje, \u017ee by tomu tak mohlo b\u00fdt. Je to \u010daj &#8211; ne\u010daj (bylinka), kterou lze fermentovat a t\u00edm z\u00edskat onu zm\u00edn\u011bnou \u010dervenou barvu. Fermentovan\u00fd rooibos \u010daj m\u00e1 \u010dervenou barvu a nefermentovan\u00fd z\u016fst\u00e1v\u00e1 v p\u0159\u00edrozen\u00e9 zelen\u00e9.<\/span><\/p>\n<p>K p\u0159\u00edprav\u011b zdrav\u00e9ho bylinkov\u00e9ho \u010daje z rooibosu lid\u00e9 z Ji\u017en\u00ed Afriky\u00a0pou\u017e\u00edvaj\u00ed jeho jehlicovit\u00e9 listy a stonky. Rooibos v Ji\u017en\u00ed Africe je popul\u00e1rn\u00ed n\u00e1poj, obvykle p\u0159ipravovan\u00fd s citronem a cukrem.\u00a0Popt\u00e1vka po Rooibosu se mezi zdravotn\u011b sm\u00fd\u0161lej\u00edc\u00edmi spot\u0159ebiteli ve Spojen\u00fdch st\u00e1tech a dal\u0161\u00edch zem\u00edch zvy\u0161uje. Je to d\u00e1no kv\u016fli m\u00edrn\u00e9 a p\u0159\u00edjemn\u00e9 chuti, unik\u00e1tn\u00edmu aroma a potencion\u00e1ln\u00edch, zdrav\u00ed prosp\u011b\u0161n\u00fdch vlastnost\u00ed rooibosu.\u00a0Rooibos \u010daj je bez kofeinu a m\u016f\u017ee m\u00edt\u00a0ni\u017e\u0161\u00ed hladinu taninu ne\u017e zelen\u00fd \u010daj. Je velmi dob\u0159e sn\u00e1\u0161en a lid\u00e9 z Afriky jej\u00a0doporu\u010duj\u00ed\u00a0pro t\u011bhotn\u00e9 a koj\u00edc\u00ed \u017eeny jako kvalitn\u00ed n\u00e1poj.<\/p>\n<p>\u00a0<\/p>\n<h2>&nbsp;<\/h2>\n<h2>Rooibos a d\u011bti<\/h2>\n<p> Auto\u0159i studie rooibosu dosp\u011bli k z\u00e1v\u011bru, \u017ee b\u011b\u017en\u00e9 pit\u00ed \u010daje Rooibos je bezpe\u010dn\u00e9 a u\u017eite\u010dn\u00e9 jak u dosp\u011bl\u00edch tak u d\u011bt\u00ed.<\/p>\n<p>\u00a0<\/p>\n<h2>PAN VANILKA rooibos \u010daj &#8211; vzhled<\/h2>\n<p><span style=\"line-height: 1.5em;\"><img loading=\"lazy\" decoding=\"async\" title=\"PAN VANILKA - rooibos \u010daj\" src=\"https:\/\/www.zelenydrak.cz\/img\/cms\/pan_vanilka.jpg\" alt=\"PAN VANILKA - rooibos \u010daj\" width=\"850\" height=\"504\" \/><\/span><\/p>\n<h2 style=\"text-align: right;\"><span style=\"background-color: #99cc00;\"><strong><br \/><\/strong><\/span><\/h2>\n<p>\u00a0<\/p>\n<p>\u00a0<\/p>\n<p>\u00a0<\/p>\n<p>\u00a0<\/p>\n<p>\u00a0<\/p>\n<h2><span style=\"line-height: 1.5em;\">PAN VANILKA rooibos \u010daj &#8211; p\u0159\u00edprava<\/span><\/h2>\n<p><span style=\"line-height: 1.5em;\"><img loading=\"lazy\" decoding=\"async\" title=\"PAN VANILKA - rooibos \u010daj \u2013 p\u0159\u00edprava\" src=\"https:\/\/www.zelenydrak.cz\/img\/cms\/caj_t\u00fddne_pan_vanilka_priprava.jpg\" alt=\"PAN VANILKA - rooibos \u010daj - p\u0159\u00edprava\" width=\"850\" height=\"504\" \/><\/span><\/p>\n<p>\u00a0<\/p>\n<p>\u00a0<\/p>\n<p>\u00a0<\/p>\n<p>\u00a0<\/p>\n<p>\u00a0<\/p>\n<h2><span style=\"line-height: 1.5em;\">PAN VANILKA rooibos \u010daj &#8211; n\u00e1lev<\/span><\/h2>\n<p><span style=\"line-height: 1.5em;\"><img loading=\"lazy\" decoding=\"async\" title=\"PAN VANILKA - rooibos \u010daj - n\u00e1lev\" src=\"https:\/\/www.zelenydrak.cz\/img\/cms\/caj_t\u00fddne_pan_vanilka_nalev.jpg\" alt=\"PAN VANILKA - rooibos \u010daj - n\u00e1lev\" width=\"850\" height=\"504\" \/><\/span><\/p>\n","protected":false},"excerpt":{"rendered":"<p><img loading=\"lazy\" decoding=\"async\" class=\"size-full wp-image-2970 alignleft\" src=\"https:\/\/zelenydrak.cz\/wp-content\/uploads\/2024\/08\/konvice-caj.png\" alt=\"\" width=\"48\" height=\"48\" \/>   V\u016fn\u011b a chu\u0165:n\u011b\u017en\u00e9 vanilky. Pan Vanilka je sypan\u00fd rooibos s intenzivn\u00ed chut\u00ed vanilky. Rooibos Pan Vanilka dok\u00e1\u017ee vykouzlit \u00fasm\u011bv na tv\u00e1\u0159i d\u00edky l\u00edstk\u016fm slune\u010dnice, kter\u00e9 mimo jin\u00e9 obsahuje. Dod\u00e1 V\u00e1m energii a vitam\u00edny na kter\u00fdch si opravdu pochutn\u00e1te. Vanilka v \u010daji rozbou\u0159\u00ed Va\u0161e smysly, vyd\u00e1v\u00e1 skv\u011blou v\u016fni, je\u017e je zn\u00e1m\u00e1 mnoha lidem z jejich d\u011btstv\u00ed a um\u00ed jejich pocity ve zlomku vte\u0159iny zm\u011bnit na ty nejp\u0159\u00edjemn\u011bj\u0161\u00ed. Vanilka je ko\u0159en\u00edm n\u011b\u017enosti, tepla, smyslnosti a kreativity. Doporu\u010duje se lidem, kte\u0159\u00ed ztratili kontakt ke sv\u00e9 du\u0161i. D\u00e1le \u010daj\u00edk obsahuje ryb\u00edz, kandovan\u00e9 kousky ananasu a kandovan\u00e9 kousky pap\u00e1ji.<\/p>\n","protected":false},"featured_media":91273,"comment_status":"open","ping_status":"closed","template":"","meta":[],"product_brand":[],"product_cat":[313],"product_tag":[],"class_list":{"0":"post-91244","1":"product","2":"type-product","3":"status-publish","4":"has-post-thumbnail","6":"product_cat-rooibos","8":"first","9":"instock","10":"product-type-variable","11":"has-default-attributes"},"_links":{"self":[{"href":"https:\/\/zelenydrak.cz\/velkoobchod\/wp-json\/wp\/v2\/product\/91244","targetHints":{"allow":["GET"]}}],"collection":[{"href":"https:\/\/zelenydrak.cz\/velkoobchod\/wp-json\/wp\/v2\/product"}],"about":[{"href":"https:\/\/zelenydrak.cz\/velkoobchod\/wp-json\/wp\/v2\/types\/product"}],"replies":[{"embeddable":true,"href":"https:\/\/zelenydrak.cz\/velkoobchod\/wp-json\/wp\/v2\/comments?post=91244"}],"wp:featuredmedia":[{"embeddable":true,"href":"https:\/\/zelenydrak.cz\/velkoobchod\/wp-json\/wp\/v2\/media\/91273"}],"wp:attachment":[{"href":"https:\/\/zelenydrak.cz\/velkoobchod\/wp-json\/wp\/v2\/media?parent=91244"}],"wp:term":[{"taxonomy":"product_brand","embeddable":true,"href":"https:\/\/zelenydrak.cz\/velkoobchod\/wp-json\/wp\/v2\/product_brand?post=91244"},{"taxonomy":"product_cat","embeddable":true,"href":"https:\/\/zelenydrak.cz\/velkoobchod\/wp-json\/wp\/v2\/product_cat?post=91244"},{"taxonomy":"product_tag","embeddable":true,"href":"https:\/\/zelenydrak.cz\/velkoobchod\/wp-json\/wp\/v2\/product_tag?post=91244"}],"curies":[{"name":"wp","href":"https:\/\/api.w.org\/{rel}","templated":true}]}}