{"id":91240,"date":"2025-03-05T08:06:46","date_gmt":"2025-03-05T08:06:46","guid":{"rendered":"https:\/\/zelenydrak.cz\/velkoobchod\/?post_type=product&#038;p=91240"},"modified":"2025-03-05T08:06:53","modified_gmt":"2025-03-05T08:06:53","slug":"earl-grey-lady-star-delux-cerny-caj","status":"publish","type":"product","link":"https:\/\/zelenydrak.cz\/velkoobchod\/produkt\/earl-grey-lady-star-delux-cerny-caj\/","title":{"rendered":"EARL GREY  LADY STAR &#8211; DELUX &#8211; \u010dern\u00fd \u010daj"},"content":{"rendered":"<h2>EARL GREY  LADY STAR &#8211; DELUX &#8211; \u010dern\u00fd \u010daj<\/h2>\n<p>Slo\u017een\u00ed: \u010dern\u00fd \u010daj Ceylon, ji\u017en\u00ed Indie, \u010c\u00edna, citronov\u00e1 k\u016fra ,pomeran\u010dov\u00e1 k\u016fra, p\u0159\u00edrodn\u00ed aroma, bergamotov\u00fd granul\u00e1t (pomeran\u010dov\u00fd d\u017eus koncentr\u00e1t, pomeran\u010dov\u00e1 du\u017eina, bergamotov\u00fd olej), okv\u011btn\u00ed l\u00edstky chrpy.<\/p>\n<p><p><img decoding=\"async\" src=\"https:\/\/caj-a-kava.cz\/obrazky\/uvod\/dobalouhovani\/cerny_caj.jpg\" alt=\"Prodej \u010dern\u00e9ho \u010daje. P\u0159\u00edprava \u010daje od Zelen\u00fd Drak \u010daj a k\u00e1va\" \/>\u00a0<\/p>\n","protected":false},"excerpt":{"rendered":"<p><img loading=\"lazy\" decoding=\"async\" class=\"size-full wp-image-2970 alignleft\" src=\"https:\/\/zelenydrak.cz\/wp-content\/uploads\/2024\/08\/konvice-caj.png\" alt=\"\" width=\"48\" height=\"48\" \/>   V\u016fn\u011b a chu\u0165: velmi lahodn\u00fd \u010daj s chut\u00ed citronu a bergamotu. Jak zn\u00e1mo, je anglick\u00fd \u010daj Earl Grey (\u0160ed\u00fd lord) v\u017edy ochucen pouze bergamotovou silic\u00ed. My jsme \u0161li je\u0161t\u011b o kousek d\u00e1l a doplnili jsme jej ovocem a prav\u00fdm bergamotov\u00fdm olejem.<\/p>\n","protected":false},"featured_media":91265,"comment_status":"open","ping_status":"closed","template":"","meta":[],"product_brand":[],"product_cat":[319],"product_tag":[],"class_list":{"0":"post-91240","1":"product","2":"type-product","3":"status-publish","4":"has-post-thumbnail","6":"product_cat-cerny-caj-ochuceny","8":"first","9":"instock","10":"product-type-variable","11":"has-default-attributes"},"_links":{"self":[{"href":"https:\/\/zelenydrak.cz\/velkoobchod\/wp-json\/wp\/v2\/product\/91240","targetHints":{"allow":["GET"]}}],"collection":[{"href":"https:\/\/zelenydrak.cz\/velkoobchod\/wp-json\/wp\/v2\/product"}],"about":[{"href":"https:\/\/zelenydrak.cz\/velkoobchod\/wp-json\/wp\/v2\/types\/product"}],"replies":[{"embeddable":true,"href":"https:\/\/zelenydrak.cz\/velkoobchod\/wp-json\/wp\/v2\/comments?post=91240"}],"wp:featuredmedia":[{"embeddable":true,"href":"https:\/\/zelenydrak.cz\/velkoobchod\/wp-json\/wp\/v2\/media\/91265"}],"wp:attachment":[{"href":"https:\/\/zelenydrak.cz\/velkoobchod\/wp-json\/wp\/v2\/media?parent=91240"}],"wp:term":[{"taxonomy":"product_brand","embeddable":true,"href":"https:\/\/zelenydrak.cz\/velkoobchod\/wp-json\/wp\/v2\/product_brand?post=91240"},{"taxonomy":"product_cat","embeddable":true,"href":"https:\/\/zelenydrak.cz\/velkoobchod\/wp-json\/wp\/v2\/product_cat?post=91240"},{"taxonomy":"product_tag","embeddable":true,"href":"https:\/\/zelenydrak.cz\/velkoobchod\/wp-json\/wp\/v2\/product_tag?post=91240"}],"curies":[{"name":"wp","href":"https:\/\/api.w.org\/{rel}","templated":true}]}}