{"id":91239,"date":"2025-03-05T08:06:46","date_gmt":"2025-03-05T08:06:46","guid":{"rendered":"https:\/\/zelenydrak.cz\/velkoobchod\/?post_type=product&#038;p=91239"},"modified":"2025-03-05T08:06:53","modified_gmt":"2025-03-05T08:06:53","slug":"oolong-fik-oolong-caj","status":"publish","type":"product","link":"https:\/\/zelenydrak.cz\/velkoobchod\/produkt\/oolong-fik-oolong-caj\/","title":{"rendered":"OOLONG F\u00cdK &#8211; oolong \u010daj"},"content":{"rendered":"<h2>OOLONG F\u00cdK &#8211; oolong \u010daj<\/h2>\n<p>Slo\u017een\u00ed: nov\u00e9 p\u0159\u00edsady, Oolong \u010daj (80%), kousky datl\u00ed (datle, r\u00fd\u017eov\u00e1 mouka), kv\u011bty gran\u00e1tov\u00e9ho jablka, aroma, pl\u00e1tky f\u00edk\u016f (2%), kv\u011bty slune\u010dnice.<\/p>\n<p><h2>Oolong \u010daj.<\/h2>\n<\/p>\n<p><strong>Tak lahodn\u011b chutn\u00e1 zlat\u00fd st\u0159ed. Oolong \u010daj. <\/strong><\/p>\n<p>N\u011bkdy je st\u0159edn\u00ed cesta nejlahodn\u011bj\u0161\u00ed. To potvrd\u00ed p\u0159edev\u0161\u00edm p\u0159\u00edznivci Oolong \u010daje. Chu\u0165ov\u011b i v\u00fdrobou p\u0159edstavuj\u00ed kompromis mezi zelen\u00fdm a \u010dern\u00fdm \u010dajem.<\/p>\n<p><h2>Um\u011bn\u00ed perfektn\u00edho na\u010dasov\u00e1n\u00ed.<\/h2>\n<\/p>\n<p>P\u0159elo\u017een\u011b znamen\u00e1 \u201eOolong\u201c \u201e\u010dern\u00fd drak\u201c nebo\u201e\u010dern\u00fd had\u201c. Legenda prav\u00ed: \u010dajov\u00e9ho plant\u00e1\u017en\u00edka p\u0159i su\u0161en\u00ed \u010dajov\u00fdch l\u00edstk\u016f vyd\u011bsil \u010dern\u00fd had. Plant\u00e1\u017en\u00edk vyd\u011b\u0161en t\u00edmto \u010dern\u00fdm hadem vzal do zaje\u010d\u00edch. Kdy\u017e po n\u011bkolika dnech z\u00edskal odvahu, vr\u00e1tit se zp\u011bt k rostlin\u011b, nalezl listy rostlin v dokonal\u00e9m st\u00e1diu fermentace. V\u00fdsledek: fascinuj\u00edc\u00ed n\u00e1poj.<\/p>\n<p><h2>P\u0159i v\u00fdrob\u011b \u010daje Oolong je doba fermentace p\u0159esn\u011b vymezena.<\/h2>\n<\/p>\n<p>Fermentace je del\u0161\u00ed ne\u017e u zelen\u00e9ho, krat\u0161\u00ed ne\u017e u \u010dern\u00e9ho \u010daje. Je um\u011bn\u00edm vystihnout dobu vhodnou pro vytvo\u0159en\u00ed m\u011bd\u011bn\u011b zbarven\u00fdch list\u016f a zastavit proces fermentace pros\u0159ednictv\u00edm p\u00e1ry nebo pra\u017een\u00edm. Obsahem kofeinu se Oolong pohybuje mezi zelen\u00fdm a \u010dern\u00fdm \u010dajem. Paleta v\u016fn\u00ed se rozprost\u00edr\u00e1 od ovocn\u011b \u2013 kv\u011btinovou po siln\u011b sladovou. V kombinaci s bylinami poskytuje mnoho lahodn\u011b chu\u0165ov\u00fdch variant. Dokonce se d\u00e1 p\u00edt i za studena, nap\u0159. jako ledov\u00fd je Oolong velice obl\u00edben, p\u0159edev\u0161\u00edm v l\u00e9t\u011b.<\/p>\n<p><h2>Znalci mohou \u010dekat, n\u011bkdy i dlouh\u00e9 roky na oolong.<\/h2>\n<\/p>\n<p>Tmav\u00fd Oolong by nem\u011bl b\u00fdt spr\u00e1vn\u011b skladov\u00e1n dlouhou dobu. Opak je ale pravdou. Oolong zpravidla b\u00fdv\u00e1 lep\u0161\u00ed po letech. Jako mnoh\u00e1 v\u00edna, tak i \u010daj rozv\u00edj\u00ed sv\u016fj chu\u0165ov\u00fd potenci\u00e1l teprve \u010dasem. Listy se mus\u00ed od t\u0159et\u00edho roku skladov\u00e1n\u00ed pe\u010dliv\u011b pra\u017eit ka\u017ed\u00fd rok. Star\u0161\u00ed Oolong zpravidla nevylu\u010duje \u017e\u00e1dn\u00fd kofein, a proto je \u0161etrn\u011bj\u0161\u00ed k \u017ealudku.<\/p>\n<p><h2>Spr\u00e1vn\u00e1 p\u0159\u00edprava oolongu:<\/h2>\n<\/p>\n<p>listy p\u0159elejte horkou vodou (95\u00b0 C) a nechte luhovat 3 a\u017e 5 minut. \u010caj Oolong je mo\u017eno p\u0159el\u00edt v\u00edcekr\u00e1t.<\/p>\n<p>\u010clov\u011bk pije \u010daj, aby zapomn\u011bl na hluk sv\u011bta.<\/p>\n<p>(\u010c\u00ednsk\u00e9 p\u0159\u00edslov\u00ed)<\/p>\n<p><img decoding=\"async\" src=\"https:\/\/caj-a-kava.cz\/obrazky\/uvod\/dobalouhovani\/oolong.jpg\" alt=\"Prodej \u017elut\u00e9ho (oolong) \u010daje. P\u0159\u00edprava \u010daje od Zelen\u00fd Drak \u010daj a k\u00e1va\" \/>\u00a0<\/p>\n","protected":false},"excerpt":{"rendered":"<p><img loading=\"lazy\" decoding=\"async\" class=\"size-full wp-image-2970 alignleft\" src=\"https:\/\/zelenydrak.cz\/wp-content\/uploads\/2024\/08\/konvice-caj.png\" alt=\"\" width=\"48\" height=\"48\" \/>   V\u016fn\u011b a chu\u0165: velmi lahodn\u00fd \u010daj s chut\u00ed f\u00edk\u016f. V\u00fdroba oolongu p\u0159edstavuje pouze 2% sv\u011btov\u00e9 produkce, ale stoj\u00ed za to tuto vz\u00e1cnost ochutnat. Oolong kombinuje vlastnosti tmav\u00fdch a zelen\u00fdch \u010daj\u016f a to mu d\u00e1v\u00e1 mu n\u011bkolik zaj\u00edmav\u00fdch zdravotn\u00edch v\u00fdhod.<\/p>\n","protected":false},"featured_media":91263,"comment_status":"open","ping_status":"closed","template":"","meta":[],"product_brand":[],"product_cat":[321],"product_tag":[],"class_list":{"0":"post-91239","1":"product","2":"type-product","3":"status-publish","4":"has-post-thumbnail","6":"product_cat-oolong-caj-ochuceny","8":"first","9":"instock","10":"product-type-variable","11":"has-default-attributes"},"_links":{"self":[{"href":"https:\/\/zelenydrak.cz\/velkoobchod\/wp-json\/wp\/v2\/product\/91239","targetHints":{"allow":["GET"]}}],"collection":[{"href":"https:\/\/zelenydrak.cz\/velkoobchod\/wp-json\/wp\/v2\/product"}],"about":[{"href":"https:\/\/zelenydrak.cz\/velkoobchod\/wp-json\/wp\/v2\/types\/product"}],"replies":[{"embeddable":true,"href":"https:\/\/zelenydrak.cz\/velkoobchod\/wp-json\/wp\/v2\/comments?post=91239"}],"wp:featuredmedia":[{"embeddable":true,"href":"https:\/\/zelenydrak.cz\/velkoobchod\/wp-json\/wp\/v2\/media\/91263"}],"wp:attachment":[{"href":"https:\/\/zelenydrak.cz\/velkoobchod\/wp-json\/wp\/v2\/media?parent=91239"}],"wp:term":[{"taxonomy":"product_brand","embeddable":true,"href":"https:\/\/zelenydrak.cz\/velkoobchod\/wp-json\/wp\/v2\/product_brand?post=91239"},{"taxonomy":"product_cat","embeddable":true,"href":"https:\/\/zelenydrak.cz\/velkoobchod\/wp-json\/wp\/v2\/product_cat?post=91239"},{"taxonomy":"product_tag","embeddable":true,"href":"https:\/\/zelenydrak.cz\/velkoobchod\/wp-json\/wp\/v2\/product_tag?post=91239"}],"curies":[{"name":"wp","href":"https:\/\/api.w.org\/{rel}","templated":true}]}}