{"id":91238,"date":"2025-03-05T08:06:46","date_gmt":"2025-03-05T08:06:46","guid":{"rendered":"https:\/\/zelenydrak.cz\/velkoobchod\/?post_type=product&#038;p=91238"},"modified":"2025-03-05T08:06:53","modified_gmt":"2025-03-05T08:06:53","slug":"puerh-vitaminova-bomba-pravy-cerny-caj","status":"publish","type":"product","link":"https:\/\/zelenydrak.cz\/velkoobchod\/produkt\/puerh-vitaminova-bomba-pravy-cerny-caj\/","title":{"rendered":"PUERH VITAM\u00cdNOV\u00c1 BOMBA  &#8211; prav\u00fd \u010dern\u00fd \u010daj"},"content":{"rendered":"<h2>PUERH VITAM\u00cdNOV\u00c1 BOMBA  &#8211; puerh \u010daj na hubnut\u00ed<\/h2>\n<p>Slo\u017een\u00ed: Puerh, zelen\u00fd \u010daj \u010c\u00edna Sencha, bezinky, pl\u00e1tky jahod, pl\u00e1tky kiwi, cel\u00e9 maliny, cel\u00e9 ostru\u017einy,l\u00edstky chrpy p\u0159\u00edrodn\u00ed aroma. Obsahuje velk\u00e9 mno\u017estv\u00ed vitam\u00ednu C.  Vhodn\u00fd jako ledov\u00fd \u010daj s pl\u00e1tkem citronu a kousky ledu.<\/p>\n<p><h2>Puer \u010daj, Pu-erh \u010daj nebo Pu&#8220;er \u010daj.<\/h2>\n<\/p>\n<p>je fermentovan\u00fd tmav\u00fd \u010daj vyroben\u00fd v provincii Yunnan, \u010c\u00edna. Je vyr\u00e1b\u011bn kva\u0161en\u00edm co\u017e je proces v\u00fdroby, ve kter\u00e9m \u010dajov\u00e9 l\u00edstky proch\u00e1zej\u00ed mikrobi\u00e1ln\u00ed fermentac\u00ed a po oxidaci se vysu\u0161\u00ed a v\u00e1lcuj\u00ed. Tento proces je specialitou z \u010c\u00edny a vyr\u00e1b\u00ed \u010daj zn\u00e1m\u00fd jako Hei Cha, obvykle se p\u0159ekl\u00e1d\u00e1 \u00a0jako tmav\u00fd nebo \u010dern\u00fd \u010daj (tento druh \u010daje je zcela odli\u0161n\u00fd od toho, co v z\u00e1padn\u00edm sv\u011bt\u011b je zn\u00e1mo jako \u00a0&#8222;\u010dern\u00fd \u010daj&#8220;. V \u010c\u00edn\u011b je sp\u00ed\u0161 naz\u00fdv\u00e1n jako &#8222;\u010derven\u00fd \u010daj &#8222;). Nejzn\u00e1m\u011bj\u0161\u00ed odr\u016fda t\u00e9to kategorie \u010daje je Pu-erh z provincie J\u00fcn-nan, pojmenovan\u00fd obchodn\u00edkmi na tmav\u00fd \u010daj v dob\u011b c\u00edsa\u0159sk\u00e9 \u010c\u00edny.<\/p>\n<p><strong>Pu&#8220;er<\/strong> tradi\u010dn\u011b za\u010d\u00edn\u00e1 jako surov\u00fd produkt zn\u00e1m\u00fd jako &#8222;hrub\u00e9&#8220; Mao Cha a m\u016f\u017ee b\u00fdt prod\u00e1v\u00e1n\u00fd v t\u00e9to form\u011b nebo lisovan\u00fd do n\u011bkolika tvar\u016f a prod\u00e1v\u00e1n jako &#8222;surov\u00fd&#8220; Sheng Cha. Ob\u011b z t\u011bchto forem jsou \u00a0pak podrobeny slo\u017eit\u00fdm procesem postupn\u00e9ho kva\u0161en\u00ed a zr\u00e1n\u00ed v \u010dase.<\/p>\n<p>V polovin\u011b roku 1970 v Menghai a Kunming Tea tov\u00e1rn\u00e1ch se vytvo\u0159il nov\u00fd typ <strong>pu-erhu<\/strong>, jeho\u017e legitimita je sporn\u00e1 s tradi\u010dn\u00edmi postupy. Tento proces zahrnuje urychlen\u00e9 kva\u0161en\u00ed do &#8222;zral\u00e9ho&#8220; Shou Cha, kter\u00fd je pak ulo\u017een voln\u011b nebo lisovan\u00fd do r\u016fzn\u00fdch tvar\u016f.<\/p>\n<p>V\u0161echny druhy <strong>pu-erh<\/strong> \u010daje je mo\u017en\u00e9 ulo\u017eit a nechat zr\u00e1t p\u0159ed spot\u0159ebou, co\u017e je d\u016fvod, pro\u010d je \u010dasto ozna\u010den rok a oblast v\u00fdroby.<\/p>\n<p><img decoding=\"async\" src=\"https:\/\/caj-a-kava.cz\/obrazky\/uvod\/dobalouhovani\/puerh.jpg\" alt=\"Prodej ochucen\u00e9ho \u010daje puerh. P\u0159\u00edprava \u010daje od Zelen\u00fd Drak \u010daj a k\u00e1va\" \/>\u00a0<\/p>\n<p>&#8218;<\/p>\n","protected":false},"excerpt":{"rendered":"<p><img loading=\"lazy\" decoding=\"async\" class=\"size-full wp-image-2970 alignleft\" src=\"https:\/\/zelenydrak.cz\/wp-content\/uploads\/2024\/08\/konvice-caj.png\" alt=\"\" width=\"48\" height=\"48\" \/>   V\u016fn\u011b a chu\u0165: exotick\u00e9ho ovoce. Obsahuje velk\u00e9 mno\u017estv\u00ed vitam\u00ednu C.<\/p>\n","protected":false},"featured_media":91260,"comment_status":"open","ping_status":"closed","template":"","meta":[],"product_brand":[],"product_cat":[296],"product_tag":[],"class_list":{"0":"post-91238","1":"product","2":"type-product","3":"status-publish","4":"has-post-thumbnail","6":"product_cat-puerh-caj","8":"first","9":"instock","10":"product-type-variable","11":"has-default-attributes"},"_links":{"self":[{"href":"https:\/\/zelenydrak.cz\/velkoobchod\/wp-json\/wp\/v2\/product\/91238","targetHints":{"allow":["GET"]}}],"collection":[{"href":"https:\/\/zelenydrak.cz\/velkoobchod\/wp-json\/wp\/v2\/product"}],"about":[{"href":"https:\/\/zelenydrak.cz\/velkoobchod\/wp-json\/wp\/v2\/types\/product"}],"replies":[{"embeddable":true,"href":"https:\/\/zelenydrak.cz\/velkoobchod\/wp-json\/wp\/v2\/comments?post=91238"}],"wp:featuredmedia":[{"embeddable":true,"href":"https:\/\/zelenydrak.cz\/velkoobchod\/wp-json\/wp\/v2\/media\/91260"}],"wp:attachment":[{"href":"https:\/\/zelenydrak.cz\/velkoobchod\/wp-json\/wp\/v2\/media?parent=91238"}],"wp:term":[{"taxonomy":"product_brand","embeddable":true,"href":"https:\/\/zelenydrak.cz\/velkoobchod\/wp-json\/wp\/v2\/product_brand?post=91238"},{"taxonomy":"product_cat","embeddable":true,"href":"https:\/\/zelenydrak.cz\/velkoobchod\/wp-json\/wp\/v2\/product_cat?post=91238"},{"taxonomy":"product_tag","embeddable":true,"href":"https:\/\/zelenydrak.cz\/velkoobchod\/wp-json\/wp\/v2\/product_tag?post=91238"}],"curies":[{"name":"wp","href":"https:\/\/api.w.org\/{rel}","templated":true}]}}