{"id":91235,"date":"2025-03-05T08:06:45","date_gmt":"2025-03-05T08:06:45","guid":{"rendered":"https:\/\/zelenydrak.cz\/velkoobchod\/?post_type=product&#038;p=91235"},"modified":"2025-03-05T08:06:53","modified_gmt":"2025-03-05T08:06:53","slug":"samba-cerny-caj","status":"publish","type":"product","link":"https:\/\/zelenydrak.cz\/velkoobchod\/produkt\/samba-cerny-caj\/","title":{"rendered":"SAMBA &#8211; \u010dern\u00fd \u010daj"},"content":{"rendered":"<p>Slo\u017een\u00ed:  Slo\u017een\u00ed: \u010dern\u00fd \u010daj Ceylon, ji\u017en\u00ed Indie a \u010dern\u00fd \u010d\u00ednsk\u00fd \u010daj, zelen\u00fd \u010daj, kousky kandovan\u00e9ho manga (mango, cukr), p\u0159\u00edrodn\u00ed aroma, slune\u010dnice l\u00edstky, kousky vanilky, okv\u011btn\u00ed l\u00edstky chrpy, sv\u011btlice barv\u00ed\u0159sk\u00e1.  <\/p>\n<p><p>\u010caj je mi l\u00e1skou, k\u00e1va v\u00e1\u0161n\u00ed<\/p>\n<p>(LEA)<\/p>\n<p><p><img decoding=\"async\" src=\"http:\/\/caj-a-kava.cz\/obrazky\/uvod\/dobalouhovani\/cerny_caj.jpg\" alt=\"Prodej \u010dern\u00e9ho \u010daje. P\u0159\u00edprava \u010dern\u00e9ho \u010daje od Zelen\u00fd Drak \u010daj a k\u00e1va\" \/><\/p>\n","protected":false},"excerpt":{"rendered":"<p><strong>V\u016fn\u011b a chu\u0165:<\/strong> exotick\u00e9ho ovoce a vanilky.<\/p>\n","protected":false},"featured_media":91254,"comment_status":"open","ping_status":"closed","template":"","meta":[],"product_brand":[],"product_cat":[319],"product_tag":[],"class_list":{"0":"post-91235","1":"product","2":"type-product","3":"status-publish","4":"has-post-thumbnail","6":"product_cat-cerny-caj-ochuceny","8":"first","9":"instock","10":"product-type-variable","11":"has-default-attributes"},"_links":{"self":[{"href":"https:\/\/zelenydrak.cz\/velkoobchod\/wp-json\/wp\/v2\/product\/91235","targetHints":{"allow":["GET"]}}],"collection":[{"href":"https:\/\/zelenydrak.cz\/velkoobchod\/wp-json\/wp\/v2\/product"}],"about":[{"href":"https:\/\/zelenydrak.cz\/velkoobchod\/wp-json\/wp\/v2\/types\/product"}],"replies":[{"embeddable":true,"href":"https:\/\/zelenydrak.cz\/velkoobchod\/wp-json\/wp\/v2\/comments?post=91235"}],"wp:featuredmedia":[{"embeddable":true,"href":"https:\/\/zelenydrak.cz\/velkoobchod\/wp-json\/wp\/v2\/media\/91254"}],"wp:attachment":[{"href":"https:\/\/zelenydrak.cz\/velkoobchod\/wp-json\/wp\/v2\/media?parent=91235"}],"wp:term":[{"taxonomy":"product_brand","embeddable":true,"href":"https:\/\/zelenydrak.cz\/velkoobchod\/wp-json\/wp\/v2\/product_brand?post=91235"},{"taxonomy":"product_cat","embeddable":true,"href":"https:\/\/zelenydrak.cz\/velkoobchod\/wp-json\/wp\/v2\/product_cat?post=91235"},{"taxonomy":"product_tag","embeddable":true,"href":"https:\/\/zelenydrak.cz\/velkoobchod\/wp-json\/wp\/v2\/product_tag?post=91235"}],"curies":[{"name":"wp","href":"https:\/\/api.w.org\/{rel}","templated":true}]}}