{"id":91199,"date":"2025-03-05T08:06:36","date_gmt":"2025-03-05T08:06:36","guid":{"rendered":"https:\/\/zelenydrak.cz\/velkoobchod\/?post_type=product&#038;p=91199"},"modified":"2025-03-05T08:06:45","modified_gmt":"2025-03-05T08:06:45","slug":"vune-orientu-zeleny-caj","status":"publish","type":"product","link":"https:\/\/zelenydrak.cz\/velkoobchod\/produkt\/vune-orientu-zeleny-caj\/","title":{"rendered":"V\u016eN\u011a ORIENTU &#8211; zelen\u00fd \u010daj"},"content":{"rendered":"<p>Slo\u017een\u00ed:   zelen\u00fd \u010daj Sencha \u010c\u00edna (min.50%), citronov\u00e1 tr\u00e1va, kousky z\u00e1zvoru, ban\u00e1nov\u00e9 chipsy (ban\u00e1n, kokosov\u00fd olej, t\u0159tinov\u00fd cukr, med), kousky guavy (arabsk\u00e1 hru\u0161ka), plody kustovnice \u010d\u00ednsk\u00e9 (GOJA), levandule kv\u011bt, p\u0159\u00edrodn\u00ed p\u0159\u00edchu\u0165 broskve. <\/p>\n<p>\u010caj je mi l\u00e1skou, k\u00e1va v\u00e1\u0161n\u00ed<\/p>\n<p>LEA<\/p>\n<p><p><img decoding=\"async\" src=\"http:\/\/caj-a-kava.cz\/obrazky\/uvod\/dobalouhovani\/zeleny_caj_ochuceny.jpg\" alt=\"Prodej zelen\u00e9ho, sypan\u00e9ho \u010daje. P\u0159\u00edprava \u010daje od Zelen\u00fd Drak \u010daj a k\u00e1va\" \/><\/p>\n","protected":false},"excerpt":{"rendered":"<p><strong>V\u016fn\u011b a chu\u0165:<\/strong> hru\u0161ka, broskev a z\u00e1zvor. Orient je pln\u00fd pro n\u00e1s tajemn\u00fdch chut\u00ed a v\u016fn\u00ed. T\u00edmto \u010dajem se sna\u017e\u00edme kouzlo orientu p\u0159en\u00e9st do na\u0161ich domov\u016f.<\/p>\n","protected":false},"featured_media":91227,"comment_status":"open","ping_status":"closed","template":"","meta":[],"product_brand":[],"product_cat":[297],"product_tag":[],"class_list":{"0":"post-91199","1":"product","2":"type-product","3":"status-publish","4":"has-post-thumbnail","6":"product_cat-zeleny-caj-ochuceny","8":"first","9":"instock","10":"product-type-variable","11":"has-default-attributes"},"_links":{"self":[{"href":"https:\/\/zelenydrak.cz\/velkoobchod\/wp-json\/wp\/v2\/product\/91199","targetHints":{"allow":["GET"]}}],"collection":[{"href":"https:\/\/zelenydrak.cz\/velkoobchod\/wp-json\/wp\/v2\/product"}],"about":[{"href":"https:\/\/zelenydrak.cz\/velkoobchod\/wp-json\/wp\/v2\/types\/product"}],"replies":[{"embeddable":true,"href":"https:\/\/zelenydrak.cz\/velkoobchod\/wp-json\/wp\/v2\/comments?post=91199"}],"wp:featuredmedia":[{"embeddable":true,"href":"https:\/\/zelenydrak.cz\/velkoobchod\/wp-json\/wp\/v2\/media\/91227"}],"wp:attachment":[{"href":"https:\/\/zelenydrak.cz\/velkoobchod\/wp-json\/wp\/v2\/media?parent=91199"}],"wp:term":[{"taxonomy":"product_brand","embeddable":true,"href":"https:\/\/zelenydrak.cz\/velkoobchod\/wp-json\/wp\/v2\/product_brand?post=91199"},{"taxonomy":"product_cat","embeddable":true,"href":"https:\/\/zelenydrak.cz\/velkoobchod\/wp-json\/wp\/v2\/product_cat?post=91199"},{"taxonomy":"product_tag","embeddable":true,"href":"https:\/\/zelenydrak.cz\/velkoobchod\/wp-json\/wp\/v2\/product_tag?post=91199"}],"curies":[{"name":"wp","href":"https:\/\/api.w.org\/{rel}","templated":true}]}}