{"id":91198,"date":"2025-03-05T08:06:36","date_gmt":"2025-03-05T08:06:36","guid":{"rendered":"https:\/\/zelenydrak.cz\/velkoobchod\/?post_type=product&#038;p=91198"},"modified":"2025-03-05T08:06:44","modified_gmt":"2025-03-05T08:06:44","slug":"dama-v-ruzovem-zeleny-caj","status":"publish","type":"product","link":"https:\/\/zelenydrak.cz\/velkoobchod\/produkt\/dama-v-ruzovem-zeleny-caj\/","title":{"rendered":"D\u00c1MA V R\u016e\u017dOV\u00c9M &#8211; zelen\u00fd \u010daj"},"content":{"rendered":"<p>Slo\u017een\u00ed:  nov\u00e9 p\u0159\u00edsady: zelen\u00fd \u010daj \u010c\u00edna Sencha, b\u00edl\u00fd \u010daj Pai Mu Tan, citronov\u00e1 tr\u00e1va, citronov\u00e1 k\u016fra, cel\u00e9 maliny, poupata r\u016f\u017e\u00ed, f\u00edkov\u00e9 pl\u00e1tky, p\u0159\u00edrodn\u00ed aroma bergamotu, citronov\u00e9 kousky. <\/p>\n<p>\u010caj je mi l\u00e1skou, k\u00e1va v\u00e1\u0161n\u00ed<\/p>\n<p>LEA<\/p>\n<p><p><img decoding=\"async\" src=\"http:\/\/caj-a-kava.cz\/obrazky\/uvod\/dobalouhovani\/zeleny_caj_ochuceny.jpg\" alt=\"Prodej zelen\u00e9ho, sypan\u00e9ho \u010daje. P\u0159\u00edprava \u010daje od Zelen\u00fd Drak \u010daj a k\u00e1va\" \/><\/p>\n","protected":false},"excerpt":{"rendered":"<p><strong>V\u016fn\u011b a chu\u0165:<\/strong> malina, citron a bergamot. D\u00e1ma v r\u016f\u017eov\u00e9m je lahodn\u00fd do chut\u00ed maliny a bergamotu lad\u011bn\u00fd zelen\u00fd \u010daj. Je\u0161t\u011b ned\u00e1vno se bergamot p\u0159id\u00e1val pouze do \u010dern\u00fdch \u010daj\u016f. Do zelen\u00e9ho \u010daje jsme jej odv\u00e1\u017en\u011b p\u0159idali a \u010dek\u00e1me, \u017ee si zaslou\u017e\u00ed podobn\u00e9 ovace jako po p\u0159id\u00e1n\u00ed do \u010daje \u010dern\u00e9ho.<\/p>\n","protected":false},"featured_media":91225,"comment_status":"open","ping_status":"closed","template":"","meta":[],"product_brand":[],"product_cat":[297],"product_tag":[],"class_list":{"0":"post-91198","1":"product","2":"type-product","3":"status-publish","4":"has-post-thumbnail","6":"product_cat-zeleny-caj-ochuceny","8":"first","9":"instock","10":"product-type-variable","11":"has-default-attributes"},"_links":{"self":[{"href":"https:\/\/zelenydrak.cz\/velkoobchod\/wp-json\/wp\/v2\/product\/91198","targetHints":{"allow":["GET"]}}],"collection":[{"href":"https:\/\/zelenydrak.cz\/velkoobchod\/wp-json\/wp\/v2\/product"}],"about":[{"href":"https:\/\/zelenydrak.cz\/velkoobchod\/wp-json\/wp\/v2\/types\/product"}],"replies":[{"embeddable":true,"href":"https:\/\/zelenydrak.cz\/velkoobchod\/wp-json\/wp\/v2\/comments?post=91198"}],"wp:featuredmedia":[{"embeddable":true,"href":"https:\/\/zelenydrak.cz\/velkoobchod\/wp-json\/wp\/v2\/media\/91225"}],"wp:attachment":[{"href":"https:\/\/zelenydrak.cz\/velkoobchod\/wp-json\/wp\/v2\/media?parent=91198"}],"wp:term":[{"taxonomy":"product_brand","embeddable":true,"href":"https:\/\/zelenydrak.cz\/velkoobchod\/wp-json\/wp\/v2\/product_brand?post=91198"},{"taxonomy":"product_cat","embeddable":true,"href":"https:\/\/zelenydrak.cz\/velkoobchod\/wp-json\/wp\/v2\/product_cat?post=91198"},{"taxonomy":"product_tag","embeddable":true,"href":"https:\/\/zelenydrak.cz\/velkoobchod\/wp-json\/wp\/v2\/product_tag?post=91198"}],"curies":[{"name":"wp","href":"https:\/\/api.w.org\/{rel}","templated":true}]}}