{"id":91195,"date":"2025-03-05T08:06:36","date_gmt":"2025-03-05T08:06:36","guid":{"rendered":"https:\/\/zelenydrak.cz\/velkoobchod\/?post_type=product&#038;p=91195"},"modified":"2025-03-05T08:06:44","modified_gmt":"2025-03-05T08:06:44","slug":"kvetina-dzungle-zeleny-caj","status":"publish","type":"product","link":"https:\/\/zelenydrak.cz\/velkoobchod\/produkt\/kvetina-dzungle-zeleny-caj\/","title":{"rendered":"KV\u011aTINA D\u017dUNGLE &#8211; zelen\u00fd \u010daj"},"content":{"rendered":"<div class=\"wpb-content-wrapper\"><p>[vc_row][vc_column width=&#8220;1\/2&#8243;][vc_cta h2=&#8220;&#8220;]<\/p>\n<h4>[page_title]<\/h4>\n<p><a href=\"\/produkt-kategorie\/caj\/zeleny-caj\/zeleny-caj-ochuceny\/\">[page_title]<\/a> slo\u017een\u00ed: Sencha zelen\u00fd \u010daj \u010c\u00edna (min.50%), kandovan\u00e9 kousky manga, (mango, cukr), kandovan\u00e9 kousky ananasu (ananas, cukr), citronov\u00e1 tr\u00e1va, p\u0159\u00edrodn\u00ed aroma, \u010dern\u00fd je\u0159\u00e1b bobule, jahodov\u00e9 \u0159ezy, jasm\u00edn, kv\u011bty chrpy, pl\u00e1tky f\u00edku. <\/p>\n<p>[page_title] V\u00e1s hned p\u0159i otev\u0159en\u00ed s\u00e1\u010dku nadchne omamuj\u00edc\u00ed v\u016fn\u00ed jahody, manga a \u010dern\u00e9ho je\u0159\u00e1bu. Tato v\u016fn\u011b se zn\u00e1sob\u00ed jakmile \u010daj zalijeme teplou vodou a nech\u00e1me vylouhovat. Po dvou a\u017e t\u0159ech minutk\u00e1ch louhov\u00e1n\u00ed V\u00e1s \u010daj odm\u011bn\u00ed podmanivou v\u016fn\u00ed a n\u00e1dhernou  barvou n\u00e1levu.[\/vc_cta][vc_column_text text_larger=&#8220;no&#8220;]<\/p>\n<h4><strong>N\u00e1\u0161 zelen\u00fd sypan\u00fd ochucen\u00fd \u010daj.<\/strong><\/h4>\n<p>Zelen\u00e9 sypan\u00e9 \u010daje  Zelen\u00e9ho Draka jsou vyr\u00e1b\u011bny tradi\u010dn\u011b, pe\u010dliv\u011b a z nejlep\u0161\u00edch \u010dajov\u00fdch rostlinek do kter\u00fdch p\u0159id\u00e1v\u00e1me nespo\u010det r\u016fzn\u00fdch druh\u016f ovoce, exotick\u00e9ho ovoce, bylinek a ko\u0159en\u00ed. T\u00edmto vznikaj\u00ed zelen\u00e9 ochucen\u00e9 \u010daje mnoha rozmanit\u00fdch chut\u00ed a v\u016fn\u00ed.  Ze v\u0161ech na\u0161ich zelen\u00fdch, ochucen\u00fdch \u010daj\u016f, jako je  nap\u0159\u00edklad  [page_title]\u00a0\u00a0vznikne po zalit\u00ed teplou vodou poka\u017ed\u00e9 jin\u00fd n\u00e1poj v z\u00e1vislosti na p\u0159idan\u00fdch ingrdienc\u00edch. Je jen na V\u00e1s vybrat  a zamilovat si tu pravou chu\u0165 a v\u016fni.<\/p>\n<h4>Kde se vzal zelen\u00fd \u010daj???<\/h4>\n<p>Zelen\u00fd \u010daj se v \u010c\u00edn\u011b pije ji\u017e p\u0159es 4.500 let. Buddhisti\u010dt\u00ed mnichov\u00e9 ho p\u0159inesli do Japonska. Odsud se dostal v 17. stolet\u00ed do Evropy. Zelen\u00fd a \u010dern\u00fd \u010daj se vyr\u00e1b\u00ed ze stejn\u00e9 rostlinky a to \u010cajovn\u00edku \u010d\u00ednsk\u00e9ho (<em>Camellia sinensis<\/em>\u00a0\u010di t\u00e9\u017e Thea sinensis). Na\u0161e zelen\u00e9 \u010daje si d\u00edky pe\u010dliv\u00e9mu zpracov\u00e1n\u00ed,  zachov\u00e1vaj\u00ed nejen svou barvu, ale i svou zdravou slo\u017eku.<\/p>\n<h4>Zelen\u00fd \u010daj p\u0159esv\u011bd\u010d\u00ed i svou vnit\u0159n\u00ed hodnotou.<\/h4>\n<p>Tradi\u010dn\u00ed medic\u00edna d\u00e1ln\u00e9ho v\u00fdchodu si zelen\u00e9ho \u010daje v\u00e1\u017e\u00ed jako l\u00e9\u010div\u00e9ho prost\u0159edku proti mnoha fyzick\u00fdm a psychick\u00fdm obt\u00ed\u017e\u00edm. <a href=\"https:\/\/zelenydrak.cz\/velkoobchod\/13-zeleny-caj\">Zelen\u00fd \u010daj<\/a>, tak\u0159\u00edkaj\u00edc, o\u010di\u0161\u0165uje du\u0161i. D\u016fvodem je kofein. Nebo\u0165 zelen\u00fd \u010daj obsahuje z\u0159eteln\u011b m\u00e9n\u011b kofeinu ne\u017e \u010dern\u00fd \u010daj. Kombinace kofeinu a katechinu se postar\u00e1 o to, \u017ee v<strong> prvn\u00ed \u0159ad\u011b povzbuzuj\u00ed du\u0161i a mysl,<\/strong> nikoli krevn\u00ed ob\u011bh. Mimochodem: zelen\u00fd \u010daj obsahuje vitam\u00edny A, B, B12, C a d\u016fle\u017eit\u00e9 miner\u00e1ly jako je drasl\u00edk, v\u00e1pn\u00edk nebo fluor. Prok\u00e1z\u00e1n je i vysok\u00fd obsah antioxidant\u016f. O zelen\u00e9m \u010daji se tedy d\u00e1 \u0159\u00edci, \u017ee posiluje imunitn\u00ed syst\u00e9m, prosp\u00edv\u00e1 t\u011blu a odvrac\u00ed infekce.<\/p>\n<h4>Jak velk\u00e9 mno\u017estv\u00ed zelen\u00e9ho \u010daje byste m\u011bli vyp\u00edt?<\/h4>\n<p>Odborn\u00edci doporu\u010duj\u00ed vyp\u00edt dva a\u017e t\u0159i \u0161\u00e1lky zelen\u00e9ho \u010daje denn\u011b, abychom z\u00edskali dostate\u010dnou d\u00e1vku zdrav\u00ed prosp\u011b\u0161n\u00fdch aktivn\u00edch l\u00e1tek. Obecn\u011b se m\u00e1 za to, \u017ee tato d\u00e1vka\u00a0by m\u011bla zahrnovat 240 a\u017e 320 mg polyfenol\u016f.<\/p>\n<h4>A co zelen\u00fd \u010daj a tolik modern\u00ed hubnut\u00ed?<\/h4>\n<p>Zelen\u00fd \u010daj s\u00e1m o sob\u011b nem\u016f\u017ee zp\u016fsobit \u00fabytek na v\u00e1ze \u2013 m\u016f\u017ee pouze ud\u011blat to, \u017ee zp\u016fsob\u00ed deficit kalori\u00ed. Nicm\u00e9n\u011b, zelen\u00fd \u010daj m\u016f\u017ee pomoci v \u00fasil\u00ed hubnut\u00ed t\u00edm, \u017ee se m\u016f\u017ee sn\u00ed\u017eit chu\u0165 k j\u00eddlu a m\u016f\u017ee doj\u00edt ke zv\u00fd\u0161en\u00ed metabolismu. Studie neprok\u00e1zala, jak p\u0159esn\u00e1 denn\u00ed d\u00e1vka zelen\u00e9ho \u010daje, nejl\u00e9pe podpo\u0159\u00ed ztr\u00e1tu hmotnosti. Ov\u0161em\u00a0lid\u00e9 pokou\u0161ej\u00edc\u00ed se zhubnout pij\u00ed\u00a0alespo\u0148 dva a\u017e t\u0159i\u00a0\u0161\u00e1lky zelen\u00e9ho \u010daje denn\u011b. To je i ta hranice, kterou byste nem\u011bli p\u0159ekro\u010dit doporu\u010den\u00fd denn\u00ed p\u0159\u00edjem teinu (kofeinu).<\/p>\n<h4>P\u0159\u00edprava fantastick\u00e9ho zelen\u00e9ho ochucen\u00e9ho \u010daje:<\/h4>\n<p>Na jeden litr \u010daje pou\u017eijeme 12 &#8211; 15g \u010daje. Toto mno\u017estv\u00ed \u010daje je my\u0161leno na velmi siln\u00fd prav\u00fd \u010daj. Pokud m\u00e1me r\u00e1di \u010daje jemn\u011bj\u0161\u00ed, d\u00e1vkov\u00e1n\u00ed uprav\u00edme na polovinu. Vodu p\u0159eva\u0159\u00edme a nech\u00e1me zhruba 2-3 minutky vychladnout aby voda m\u011bla kolem 60 &#8211; 70\u00b0C. Takto je to ofici\u00e1ln\u00ed.<\/p>\n<p><strong>Podle Zelen\u00e9ho Draka je v\u0161ak mo\u017en\u00e9<\/strong> (a na V\u00e1s ponech\u00e1me zda lep\u0161\u00ed) nejprve nal\u00edt studenou vodu na \u010daj. Pokuste se pou\u017e\u00edvat kvalitn\u00ed vodu. Nekvalitn\u00ed voda dok\u00e1\u017ee ud\u011blat z jak\u00e9hokoli \u010daje ne\u010daj. Nalit\u00edm studen\u00e9 vody na \u010daj doc\u00edl\u00edme toho, \u017ee se \u010dajov\u00e9 l\u00edstky nepop\u00e1l\u00ed. Ono toti\u017e i 60 \u00b0C tepl\u00e1 voda dok\u00e1\u017ee pop\u00e1lit \u010dlov\u011bka, nato\u017e \u010daj.<\/p>\n<p>Studen\u00e9 vody nal\u00e9v\u00e1me v\u017edy maxim\u00e1ln\u011b 1\/4 n\u00e1doby v kter\u00e9 \u010daj p\u0159ipravujeme. Ihned pot\u00e9 nalijeme v\u0159elou vodu a nech\u00e1me 2-3 minuty louhovat. Zp\u016fsob p\u0159\u00edpravy je mo\u017en\u00e9 u v\u0161ech zelen\u00fdch \u010daj\u016f Zelen\u00e9ho Draka opakovat. O tomto \u010daji to plat\u00ed t\u00e9\u017e. Snad jen chu\u0165 p\u0159\u00edsad bude m\u00e9n\u011b v\u00fdrazn\u00e1, ale zelen\u00fd \u010daj se d\u00edky jeho kvalit\u011b  bude chovat stejn\u011b jako se chov\u00e1 zelen\u00fd prav\u00fd \u010daj (\u010daj bez p\u0159idan\u00fdch ingredienc\u00ed) to jest, d\u00e1 se n\u011bkolikr\u00e1t vylouhovat. <\/p>\n<p>T\u00edmto zp\u016fsobem p\u0159\u00edpravy si ka\u017ed\u00fd typ zelen\u00e9ho \u010daje zachov\u00e1 svoje specifick\u00e9 \u00fa\u010dinky a jedine\u010dnou chu\u0165.<\/p>\n<p>Zkuste oba dva zp\u016fsoby p\u0159\u00edravy \u010daje nar\u00e1z a napi\u0161te n\u00e1m, kter\u00fd se V\u00e1m zd\u00e1 lep\u0161\u00ed. Budeme r\u00e1di za Va\u0161e zku\u0161enosti.<\/p>\n<p><strong>Tip na letn\u00ed osv\u011b\u017een\u00ed:<\/strong><\/p>\n<p>V letn\u00edm obdob\u00ed p\u0159ipraven\u00fd \u010daj doporu\u010dujeme vychladit, zak\u00e1pnout limetkou a touto ozdobit, pokud m\u00e1me l\u017e\u00edci r\u016f\u017eov\u00e9ho sirupu je to lep\u0161\u00ed. Nezapomeneme na led a m\u00e1me opravdu super letn\u00ed osv\u011b\u017een\u00ed.<\/p>\n<p>\u010caj je mi l\u00e1skou, k\u00e1va v\u00e1\u0161n\u00ed<\/p>\n<p>LEA<\/p>\n<p><p><img decoding=\"async\" src=\"http:\/\/caj-a-kava.cz\/obrazky\/uvod\/dobalouhovani\/zeleny_caj_ochuceny.jpg\" alt=\"Prodej zelen\u00e9ho, sypan\u00e9ho \u010daje. P\u0159\u00edprava \u010daje od Zelen\u00fd Drak \u010daj a k\u00e1va\" \/>[\/vc_column_text][\/vc_column][vc_column width=&#8220;1\/2&#8243;]\t\t<div class=\"promo-banner-wrapper  wd-rs-5d7cfa1009749 \">\n\t\t\t<div id=\"wd-5d7cfa1009749\" class=\"promo-banner  banner- banner-hover-parallax color-scheme-dark banner-btn-size-default banner-btn-style-default banner-increased-padding  wd-with-link wd-underline-colored\">\n\t\t\t\t<div class=\"main-wrapp-img\">\n\t\t\t\t\t<div class=\"banner-image wd-bg-position-center\" >\n\t\t\t\t\t\t\t\t\t\t\t<\/div>\n\t\t\t\t<\/div>\n\n\t\t\t\t<div class=\"wrapper-content-banner wd-fill  wd-items-top wd-justify-center\">\n\t\t\t\t\t<div class=\"content-banner  text-center\">\n\t\t\t\t\t\t\t\t\t\t\t\t\n\t\t\t\t\t\t\n\t\t\t\t\t\t\t\t\t\t\t<\/div>\n\t\t\t\t<\/div>\n\n\t\t\t\t\t\t\t\t\t<a class=\"wd-promo-banner-link wd-fill\" aria-label=\"Banner link\" href=\"\/doprava-zdarma\/\" title=\"\"><\/a>\n\t\t\t\t\n\t\t\t\t\t\t\t<\/div>\n\t\t<\/div>\n\n\t\t[vc_empty_space woodmart_hide_large=&#8220;0&#8243; woodmart_hide_medium=&#8220;0&#8243; woodmart_hide_small=&#8220;0&#8243; woodmart_hide_extra_small=&#8220;0&#8243;][vc_hoverbox image=&#8220;49568&#8243; primary_title=&#8220;P\u0159edplatn\u00e9 \u010daj\u016f a k\u00e1vy&#8220; primary_align=&#8220;left&#8220; hover_title=&#8220;\u010caj nebo k\u00e1vu objedn\u00e1te pouze jednou&#8220;]M\u00e1te mnoho starost\u00ed? Nest\u00edh\u00e1te n\u00e1kupy? Va\u0161\u00ed p\u0159\u00e1tel\u00e9 z\u016fst\u00e1vaj\u00ed nepoho\u0161t\u011bn\u00ed? <strong>ANO?<\/strong> NEZOUFEJTE<\/p>\n<p>Poho\u0161t\u011bn\u00ed nechte na n\u00e1s. Vyberte si pouze jakou frekvenci a mno\u017estv\u00ed \u010daje od n\u00e1s chcete dost\u00e1vat a my u\u017e v\u0161e ostatn\u00ed za\u0159\u00edd\u00edme.[\/vc_hoverbox][vc_empty_space woodmart_hide_large=&#8220;0&#8243; woodmart_hide_medium=&#8220;0&#8243; woodmart_hide_small=&#8220;0&#8243; woodmart_hide_extra_small=&#8220;0&#8243;] [\/vc_column][\/vc_row]<\/p>\n<\/div>","protected":false},"excerpt":{"rendered":"<p><strong>V\u016fn\u011b a chu\u0165:<\/strong> jahoda, mango a \u010dern\u00fd je\u0159\u00e1b. Pokud jste nikdy nevon\u011bli ke kv\u011btin\u00e1m v d\u017eungli, pit\u00edm tohoto \u010daje si ud\u011bl\u00e1te p\u0159edstavu, jak asi mohou kv\u011btiny z d\u017eungle von\u011bt.<\/p>\n","protected":false},"featured_media":91219,"comment_status":"open","ping_status":"closed","template":"","meta":[],"product_brand":[],"product_cat":[297],"product_tag":[],"class_list":{"0":"post-91195","1":"product","2":"type-product","3":"status-publish","4":"has-post-thumbnail","6":"product_cat-zeleny-caj-ochuceny","8":"first","9":"instock","10":"product-type-variable","11":"has-default-attributes"},"_links":{"self":[{"href":"https:\/\/zelenydrak.cz\/velkoobchod\/wp-json\/wp\/v2\/product\/91195","targetHints":{"allow":["GET"]}}],"collection":[{"href":"https:\/\/zelenydrak.cz\/velkoobchod\/wp-json\/wp\/v2\/product"}],"about":[{"href":"https:\/\/zelenydrak.cz\/velkoobchod\/wp-json\/wp\/v2\/types\/product"}],"replies":[{"embeddable":true,"href":"https:\/\/zelenydrak.cz\/velkoobchod\/wp-json\/wp\/v2\/comments?post=91195"}],"wp:featuredmedia":[{"embeddable":true,"href":"https:\/\/zelenydrak.cz\/velkoobchod\/wp-json\/wp\/v2\/media\/91219"}],"wp:attachment":[{"href":"https:\/\/zelenydrak.cz\/velkoobchod\/wp-json\/wp\/v2\/media?parent=91195"}],"wp:term":[{"taxonomy":"product_brand","embeddable":true,"href":"https:\/\/zelenydrak.cz\/velkoobchod\/wp-json\/wp\/v2\/product_brand?post=91195"},{"taxonomy":"product_cat","embeddable":true,"href":"https:\/\/zelenydrak.cz\/velkoobchod\/wp-json\/wp\/v2\/product_cat?post=91195"},{"taxonomy":"product_tag","embeddable":true,"href":"https:\/\/zelenydrak.cz\/velkoobchod\/wp-json\/wp\/v2\/product_tag?post=91195"}],"curies":[{"name":"wp","href":"https:\/\/api.w.org\/{rel}","templated":true}]}}