{"id":91193,"date":"2025-03-05T08:06:36","date_gmt":"2025-03-05T08:06:36","guid":{"rendered":"https:\/\/zelenydrak.cz\/velkoobchod\/?post_type=product&#038;p=91193"},"modified":"2025-03-05T08:06:44","modified_gmt":"2025-03-05T08:06:44","slug":"ranni-polibek-zeleny-sypany-caj","status":"publish","type":"product","link":"https:\/\/zelenydrak.cz\/velkoobchod\/produkt\/ranni-polibek-zeleny-sypany-caj\/","title":{"rendered":"RANN\u00cd POLIBEK &#8211; zelen\u00fd sypan\u00fd \u010daj"},"content":{"rendered":"<h2>RANN\u00cd POLIBEK &#8211; zelen\u00fd \u010daj <\/h2>\n<p>Slo\u017een\u00ed: zelen\u00fd \u010daj \u010c\u00edna Sencha, pomeran\u010dov\u00e9 kousky, kv\u011bty he\u0159m\u00e1nku, jahodov\u00e9 pl\u00e1tky, okv\u011btn\u00ed l\u00edstky slune\u010dnice, \u017elut\u00e9 l\u00edstky m\u011bs\u00ed\u010dku l\u00e9ka\u0159sk\u00e9ho, modr\u00e9 l\u00edstky chrpy, r\u016f\u017eov\u00e1 poupata r\u016f\u017e\u00ed.<\/p>\n<p><strong>Rann\u00ed Polibek \u2013 Zelen\u00fd \u010daj:<\/strong>\u00a0O\u00e1za Pro Va\u0161e R\u00e1no<\/p>\n<p>Ka\u017ed\u00e9 r\u00e1no, kdy\u017e vyraz\u00edme do nov\u00e9ho dne, v n\u00e1s m\u016f\u017ee vzkv\u00e9tat touha po n\u011b\u010dem p\u0159\u00edjemn\u00e9m, povzbuzuj\u00edc\u00edm a povzbudiv\u00e9m. A co lep\u0161\u00edho na start nov\u00e9ho dne, ne\u017e \u0161\u00e1lek \u010daje, kter\u00fd n\u00e1s nejen osv\u011b\u017e\u00ed, ale tak\u00e9 pot\u011b\u0161\u00ed sv\u00fdm neoby\u010dejn\u00fdm aromatick\u00fdch z\u00e1\u017eitkem? Rann\u00ed polibek \u2013 zelen\u00fd \u010daj, je p\u0159esn\u011b t\u00edm, co pot\u0159ebujete, abyste se uvolnili a p\u0159ipravili se na v\u00fdzvy, kter\u00e9 den p\u0159inese.<\/p>\n<h3>Co tvo\u0159\u00ed Rann\u00ed Polibek?<\/h3>\n<p>Tento \u010daj je jedine\u010dn\u00fdm koktejlem ingredienc\u00ed, kter\u00e9 spojuj\u00ed p\u0159\u00edrodu a pot\u011b\u0161en\u00ed. V jeho j\u00e1dru se nach\u00e1z\u00ed sencha, jeden z nejzn\u00e1m\u011bj\u0161\u00edch typ\u016f zelen\u00e9ho \u010daje poch\u00e1zej\u00edc\u00edho z \u010c\u00edny. Jeho sv\u011b\u017e\u00ed, travnat\u00e1 chu\u0165 je dokonal\u00fdm z\u00e1kladem, kter\u00fd dod\u00e1v\u00e1 \u010daji osv\u011b\u017euj\u00edc\u00ed n\u00e1dech. P\u0159idejte k tomu kousky slun\u00ed\u010dkov\u011b \u017elut\u00fdch pomeran\u010d\u016f, a r\u00e1zem se na va\u0161\u00ed chu\u0165ov\u00e9 map\u011b objev\u00ed nov\u00fd rozm\u011br \u2013 sladkost a citrusov\u00e1 sv\u011b\u017eest, kter\u00e9 probud\u00ed va\u0161e smysly.<\/p>\n<p>Ale to nen\u00ed v\u0161echno! Rann\u00ed polibek tak\u00e9 obsahuje jemn\u00e9 kv\u011bty he\u0159m\u00e1nku, kter\u00e9 nejen p\u0159\u00edjemn\u011b von\u00ed, ale tak\u00e9 p\u0159id\u00e1vaj\u00ed uklid\u0148uj\u00edc\u00ed prvek. Tyto mal\u00e9 zlat\u00e9 kv\u00edtky jsou zn\u00e1m\u00e9 sv\u00fdmi blahod\u00e1rn\u00fdmi \u00fa\u010dinky na tr\u00e1ven\u00ed a klidn\u00fd sp\u00e1nek, a t\u00edm se tento \u010daj m\u016f\u017ee st\u00e1t  skv\u011blou sou\u010d\u00e1st\u00ed va\u0161eho rann\u00edho ritu\u00e1lu.<\/p>\n<p>N\u00e1sledn\u011b jsou do sm\u011bsi p\u0159id\u00e1ny lahodn\u00e9 jahodov\u00e9 pl\u00e1tky, kter\u00e9 umoc\u0148uj\u00ed ovocn\u00fd z\u00e1\u017eitek a d\u00e1vaj\u00ed \u010daji p\u0159irozenou sladkost. Vzpom\u00edn\u00e1te na bezstarostn\u00e9 letn\u00ed dny, kdy se jahody sb\u00edraly na pol\u00edch? Rann\u00ed polibek tyto vzpom\u00ednky vyvol\u00e1v\u00e1 a pos\u00edl\u00e1 v\u00e1s na chutnou cestu v \u010dase.<\/p>\n<p>D\u00e1le tu m\u00e1me okv\u011btn\u00ed l\u00edstky slune\u010dnice a kr\u00e1sn\u00e9 modr\u00e9 chrpy, kter\u00e9 nejen\u017ee p\u0159isp\u00edvaj\u00ed ke kr\u00e1sn\u00e9mu vzhledu \u010daje, ale tak\u00e9 obohacuj\u00ed chu\u0165ov\u00fd profil o lehk\u00fd kv\u011btinov\u00fd n\u00e1dech. Je fascinuj\u00edc\u00ed, jak p\u0159\u00edroda dok\u00e1\u017ee m\u00edchat barvy a chut\u011b, aby vytvo\u0159ila um\u011bn\u00ed pro na\u0161e smysly.<\/p>\n<p>Celou skladbu uzav\u00edraj\u00ed r\u016f\u017eov\u00e1 poupata r\u016f\u017e\u00ed a \u017elut\u00e9 l\u00edstky m\u011bs\u00ed\u010dku l\u00e9ka\u0159sk\u00e9ho. Tyto okouzluj\u00edc\u00ed prvky nejen\u017ee dod\u00e1vaj\u00ed \u010daji vizu\u00e1ln\u00ed atraktivitu, ale tak\u00e9 pom\u00e1haj\u00ed rozvinout jeho chu\u0165 do jemn\u00fdch, ale slo\u017eit\u011bj\u0161\u00edch nuanc\u00ed. R\u016f\u017ee p\u0159in\u00e1\u0161\u00ed jemnost a romantiku a m\u011bs\u00ed\u010dek p\u0159id\u00e1v\u00e1 m\u00edrn\u011b ko\u0159en\u011bnou hloubku.<\/p>\n<h3>V\u016fn\u011b a chu\u0165 Rann\u00edho Polibku<\/h3>\n<p>P\u0159esn\u011b jak jeho n\u00e1zev napov\u00edd\u00e1, Rann\u00ed polibek je jako \u0161\u0165avnat\u00fd polibek od slunce. P\u0159edstavte si, \u017ee si  u\u017e\u00edv\u00e1te slune\u010dn\u00e9ho r\u00e1na, zat\u00edmco pop\u00edj\u00edte \u0161\u00e1lek \u010daje pln\u00e9ho v\u016fn\u00ed.<\/p>\n<p> Prvn\u00ed dojem, jakmile otev\u0159ete balen\u00ed \u010daje, je okouzluj\u00edc\u00ed aroma jahod, citrus\u016f a lehk\u00fdch kv\u011btinov\u00fdch t\u00f3n\u016f. To je v\u00e1\u0161 d\u016fvod se usm\u00e1t u\u017e od prvn\u00edho okam\u017eiku sezn\u00e1men\u00ed se s \u010dajem.<\/p>\n<p>Kdy\u017e si p\u0159iprav\u00edte \u0161\u00e1lek, na povrch se vznese uklid\u0148uj\u00edc\u00ed a osv\u011b\u017euj\u00edc\u00ed v\u016fn\u011b. Prvn\u00ed ochutn\u00e1n\u00ed je b\u00e1je\u010dn\u00e9 \u2013 sencha v\u00e1m nab\u00edz\u00ed svoj\u00ed sv\u011b\u017eest, pot\u00e9 se pomalu prol\u00ednaj\u00ed sladk\u00e9 jahody s jasnou citrusovou chu\u0165\u00ed pomeran\u010de a jemn\u00fdmi kv\u011btinov\u00fdmi t\u00f3ny. Rann\u00ed polibek se postupn\u011b odhaluje, ka\u017ed\u00fd dou\u0161ek nab\u00edz\u00ed nov\u00e9 p\u0159ekvapen\u00ed, a to p\u0159\u00edmo vyz\u00fdv\u00e1 k dal\u0161\u00edmu.<\/p>\n<h3>Rann\u00ed Polibek jako Inspirace<\/h3>\n<p>Rann\u00ed polibek nen\u00ed  oby\u010dejn\u00fd \u010daj. Je to inspirace pro n\u00e1\u0161 \u017eivotn\u00ed styl. Ka\u017ed\u00e9 r\u00e1no m\u016f\u017ee b\u00fdt takov\u00e9, jak\u00e9 si ho ud\u011bl\u00e1te. Rann\u00ed polibek je v\u00fdzva, abyste zpomalili, vychutnali si p\u0159\u00edtomnost a oslavovali mali\u010dkosti, kter\u00e9 n\u00e1s obklopuj\u00ed.<\/p>\n<p>Rann\u00ed polibek n\u00e1m p\u0159ipom\u00edn\u00e1, jak d\u016fle\u017eit\u00e9 je m\u00edt ritu\u00e1ly, kter\u00e9 n\u00e1m pom\u00e1haj\u00ed za\u010d\u00edt nov\u00fd den s pozitivn\u00ed energi\u00ed. A\u0165 u\u017e se rozhodnete \u010daj p\u00edt jako sou\u010d\u00e1st sv\u00e9ho rann\u00edho ritu\u00e1lu nebo ho sd\u00edlet s p\u0159\u00e1teli a rodinou, jist\u011b p\u0159inese \u00fasm\u011bvy na tv\u00e1\u0159e a pohodu do srdc\u00ed.<\/p>\n<h3>Z\u00e1v\u011brem<\/h3>\n<p>Rann\u00edm polibkem m\u016f\u017eete zah\u00e1jit den s optimismem. Zapome\u0148te na chaotick\u00e9 r\u00e1no a nech\u0165 se tento \u010daj stane va\u0161\u00ed br\u00e1nou do sv\u011bta pohody a sladk\u00fdch vzpom\u00ednek. Uva\u0159te si \u0161\u00e1lek Rann\u00edho polibku, usa\u010fte se, a nechte se un\u00e1\u0161et chut\u00ed a v\u016fn\u00ed, kter\u00e9 v\u00e1s povzbud\u00ed a inspiruj\u00ed. S ka\u017ed\u00fdm dou\u0161kem m\u016f\u017eete za\u017e\u00edt klid a radost, kter\u00e9 v\u00e1m pomohou st\u00e1t se lep\u0161\u00ed verz\u00ed sebe sama.<\/p>\n<p><h2><img decoding=\"async\" src=\"https:\/\/caj-a-kava.cz\/obrazky\/uvod\/dobalouhovani\/zeleny_caj_ochuceny.jpg\" alt=\"Prodej zelen\u00e9ho, sypan\u00e9ho, ochucen\u00e9ho \u010daje. P\u0159\u00edprava \u010daje od Zelen\u00fd Drak \u010daj a k\u00e1va\" \/>\u00a0<\/h2>\n","protected":false},"excerpt":{"rendered":"<p><img loading=\"lazy\" decoding=\"async\" class=\"size-full wp-image-2970 alignleft\" src=\"https:\/\/zelenydrak.cz\/wp-content\/uploads\/2024\/08\/konvice-caj.png\" alt=\"\" width=\"48\" height=\"48\" \/>   V\u016fn\u011b a chu\u0165: jahodov\u00e1 Rann\u00ed polibek je snad nejv\u00edc co si m\u016f\u017ee \u010dlov\u011bk po r\u00e1nu p\u0159\u00e1t. Tento \u00fa\u017easn\u00fd \u010daj nech\u0165 je inspirac\u00ed n\u00e1m v\u0161em. <\/p>\n<p>Rann\u00ed polibek \u2013 to je zelen\u00fd sypan\u00fd \u010daj, kter\u00fd v\u00e1m dok\u00e1\u017ee u\u010dinit ka\u017ed\u00e9 r\u00e1no o n\u011bco kr\u00e1sn\u011bj\u0161\u00edm. Jeho jemn\u00e1, av\u0161ak v\u00fdrazn\u00e1 v\u016fn\u011b jahodov\u00fdch plod\u016f okam\u017eit\u011b navod\u00ed p\u0159\u00edjemnou atmosf\u00e9ru a povzbud\u00ed va\u0161e smysly. Ka\u017ed\u00fd \u0161\u00e1lek tohoto \u010daje v\u00e1s obklop\u00ed tepeln\u00fdm n\u00e1dechem slune\u010dn\u00e9ho r\u00e1na, kdy je vzduch sv\u011b\u017e\u00ed a pln\u00fd mo\u017enost\u00ed. Zat\u00edmco se \u0161\u00e1lek napl\u0148uje, probouz\u00ed se i va\u0161e nad\u011bje na \u00fasp\u011b\u0161n\u00fd den.<\/p>\n<p>Chu\u0165 Rann\u00edho polibku je jedine\u010dn\u00e1 \u2013 harmonick\u00e9 spojen\u00ed jemn\u00e9ho zelen\u00e9ho \u010daje a sladk\u00fdch t\u00f3n\u016f zral\u00fdch jahod, kter\u00e9 se na jazyku rozpl\u00fdvaj\u00ed jako mil\u00e9 vzpom\u00ednky na l\u00e9to. Tento \u010daj nen\u00ed jen n\u00e1pojem, je to z\u00e1\u017eitek, kter\u00fd ve v\u00e1s pos\u00edl\u00ed optimismus a chu\u0165 do \u017eivota. S ka\u017ed\u00fdm dou\u0161kem dost\u00e1v\u00e1te p\u0159\u00edle\u017eitost na chvilku zpomalit, vn\u00edmat p\u0159\u00edtomnost a u\u017e\u00edt si sladk\u00fd okam\u017eik klidu p\u0159ed n\u00e1ro\u010dn\u00fdm dnem, kter\u00fd v\u00e1s \u010dek\u00e1.<\/p>\n<p>Rann\u00ed polibek je nejen lahodn\u00fd, ale i inspirativn\u00ed jako p\u0159ipom\u00ednka toho, \u017ee i v mal\u00fdch v\u011bcech lze nal\u00e9zt \u0161t\u011bst\u00ed. Kdyby se o n\u00e1s staralo v\u00edce takov\u00fdch okam\u017eik\u016f, sv\u011bt by byl jist\u011b radostn\u011bj\u0161\u00edm m\u00edstem. Proto si dop\u0159ejte tento \u010daj, a\u0165 u\u017e sami nebo  se sv\u00fdmi bl\u00edzk\u00fdmi a nechte se un\u00e1\u0161et jeho kouzlem, kter\u00e9 je pln\u00e9 chut\u00ed a emoc\u00ed.<\/p>\n","protected":false},"featured_media":91215,"comment_status":"open","ping_status":"closed","template":"","meta":[],"product_brand":[],"product_cat":[297],"product_tag":[],"class_list":{"0":"post-91193","1":"product","2":"type-product","3":"status-publish","4":"has-post-thumbnail","6":"product_cat-zeleny-caj-ochuceny","8":"first","9":"instock","10":"product-type-variable","11":"has-default-attributes"},"_links":{"self":[{"href":"https:\/\/zelenydrak.cz\/velkoobchod\/wp-json\/wp\/v2\/product\/91193","targetHints":{"allow":["GET"]}}],"collection":[{"href":"https:\/\/zelenydrak.cz\/velkoobchod\/wp-json\/wp\/v2\/product"}],"about":[{"href":"https:\/\/zelenydrak.cz\/velkoobchod\/wp-json\/wp\/v2\/types\/product"}],"replies":[{"embeddable":true,"href":"https:\/\/zelenydrak.cz\/velkoobchod\/wp-json\/wp\/v2\/comments?post=91193"}],"wp:featuredmedia":[{"embeddable":true,"href":"https:\/\/zelenydrak.cz\/velkoobchod\/wp-json\/wp\/v2\/media\/91215"}],"wp:attachment":[{"href":"https:\/\/zelenydrak.cz\/velkoobchod\/wp-json\/wp\/v2\/media?parent=91193"}],"wp:term":[{"taxonomy":"product_brand","embeddable":true,"href":"https:\/\/zelenydrak.cz\/velkoobchod\/wp-json\/wp\/v2\/product_brand?post=91193"},{"taxonomy":"product_cat","embeddable":true,"href":"https:\/\/zelenydrak.cz\/velkoobchod\/wp-json\/wp\/v2\/product_cat?post=91193"},{"taxonomy":"product_tag","embeddable":true,"href":"https:\/\/zelenydrak.cz\/velkoobchod\/wp-json\/wp\/v2\/product_tag?post=91193"}],"curies":[{"name":"wp","href":"https:\/\/api.w.org\/{rel}","templated":true}]}}