{"id":91192,"date":"2025-03-05T08:06:36","date_gmt":"2025-03-05T08:06:36","guid":{"rendered":"https:\/\/zelenydrak.cz\/velkoobchod\/?post_type=product&#038;p=91192"},"modified":"2025-03-05T08:06:44","modified_gmt":"2025-03-05T08:06:44","slug":"dobra-nalada-zeleny-sypany-caj","status":"publish","type":"product","link":"https:\/\/zelenydrak.cz\/velkoobchod\/produkt\/dobra-nalada-zeleny-sypany-caj\/","title":{"rendered":"DOBR\u00c1 N\u00c1LADA &#8211; zelen\u00fd sypan\u00fd \u010daj"},"content":{"rendered":"<h2>DOBR\u00c1 N\u00c1LADA &#8211; zelen\u00fd \u010daj<\/h2>\n<p>Slo\u017een\u00ed \u010daje: zelen\u00fd \u010daj \u010c\u00edna Sencha, pap\u00e1ja (pap\u00e1ja, cukr), ananas (ananas, cukr), hroznov\u00e9 v\u00edno (hroznov\u00e9 v\u00edno, zeleninov\u00fd olej), p\u0159\u00edrodn\u00ed aroma, kousky jahod, pl\u00e1tky r\u016f\u017e\u00ed, kousky malin, bourbon vanilka, t\u0159e\u0161e\u0148.<\/p>\n<p><img decoding=\"async\" src=\"https:\/\/caj-a-kava.cz\/obrazky\/uvod\/dobalouhovani\/zeleny_caj_ochuceny.jpg\" alt=\"Prodej zelen\u00e9ho, sypan\u00e9ho, ochucen\u00e9ho \u010daje. P\u0159\u00edprava \u010daje od Zelen\u00fd Drak \u010daj a k\u00e1va\" \/>\u00a0<\/p>\n","protected":false},"excerpt":{"rendered":"<p><img loading=\"lazy\" decoding=\"async\" class=\"size-full wp-image-2970 alignleft\" src=\"https:\/\/zelenydrak.cz\/wp-content\/uploads\/2024\/08\/konvice-caj.png\" alt=\"\" width=\"48\" height=\"48\" \/>   V\u016fn\u011b a chu\u0165: vi\u0161e\u0148, malina a jablko. V dne\u0161n\u00ed hektick\u00e9 dob\u011b aby \u010dlov\u011bk o dobrou n\u00e1l\u00e1du zavadil mus\u00ed vypustit ve\u0161ker\u00e9 negativn\u00ed my\u0161lenky a v\u011bnovat se t\u011bm pozitivn\u00edm. K tomu mu dopom\u00e1hej \u0161\u00e1lek \u00fa\u017easn\u00e9ho \u010daje Dobr\u00e1 n\u00e1lada.<\/p>\n","protected":false},"featured_media":91213,"comment_status":"open","ping_status":"closed","template":"","meta":[],"product_brand":[],"product_cat":[297],"product_tag":[],"class_list":{"0":"post-91192","1":"product","2":"type-product","3":"status-publish","4":"has-post-thumbnail","6":"product_cat-zeleny-caj-ochuceny","8":"first","9":"instock","10":"product-type-variable","11":"has-default-attributes"},"_links":{"self":[{"href":"https:\/\/zelenydrak.cz\/velkoobchod\/wp-json\/wp\/v2\/product\/91192","targetHints":{"allow":["GET"]}}],"collection":[{"href":"https:\/\/zelenydrak.cz\/velkoobchod\/wp-json\/wp\/v2\/product"}],"about":[{"href":"https:\/\/zelenydrak.cz\/velkoobchod\/wp-json\/wp\/v2\/types\/product"}],"replies":[{"embeddable":true,"href":"https:\/\/zelenydrak.cz\/velkoobchod\/wp-json\/wp\/v2\/comments?post=91192"}],"wp:featuredmedia":[{"embeddable":true,"href":"https:\/\/zelenydrak.cz\/velkoobchod\/wp-json\/wp\/v2\/media\/91213"}],"wp:attachment":[{"href":"https:\/\/zelenydrak.cz\/velkoobchod\/wp-json\/wp\/v2\/media?parent=91192"}],"wp:term":[{"taxonomy":"product_brand","embeddable":true,"href":"https:\/\/zelenydrak.cz\/velkoobchod\/wp-json\/wp\/v2\/product_brand?post=91192"},{"taxonomy":"product_cat","embeddable":true,"href":"https:\/\/zelenydrak.cz\/velkoobchod\/wp-json\/wp\/v2\/product_cat?post=91192"},{"taxonomy":"product_tag","embeddable":true,"href":"https:\/\/zelenydrak.cz\/velkoobchod\/wp-json\/wp\/v2\/product_tag?post=91192"}],"curies":[{"name":"wp","href":"https:\/\/api.w.org\/{rel}","templated":true}]}}