{"id":91188,"date":"2025-03-05T08:06:35","date_gmt":"2025-03-05T08:06:35","guid":{"rendered":"https:\/\/zelenydrak.cz\/velkoobchod\/?post_type=product&#038;p=91188"},"modified":"2025-03-05T08:06:44","modified_gmt":"2025-03-05T08:06:44","slug":"yogi-bio-ayurveda-caj","status":"publish","type":"product","link":"https:\/\/zelenydrak.cz\/velkoobchod\/produkt\/yogi-bio-ayurveda-caj\/","title":{"rendered":"YOGI BIO &#8211; ayurveda \u010daj"},"content":{"rendered":"<h2>YOGI BIO &#8211; ayurveda \u010daj<\/h2>\n<p>Slo\u017een\u00ed \u010daje: kardamom, z\u00e1zvor, sko\u0159ice, h\u0159eb\u00ed\u010dek, \u010derven\u00fd pep\u0159. Jedn\u00e1 se o tradi\u010dn\u00ed indick\u00fd n\u00e1poj, kter\u00fd v Indii koup\u00edte i na ulici, jako u n\u00e1s t\u0159eba zmrzlinu. Yogi \u010daj m\u00e1 povzbudiv\u00fd \u00fa\u010dinek na organismus, ale s mnohem v\u011bt\u0161\u00ed schopnost\u00ed soust\u0159ed\u011bn\u00ed ne\u017e po k\u00e1v\u011b. Z\u00e1rove\u0148 je na rozd\u00edl od k\u00e1vy \u0161etrn\u00fd k \u017ealudku. M\u00e1 velkou proh\u0159\u00edvac\u00ed schopnost organismu, proto je vhodn\u00fd k pit\u00ed zejm\u00e9na v zimn\u00edm obdob\u00ed. <\/p>\n<p>P\u0159\u00edprava Yogi: 1 l vody, 0,5 l ml\u00e9ka, 1 l\u017ei\u010dka sm\u011bsi ko\u0159en\u00ed Yogi a cukr podle chuti. Nejprve Yogi 10-15 minut va\u0159\u00edme. M\u016f\u017eeme p\u0159idat \u010dern\u00fd \u010daj. N\u00e1sledn\u011b nalejeme ml\u00e9ko a p\u0159ivedeme k varu. A\u017e vzkyp\u00ed pot\u00e9 sced\u00edme. P\u0159id\u00e1me cukr, pop\u0159. trochu soli a m\u016f\u017eeme pop\u00edjet.<\/p>\n<p><img decoding=\"async\" src=\"http:\/\/caj-a-kava.cz\/obrazky\/uvod\/dobalouhovani\/yogi.jpg\" alt=\"Prodej ayurv\u00e9dsk\u00fdch \u010daj\u016f. P\u0159\u00edprava yogi \u010daje od Zelen\u00fd Drak \u010daj a k\u00e1va\" \/>\u00a0<\/p>\n","protected":false},"excerpt":{"rendered":"<p><strong>V\u016fn\u011b a chu\u0165:<\/strong> p\u0159\u00edrodn\u00ed ko\u0159en\u011bn\u00e1. <\/p>\n","protected":false},"featured_media":91205,"comment_status":"open","ping_status":"closed","template":"","meta":[],"product_brand":[],"product_cat":[316],"product_tag":[],"class_list":{"0":"post-91188","1":"product","2":"type-product","3":"status-publish","4":"has-post-thumbnail","6":"product_cat-ayurveda-caj-bio","8":"first","9":"instock","10":"product-type-variable","11":"has-default-attributes"},"_links":{"self":[{"href":"https:\/\/zelenydrak.cz\/velkoobchod\/wp-json\/wp\/v2\/product\/91188","targetHints":{"allow":["GET"]}}],"collection":[{"href":"https:\/\/zelenydrak.cz\/velkoobchod\/wp-json\/wp\/v2\/product"}],"about":[{"href":"https:\/\/zelenydrak.cz\/velkoobchod\/wp-json\/wp\/v2\/types\/product"}],"replies":[{"embeddable":true,"href":"https:\/\/zelenydrak.cz\/velkoobchod\/wp-json\/wp\/v2\/comments?post=91188"}],"wp:featuredmedia":[{"embeddable":true,"href":"https:\/\/zelenydrak.cz\/velkoobchod\/wp-json\/wp\/v2\/media\/91205"}],"wp:attachment":[{"href":"https:\/\/zelenydrak.cz\/velkoobchod\/wp-json\/wp\/v2\/media?parent=91188"}],"wp:term":[{"taxonomy":"product_brand","embeddable":true,"href":"https:\/\/zelenydrak.cz\/velkoobchod\/wp-json\/wp\/v2\/product_brand?post=91188"},{"taxonomy":"product_cat","embeddable":true,"href":"https:\/\/zelenydrak.cz\/velkoobchod\/wp-json\/wp\/v2\/product_cat?post=91188"},{"taxonomy":"product_tag","embeddable":true,"href":"https:\/\/zelenydrak.cz\/velkoobchod\/wp-json\/wp\/v2\/product_tag?post=91188"}],"curies":[{"name":"wp","href":"https:\/\/api.w.org\/{rel}","templated":true}]}}