{"id":91154,"date":"2025-03-05T08:06:28","date_gmt":"2025-03-05T08:06:28","guid":{"rendered":"https:\/\/zelenydrak.cz\/velkoobchod\/?post_type=product&#038;p=91154"},"modified":"2025-03-05T08:06:35","modified_gmt":"2025-03-05T08:06:35","slug":"honeybush-cerveny-bio-honeybush-caj","status":"publish","type":"product","link":"https:\/\/zelenydrak.cz\/velkoobchod\/produkt\/honeybush-cerveny-bio-honeybush-caj\/","title":{"rendered":"HONEYBUSH \u010cERVEN\u00dd BIO &#8211; honeybush \u010daj"},"content":{"rendered":"<h2>HONEYBUSH \u010cERVEN\u00dd BIO &#8211; honeybush \u010daj<\/h2>\n<p>Slo\u017een\u00ed \u010daje: honeybush BIO 100%. Z kontrolovan\u00e9 ekologick\u00e9 oblasti. BIO \u010daj.<\/p>\n<p><h2>Honeybush<\/h2>\n<p>Cyclopia, zn\u00e1m\u011bj\u0161\u00ed pod spole\u010dn\u00fdm n\u00e1zvem Honeybush, je rod kvetouc\u00edch rostlin z rodiny Fabaceae, z pod\u010deledi Faboideae. Dal\u0161\u00ed spole\u010dn\u00fd n\u00e1zev je &#8222;Heuningbos&#8220; v afrik\u00e1n\u0161tin\u011b.<\/p>\n<p>Listy <strong>Honeybush<\/strong> se b\u011b\u017en\u011b pou\u017e\u00edvaj\u00ed k v\u00fdrob\u011b &#8222;bylinn\u00e9ho \u010daje&#8220;. Honeybush roste jen v mal\u00fdch oblastech na jihoz\u00e1pad\u011b a jihov\u00fdchod\u011b Jihoafrick\u00e9 republiky a m\u00e1 mnoho podobnost\u00ed s rooibos. Honeybush je tak pojmenovan\u00fd proto\u017ee kv\u011bty von\u00ed po medu. <strong>Honeybush<\/strong> rovn\u00e1 se medov\u00fd ke\u0159. Chu\u0165 \u010daje honeybush je podobn\u00fd jako u rooibos, ale trochu slad\u0161\u00ed. V n\u011bkter\u00fdch okresech to bylo b\u011b\u017enou prax\u00ed, aby konvice s \u010dajem honeybush byla v\u017edy na spor\u00e1ku p\u0159ipravena k pit\u00ed, ale p\u0159edev\u0161\u00edm k provon\u011bn\u00ed cel\u00e9ho domu. Na rozd\u00edl od \u010daje p\u0159ipraven\u00e9ho z Camellia sinensis (prav\u00fd \u010daj) honeybush i po dlouhodob\u00e9m va\u0159en\u00ed nikdy neztrpkne.<\/p>\n<h2>V\u00fdskyt honeybush<\/h2>\n<p>Existuje cca 23 druh\u016f Honeybush \u010daje nalezen\u00e9ho ve voln\u00e9 p\u0159\u00edrod\u011b, z \u010deho\u017e hlavn\u011b 5 druh\u016f je ur\u010deno pro \u0161irok\u00e9 dom\u00e1c\u00ed nebo komer\u010dn\u00ed pou\u017eit\u00ed. Jedn\u00e1 se o: Cyclopia intermedia, zn\u00e1m\u00fd jako &#8222;bergtee&#8220; (horsk\u00fd \u010daj), nach\u00e1z\u00ed se mezi Port Elizabeth a krajem Langkloof. Cyclopia subternata, zn\u00e1m\u00fd jako &#8222;vleitee&#8220; (ra\u0161elini\u0161tn\u00ed \u010daj) nebo &#8222;valleitee&#8220; (\u00fadoln\u00ed \u010daj). Cyclopia genistoides, zn\u00e1m\u00fd jako &#8222;kustee&#8220; (pob\u0159e\u017en\u00ed \u010daj), v\u011bt\u0161inou se vyskytuj\u00ed v Western Cape v bl\u00edzkosti Yserfontein a Darling a tak\u00e9 prosp\u00edvaj\u00ed v ji\u017en\u00edm mysu. Cyclopia sessiliflora, zn\u00e1m\u00fd jako &#8222;Heidelberg-tee&#8220;, pojmenovan\u00fd podle m\u011bsta Heidelberg v Ji\u017en\u00ed Africe, kde roste v m\u00edstn\u00edm poho\u0159\u00ed. Cyclopia maculata, p\u011bstovan\u00e1 v bl\u00edzkosti Outeniqua George. N\u011bkter\u00e9 druhy honeybush mohou b\u00fdt p\u011bstov\u00e1ny zat\u00edmco jin\u00e9 odol\u00e1vaj\u00ed v\u0161em pokus\u016fm o p\u011bstov\u00e1n\u00ed a mus\u00ed b\u00fdt sklizeny ve voln\u00e9 p\u0159\u00edrod\u011b. Nen\u00ed v\u017edy snadn\u00e9 zjistit, co semena pot\u0159ebuj\u00ed, aby mohly vykl\u00ed\u010dit. Cyclopia intermedia (horsk\u00fd \u010daj) je jedn\u00edm z honeybush \u010daje, kter\u00fd se skl\u00edz\u00ed v hor\u00e1ch Koga kde roste p\u0159irozen\u011b. Horsk\u00fd \u010daj regeneruje v pr\u016fb\u011bhu t\u0159\u00ed let po sklizni nebo devastac\u00ed po\u017e\u00e1rem; tedy m\u00e9n\u011b ne\u017e jedna t\u0159etina z horsk\u00e9ho v\u00fdnosu je k dispozici pro sklize\u0148 ka\u017edoro\u010dn\u011b. Existuj\u00ed dva zp\u016fsoby zpracov\u00e1n\u00ed honeybush pro pou\u017eit\u00ed na \u010daj. V tradi\u010dn\u00ed metod\u011b jsou listy ke\u0159e sklizeny st\u0159ih\u00e1n\u00edm a pohmo\u017ed\u011bn\u00edm (\u010dasto s mechanick\u00fdmi v\u00e1lci), a pak d\u00e1ny na slunce k oxidaci. Modern\u00ed, industralisa\u010dn\u00ed proces oxiduje listy p\u0159i ot\u00e1\u010den\u00ed ve v\u00e1lc\u00edch a zah\u0159\u00edvan\u00fdch na teplotu 70 &#8211; 90 stup\u0148\u016f Celsia, po dobu dvou a\u017e t\u0159\u00ed dn\u016f. Listy se pak su\u0161\u00ed na vzduchu. Pot\u00e9 se listy pros\u00edvaj\u00ed a odstup\u0148uje se kvalita pro jejich dal\u0161\u00ed u\u017eit\u00ed.<\/p>\n<p><img decoding=\"async\" src=\"https:\/\/caj-a-kava.cz\/obrazky\/uvod\/dobalouhovani\/honeybush_caj.jpg\" alt=\"Prodej honeybush \u010daj\u016f. P\u0159\u00edprava \u010daje od Zelen\u00fd Drak \u010daj a k\u00e1va\" \/>\u00a0<\/p>\n","protected":false},"excerpt":{"rendered":"<p><img loading=\"lazy\" decoding=\"async\" class=\"size-full wp-image-2970 alignleft\" src=\"https:\/\/zelenydrak.cz\/wp-content\/uploads\/2024\/08\/konvice-caj.png\" alt=\"\" width=\"48\" height=\"48\" \/>   V\u016fn\u011b a chu\u0165: p\u0159\u00edrodn\u00ed. BIO \u010daj.<\/p>\n","protected":false},"featured_media":91184,"comment_status":"open","ping_status":"closed","template":"","meta":[],"product_brand":[],"product_cat":[315,314],"product_tag":[],"class_list":{"0":"post-91154","1":"product","2":"type-product","3":"status-publish","4":"has-post-thumbnail","6":"product_cat-honeybush","7":"product_cat-honeybush-bio","9":"first","10":"instock","11":"product-type-variable","12":"has-default-attributes"},"_links":{"self":[{"href":"https:\/\/zelenydrak.cz\/velkoobchod\/wp-json\/wp\/v2\/product\/91154","targetHints":{"allow":["GET"]}}],"collection":[{"href":"https:\/\/zelenydrak.cz\/velkoobchod\/wp-json\/wp\/v2\/product"}],"about":[{"href":"https:\/\/zelenydrak.cz\/velkoobchod\/wp-json\/wp\/v2\/types\/product"}],"replies":[{"embeddable":true,"href":"https:\/\/zelenydrak.cz\/velkoobchod\/wp-json\/wp\/v2\/comments?post=91154"}],"wp:featuredmedia":[{"embeddable":true,"href":"https:\/\/zelenydrak.cz\/velkoobchod\/wp-json\/wp\/v2\/media\/91184"}],"wp:attachment":[{"href":"https:\/\/zelenydrak.cz\/velkoobchod\/wp-json\/wp\/v2\/media?parent=91154"}],"wp:term":[{"taxonomy":"product_brand","embeddable":true,"href":"https:\/\/zelenydrak.cz\/velkoobchod\/wp-json\/wp\/v2\/product_brand?post=91154"},{"taxonomy":"product_cat","embeddable":true,"href":"https:\/\/zelenydrak.cz\/velkoobchod\/wp-json\/wp\/v2\/product_cat?post=91154"},{"taxonomy":"product_tag","embeddable":true,"href":"https:\/\/zelenydrak.cz\/velkoobchod\/wp-json\/wp\/v2\/product_tag?post=91154"}],"curies":[{"name":"wp","href":"https:\/\/api.w.org\/{rel}","templated":true}]}}