{"id":91153,"date":"2025-03-05T08:06:28","date_gmt":"2025-03-05T08:06:28","guid":{"rendered":"https:\/\/zelenydrak.cz\/velkoobchod\/?post_type=product&#038;p=91153"},"modified":"2025-03-05T08:06:35","modified_gmt":"2025-03-05T08:06:35","slug":"china-bancha-bio-zeleny-caj","status":"publish","type":"product","link":"https:\/\/zelenydrak.cz\/velkoobchod\/produkt\/china-bancha-bio-zeleny-caj\/","title":{"rendered":"CHINA BANCHA BIO &#8211; zelen\u00fd \u010daj"},"content":{"rendered":"<h2>CHINA BANCHA BIO &#8211; prav\u00fd zelen\u00fd \u010daj<\/h2>\n<p>Slo\u017een\u00ed \u010daje: zelen\u00fd \u010d\u00ednsk\u00fd  BIO \u010daj 100%. \u010caj s lisovan\u00fdmi a dlouh\u00fdmi listy. Lehk\u00e1, jemn\u00e1, aromatick\u00e1 chu\u0165. Z kontrolovan\u00e9ho ekologick\u00e9ho zem\u011bd\u011blstv\u00ed. <\/p>\n<h3>CHINA BANCHA BIO \u2013 Zelen\u00fd \u010daj pln\u00fd harmonie a chuti<\/h3>\n<p>V posledn\u00edch letech se zelen\u00fd \u010daj st\u00e1v\u00e1 st\u00e1le popul\u00e1rn\u011bj\u0161\u00edm n\u00e1pojem, kter\u00fd si z\u00edsk\u00e1v\u00e1 srdce milovn\u00edk\u016f zdrav\u00e9ho \u017eivotn\u00edho stylu po cel\u00e9m sv\u011bt\u011b. Mezi \u0161irok\u00fdm spektrem zelen\u00fdch \u010daj\u016f, kter\u00e9 jsou k dispozici, vynik\u00e1 \u010d\u00ednsk\u00fd zelen\u00fd \u010daj China Bancha Bio. Tento \u010daj, o\u0161et\u0159en\u00fd speci\u00e1ln\u00ed metodou napa\u0159ov\u00e1n\u00ed, nab\u00edz\u00ed nejen jedine\u010dnou chu\u0165, ale tak\u00e9 v\u00fdjime\u010dn\u00e9 regenera\u010dn\u00ed p\u0159\u00ednosy.<\/p>\n<h4>V\u00fdroba a zpracov\u00e1n\u00ed<\/h4>\n<p>China Bancha Bio je klasick\u00fd \u010d\u00ednsk\u00fd zelen\u00fd \u010daj, kter\u00fd je pozoruhodn\u00fd svou metodou zpracov\u00e1n\u00ed. L\u00edstky \u010daje jsou o\u0161et\u0159ov\u00e1ny horkou p\u00e1rou, co\u017e zabra\u0148uje jejich fermentaci. Tento proces zaji\u0161\u0165uje, \u017ee si l\u00edstky zachov\u00e1vaj\u00ed svou kr\u00e1snou zelenou barvu a cenn\u00e9 \u017eiviny. D\u00edky tomu je China Bancha Bio nejen lahodn\u00fd, ale tak\u00e9 bohat\u00fd na antioxidanty, kter\u00e9 m\u016f\u017eou podporovat celkovou pohodu organismu.<\/p>\n<p>L\u00edstky tohoto \u010daje maj\u00ed charakteristickou velkou a hrubou strukturu, co\u017e p\u0159isp\u00edv\u00e1 k jeho v\u00fdrazn\u00e9 chuti a aromatu. Ka\u017ed\u00fd \u0161\u00e1lek China Bancha Bio nab\u00edz\u00ed harmonick\u00fd z\u00e1\u017eitek, kter\u00fd je p\u0159\u00edjemn\u011b lehk\u00fd a osv\u011b\u017euj\u00edc\u00ed.<\/p>\n<h4>Ide\u00e1ln\u00ed pro ka\u017edodenn\u00ed pou\u017eit\u00ed<\/h4>\n<p>Jednou z nejv\u011bt\u0161\u00edch v\u00fdhod China Bancha Bio je jeho univerz\u00e1lnost. Tento \u010daj je ide\u00e1ln\u00ed jako &#8222;\u010daj pro ka\u017edodenn\u00ed pou\u017eit\u00ed&#8220;, co\u017e znamen\u00e1, \u017ee se skv\u011ble hod\u00ed na pit\u00ed po cel\u00fd den. M\u016f\u017ee b\u00fdt konzumov\u00e1n samostatn\u011b nebo s p\u0159id\u00e1n\u00edm medu \u010di citronu pro zv\u00fdrazn\u011bn\u00ed jeho chuti. Je perfektn\u00ed volbou pro ty, kte\u0159\u00ed teprve za\u010d\u00ednaj\u00ed objevovat sv\u011bt zelen\u00e9ho \u010daje, nebo pro ty, kte\u0159\u00ed hledaj\u00ed n\u011bco jemn\u011bj\u0161\u00edho a harmonick\u00e9ho.<\/p>\n<h4>Regenera\u010dn\u00ed p\u0159\u00ednosy<\/h4>\n<p>Zelen\u00fd \u010daj je zn\u00e1m\u00fd sv\u00fdmi mnoha regenera\u010dn\u00edmi p\u0159\u00ednosy, a China Bancha Bio nen\u00ed v\u00fdjimkou. Pravideln\u00e1 konzumace tohoto \u010daje m\u016f\u017ee p\u0159isp\u011bt k celkov\u00e9 pohod\u011b va\u0161eho organismu.<\/p>\n<h4>Z\u00e1v\u011br<\/h4>\n<p>China Bancha Bio je vynikaj\u00edc\u00ed volbou pro v\u0161echny, kte\u0159\u00ed cht\u011bj\u00ed za\u0159adit do sv\u00e9ho ka\u017edodenn\u00edho \u017eivota lahodn\u00fd a zdrav\u00fd n\u00e1poj. Jeho jedine\u010dn\u00e9 zpracov\u00e1n\u00ed, harmonick\u00e1 chu\u0165 a mo\u017en\u00e9 p\u0159\u00ednosy pro t\u011blo z n\u011bj \u010din\u00ed skvostnou sou\u010d\u00e1st ka\u017ed\u00e9ho \u010dajov\u00e9ho d\u00fdch\u00e1nku. A\u0165 u\u017e jste zku\u0161en\u00fd milovn\u00edk zelen\u00e9ho \u010daje, nebo teprve za\u010d\u00edn\u00e1te, China Bancha Bio v\u00e1m pom\u016f\u017ee objevit kouzlo t\u00e9to fascinuj\u00edc\u00ed tradi\u010dn\u00ed \u010d\u00ednsk\u00e9 kultury. Vyzkou\u0161ejte tento \u010daj a nechte se un\u00e9st jeho jemn\u00fdm, ale p\u0159esto vyv\u00e1\u017een\u00fdm aroma a chut\u00ed!<\/p>\n<\/p>\n<p><h2>&nbsp;<\/h2>\n<p><img decoding=\"async\" src=\"https:\/\/caj-a-kava.cz\/obrazky\/uvod\/dobalouhovani\/zeleny_caj.jpg\" alt=\"Prodej zelen\u00e9ho, sypan\u00e9ho BIO \u010daje. P\u0159\u00edprava \u010daje od Zelen\u00fd Drak \u010daj a k\u00e1va\" \/>\u00a0<\/p>\n","protected":false},"excerpt":{"rendered":"<p><img loading=\"lazy\" decoding=\"async\" class=\"size-full wp-image-2970 alignleft\" src=\"https:\/\/zelenydrak.cz\/wp-content\/uploads\/2024\/08\/konvice-caj.png\" alt=\"\" width=\"48\" height=\"48\" \/>   V\u016fn\u011b a chu\u0165: aromatick\u00e1 s t\u00f3ny kv\u011btin a tr\u00e1vy. Zelen\u00fd \u010daj vyroben\u00fd kombinac\u00ed nejlep\u0161\u00edch \u010d\u00ednsk\u00fdch a japonsk\u00fdch tradic zpracov\u00e1n\u00ed \u010daje.\u00a0China Bancha Bio je p\u011bstov\u00e1n na severn\u00ed stran\u011b \u0159eky Yangtze v nadmo\u0159sk\u00e9 v\u00fd\u0161ce a\u017e 250 metr\u016f.<\/p>\n","protected":false},"featured_media":91182,"comment_status":"open","ping_status":"closed","template":"","meta":[],"product_brand":[],"product_cat":[295,311],"product_tag":[],"class_list":{"0":"post-91153","1":"product","2":"type-product","3":"status-publish","4":"has-post-thumbnail","6":"product_cat-zeleny-caj-cisty","7":"product_cat-zeleny-caj-cisty-bio","9":"first","10":"instock","11":"product-type-variable","12":"has-default-attributes"},"_links":{"self":[{"href":"https:\/\/zelenydrak.cz\/velkoobchod\/wp-json\/wp\/v2\/product\/91153","targetHints":{"allow":["GET"]}}],"collection":[{"href":"https:\/\/zelenydrak.cz\/velkoobchod\/wp-json\/wp\/v2\/product"}],"about":[{"href":"https:\/\/zelenydrak.cz\/velkoobchod\/wp-json\/wp\/v2\/types\/product"}],"replies":[{"embeddable":true,"href":"https:\/\/zelenydrak.cz\/velkoobchod\/wp-json\/wp\/v2\/comments?post=91153"}],"wp:featuredmedia":[{"embeddable":true,"href":"https:\/\/zelenydrak.cz\/velkoobchod\/wp-json\/wp\/v2\/media\/91182"}],"wp:attachment":[{"href":"https:\/\/zelenydrak.cz\/velkoobchod\/wp-json\/wp\/v2\/media?parent=91153"}],"wp:term":[{"taxonomy":"product_brand","embeddable":true,"href":"https:\/\/zelenydrak.cz\/velkoobchod\/wp-json\/wp\/v2\/product_brand?post=91153"},{"taxonomy":"product_cat","embeddable":true,"href":"https:\/\/zelenydrak.cz\/velkoobchod\/wp-json\/wp\/v2\/product_cat?post=91153"},{"taxonomy":"product_tag","embeddable":true,"href":"https:\/\/zelenydrak.cz\/velkoobchod\/wp-json\/wp\/v2\/product_tag?post=91153"}],"curies":[{"name":"wp","href":"https:\/\/api.w.org\/{rel}","templated":true}]}}