{"id":91151,"date":"2025-03-05T08:06:28","date_gmt":"2025-03-05T08:06:28","guid":{"rendered":"https:\/\/zelenydrak.cz\/velkoobchod\/?post_type=product&#038;p=91151"},"modified":"2025-03-05T08:06:35","modified_gmt":"2025-03-05T08:06:35","slug":"china-gunpowder-grade-1-bio-zeleny-caj","status":"publish","type":"product","link":"https:\/\/zelenydrak.cz\/velkoobchod\/produkt\/china-gunpowder-grade-1-bio-zeleny-caj\/","title":{"rendered":"CHINA GUNPOWDER GRADE 1 BIO &#8211; zelen\u00fd \u010daj"},"content":{"rendered":"<h2>CHINA GUNPOWDER GRADE 1 BIO &#8211; zelen\u00fd \u010daj na povzbuzen\u00ed<\/h2>\n<p>Slo\u017een\u00ed \u010daje: 100% zelen\u00fd \u010d\u00ednsk\u00fd \u010daj.\u00a0<\/p>\n<h2>Popis \u010daje:<\/h2>\n<p><p>Gunpowder zelen\u00fd \u010d\u00ednsk\u00fd \u010daj poch\u00e1z\u00ed z rostlinky Camellia sinensis, ostatn\u011b tak jako v\u0161echny druhy zelen\u00e9ho \u010daje. Gunpowder v p\u0159ekladu St\u0159eln\u00fd prach je typ zelen\u00e9ho \u010daje, kdy jeho list je rolov\u00e1n do mal\u00fdch perlov\u00fdch kuli\u010dek. Rolov\u00e1n\u00ed do kuli\u010dek hraje u tohoto zelen\u00e9ho \u010daje d\u016fle\u017eitou roli. Jde o to, \u017ee \u010daj s takto rolovan\u00fdmi listy br\u00e1n\u00ed l\u00e1m\u00e1n\u00ed a umo\u017e\u0148uje dlouhodob\u00e9 skladov\u00e1n\u00ed (v n\u011bkter\u00fdch p\u0159\u00edpadech a\u017e desetilet\u00ed). Dal\u0161\u00ed v\u00fdhodou srolovan\u00e9ho listu je, \u017ee se po zalit\u00ed pomalu rozev\u00edr\u00e1 a pozvolna uvol\u0148uje chu\u0165 a \u017eiviny. Zaj\u00edmav\u00fd tvar zelen\u00e9ho \u010daje Gunpowder, tak\u00e9 udr\u017euje d\u00e9le \u010derstvou chu\u0165 v listech. Zelen\u00fd \u010daj Gunpowder m\u016f\u017ee b\u00fdt t\u00e9\u017e naz\u00fdv\u00e1n perlov\u00fdm nebo kor\u00e1lkov\u00fdm \u010dajem pr\u00e1v\u011b pro jeho atraktivn\u00ed a nezvykl\u00ed vzhled. P\u016fvod \u010daje v souvislosti s pojmem st\u0159eln\u00fd prach je nejist\u00fd. Jist\u00e9 je, \u017ee \u017e\u00e1dn\u00fd st\u0159eln\u00fd prach neobsahuje. Je mo\u017en\u00e9 k\u00fdvnout na my\u0161lenku, \u017ee k n\u00e1zvu Gunpowder p\u0159i\u0161el d\u00edky sv\u00e9mu tvaru, kter\u00fd se podobal st\u0159eln\u00e9mu prachu, pou\u017e\u00edvaj\u00edc\u00edho se v ran\u00fdch st\u0159eln\u00fdch zbran\u00ed, p\u0159edev\u0161\u00edm d\u011blech. Alespo\u0148 Brit\u0161t\u00ed n\u00e1mo\u0159n\u00edci, kte\u0159\u00ed tento zelen\u00fd \u010daj vezli z \u010c\u00edny na z\u00e1pad to tak mohli vn\u00edmat. N\u00e1m p\u0159ijde n\u00e1zev \u010daje Gunpowder odvozen\u00fd nikoli z jeho tvaru, ale sp\u00ed\u0161e z jeho chuti, kter\u00e1 m\u00e1 v\u00edce kou\u0159ov\u00e9 aroma ne\u017e ostatn\u00ed zelen\u00e9 \u010daje.<\/p>\n<p><img loading=\"lazy\" decoding=\"async\" style=\"float: left;\" title=\"konvice \u010caj-a-K\u00e1va.cz\" src=\"https:\/\/www.caj-a-kava.cz\/img\/cms\/konvice_zelenydrak.png\" alt=\"konvice \u010caj-a-K\u00e1va.cz\" width=\"100\" height=\"100\" \/><\/p>\n<h2>N\u00e1poj z Gunpowderu:<\/h2>\n<p>Pit\u00ed zelen\u00e9ho \u010daje st\u0159eln\u00e9ho prachu je tradice, kter\u00e1 za\u010dala mnohem d\u0159\u00edve, ne\u017e by se dalo o\u010dek\u00e1vat.\u00a0V\u00fdroba st\u0159eln\u00e9ho prachu coby \u010daje v \u010c\u00edn\u011b sah\u00e1 a\u017e do dynastie Tchang kolem roku 618 nl. Svou velkou popularitu si Gunpowder z\u00edskal, a\u017e v roce 1800 na Tchaj-wanu. Zelen\u00fd \u010caj Gunpowder poch\u00e1z\u00ed z ur\u010dit\u00fdch provinci\u00edch v \u010c\u00edn\u011b, p\u0159ev\u00e1\u017en\u011b z provincie \u010ce-\u0165iang, kde se dnes v\u011bt\u0161ina vyprodukovan\u00e9ho \u010daje roluje strojem. Nicm\u00e9n\u011b opravdu kvalitn\u00ed zelen\u00fd \u010daj Gunpowder je rolov\u00e1n ru\u010dn\u011b a v\u00fdsledn\u00e1 cena tomu odpov\u00edd\u00e1.<\/p>\n<p>Zelen\u00fd \u010caj Gunpowder m\u00e1 obecn\u011b v\u00edce na\u017eloutlou barvu ne\u017e jin\u00e9 zelen\u00e9 \u010daje.\u00a0N\u011bkte\u0159\u00ed lid\u00e9 popisuj\u00ed chu\u0165 jako kou\u0159ovou, m\u011bd\u011bnou, travnatou, nebo m\u00e1tovou. Zelen\u00fd \u010daj Gunpowder se v\u00fdborn\u011b hod\u00ed k zelenin\u011b mo\u0159sk\u00fdm plod\u016fm, nebo k vep\u0159ov\u00e9mu masu.<\/p>\n<p>\u00a0<\/p>\n<h2>Na co se zam\u011b\u0159it p\u0159i n\u00e1kupu Gunpowderu?<\/h2>\n<p>P\u0159i n\u00e1kupu tohoto \u010daje, se ponejv\u00edce zam\u011b\u0159te na to, zda kuli\u010dky \u010daje jsou leskl\u00e9.\u00a0To zna\u010d\u00ed \u010derstvost \u010daje.\u00a0Vyb\u00edrejte \u010daj, kter\u00fd je rolov\u00e1n do co nejmen\u0161\u00edch kuli\u010dek. Velk\u00e9 kuli\u010dky \u010daje nazna\u010duj\u00ed ni\u017e\u0161\u00ed kvalitu zelen\u00e9ho \u010daje.\u00a0Vysoce kvalitn\u00ed zelen\u00fd \u010daj (St\u0159eln\u00fd prach) si bude neust\u00e1le dr\u017eet tvar mal\u00fdch kuli\u010dek, bez ohledu na dobu skladov\u00e1n\u00ed.<\/p>\n<p>\u00a0<\/p>\n<h2>S\u00edla ukryt\u00e1 v Gunpowderu<\/h2>\n<p>Vzhledem k tomu, \u017ee Gunpowder je klasifikov\u00e1n jako zelen\u00fd \u010daj, jej lid\u00e9 pij\u00ed proto\u017ee v\u011b\u0159\u00ed \u017ee m\u016f\u017ee b\u00fdt prosp\u011b\u0161n\u00fd pro jejich zdrav\u00ed. V\u011b\u0159\u00ed na jeho antioxida\u010dn\u00ed vlastnosti, kter\u00e9 jsou specifick\u00e9 pro zelen\u00fd \u010daj.\u00a0Zjistilo se, \u017ee,\u00a0antioxidanty obsa\u017een\u00e9 v zelen\u00e9m \u010daji jako je nap\u0159\u00edklad Gunpowder, zejm\u00e9na EGCG (epigallokatechin-3-gall\u00e1tu), jsou zvl\u00e1\u0161t\u011b siln\u00e9.\u00a0Antioxidanty jsou d\u016fle\u017eit\u00e9 pro t\u011blo, proto\u017ee m\u016f\u017eou p\u016fsobt jako lapa\u010de onemocn\u011bn\u00ed, kter\u00e9 zp\u016fsobuj\u00edc\u00ed voln\u00e9 radik\u00e1ly. Studie ov\u0161em je\u0161t\u011b neprok\u00e1zaly konkr\u00e9tn\u00ed vazby l\u00e1tek, kter\u00e9 tento jev zp\u016fsobuj\u00ed.\u00a0O \u010daji Gunpowderu lid\u00e9 \u0159\u00edkaj\u00ed, \u017ee m\u00e1 v\u00edce kofeinu, ne\u017e ostatn\u00ed zelen\u00e9 \u010daje. M\u016f\u017eeme tud\u00ed\u017e\u00a0\u0159\u00edct, \u017ee Gunpowder m\u016f\u017ee slou\u017eitt jako povzbuzuj\u00edc\u00ed prost\u0159edek. Gunpowder je zejm\u00e9na vhodn\u00fd pro lidi \u017eij\u00edc\u00ed zdrav\u00edm \u017eivotn\u00edm stylem a lze jej za\u0159adit mezi wellness \u010daje.<\/p>\n<p>Je nutno podotknout, \u017ee \u00fa\u010dinky n\u00e1mi nab\u00edzen\u00fdch \u010daj\u016f (tedy ani tohoto), nebyly zat\u00edm v\u011bdecky testov\u00e1ny.\u00a0<\/p>\n<p>\u00a0\u00a0<\/p>\n<h2>Metody p\u0159\u00edpravy \u010daje Gunpowder<\/h2>\n<p>Metody p\u0159\u00edpravy \u010daje Gunpowder se zna\u010dn\u011b li\u0161\u00ed vzhledem k r\u016fzn\u00fdm typ\u016fm a individu\u00e1ln\u00edm preferenc\u00edm pij\u00e1ka \u010daje. Nicm\u00e9n\u011b obecn\u011b se doporu\u010duje 12-15 g na jeden litr vody. \u010cajov\u00e9 listky by m\u011bly b\u00fdt pono\u0159en\u00fd po dobu jedn\u00e9 a\u017e t\u0159\u00ed minut. Teplota vody by nem\u011bla p\u0159es\u00e1hnout 80\u00b0C. Nedoporu\u010duje se p\u0159id\u00e1vat \u017e\u00e1dn\u00e9 ml\u00e9ko nebo cukr. Gunpowder je ur\u010den k pot\u011b\u0161en\u00ed z jeho chut\u011b a v\u016fn\u011b v p\u0159irozen\u00e9m stavu.<\/p>\n<p>\u00a0<\/p>\n<h2>Doporu\u010den\u00ed Zelen\u00e9ho Draka pro p\u0159\u00edpravu zelen\u00e9ho \u010daje.<\/h2>\n<p>Vlo\u017e\u00edme zelen\u00fd \u010daj do konvice (cca 10g \u010daje na jeden litr vody). Nejprve na zelen\u00fd \u010daj nalijeme z jedn\u00e9 \u010dtvrtiny studenou vodu a pot\u00e9 dolijeme vrouc\u00ed vodu. Louhujeme dv\u011b a\u017e t\u0159i minuty, podle toho jak chceme siln\u00fd \u010daj. Zelen\u00fd \u010daj m\u016f\u017ee b\u00fdt v\u00edcekr\u00e1t vylouhov\u00e1n. T\u00edmto zp\u016fsobem p\u0159\u00edpravy si ka\u017ed\u00fd typ zelen\u00e9ho \u010daje zachov\u00e1 svoje specifick\u00e9 \u00fa\u010dinky a jedine\u010dnou chu\u0165.<\/p>\n<p>Lidstvo se neust\u00e1le sch\u00e1z\u00ed u \u0161\u00e1lku \u010daje.<\/p>\n<p>(Okakuro Kakuzo)<\/p>\n<p>\u00a0<\/p>\n<p>\u00a0<\/p>\n<h2>CHINA GUNPOWDER GRADE 1 BIO &#8211;\u00a0siln\u011b povzbuzuj\u00edc\u00ed zelen\u00fd \u010daj<\/h2>\n<p><span style=\"line-height: 1.5em;\"><img decoding=\"async\" title=\"CHINA GUNPOWDER GRADE 1 BIO - zelen\u00fd \u010daj siln\u011b povzbuzuj\u00edc\u00ed\" src=\"https:\/\/zelenydrak.cz\/img\/cms\/gunpowder.jpg\" alt=\"CHINA GUNPOWDER GRADE 1 BIO - zelen\u00fd \u010daj siln\u011b povzbuzuj\u00edc\u00ed\" \/><\/span><\/p>\n<h2 style=\"text-align: right;\"><span style=\"background-color: #99cc00;\"><strong><br \/><\/strong><\/span><\/h2>\n<p>\u00a0<\/p>\n<p>\u00a0<\/p>\n<p>\u00a0<\/p>\n<p>\u00a0<\/p>\n<p>\u00a0<\/p>\n<h2><span style=\"line-height: 1.5em;\">CHINA GUNPOWDER GRADE 1 BIO \u2013 siln\u011b povzbuzuj\u00edc\u00ed zelen\u00fd \u010daj\u00a0&#8211; p\u0159\u00edprava<\/span><\/h2>\n<p><span style=\"line-height: 1.5em;\"><img decoding=\"async\" title=\"CHINA GUNPOWDER GRADE 1 BIO - siln\u011b povzbuzuj\u00edc\u00ed zelen\u00fd \u010daj - p\u0159\u00edprava\" src=\"https:\/\/zelenydrak.cz\/img\/cms\/gunpowder_priprava.jpg\" alt=\"CHINA GUNPOWDER GRADE 1 BIO - siln\u011b povzbuzuj\u00edc\u00ed zelen\u00fd \u010daj \u2013 p\u0159\u00edprava\" \/><\/span><\/p>\n<p>\u00a0<\/p>\n<p>\u00a0<\/p>\n<p>\u00a0<\/p>\n<p>\u00a0<\/p>\n<p>\u00a0<\/p>\n<h2><span style=\"line-height: 1.5em;\">CHINA GUNPOWDER GRADE 1 BIO &#8211; siln\u011b povzbuzuj\u00edc\u00ed zelen\u00fd \u010daj &#8211; n\u00e1lev<\/span><\/h2>\n<p><span style=\"line-height: 1.5em;\"><img decoding=\"async\" title=\"CHINA GUNPOWDER GRADE 1 BIO - siln\u011b povzbuzuj\u00edc\u00ed zelen\u00fd \u010daj - n\u00e1lev\" src=\"https:\/\/zelenydrak.cz\/img\/cms\/gunpowder_nalev.jpg\" alt=\"CHINA GUNPOWDER GRADE 1 BIO - siln\u011b povzbuzuj\u00edc\u00ed zelen\u00fd \u010daj - n\u00e1lev\" \/><\/span><\/p>\n","protected":false},"excerpt":{"rendered":"<p><img loading=\"lazy\" decoding=\"async\" class=\"size-full wp-image-2970 alignleft\" src=\"https:\/\/zelenydrak.cz\/wp-content\/uploads\/2024\/08\/konvice-caj.png\" alt=\"\" width=\"48\" height=\"48\" \/>   V\u016fn\u011b a chu\u0165: siln\u00e1 chu\u0165 zelen\u00e9ho \u010daje Pit\u00ed zelen\u00e9ho \u010daje Gunpowder (st\u0159eln\u00e9ho prachu) je tradice, kter\u00e1 za\u010dala mnohem d\u0159\u00edve, ne\u017e by se dalo o\u010dek\u00e1vat. V\u00fdroba st\u0159eln\u00e9ho prachu coby \u010daje v \u010c\u00edn\u011b sah\u00e1 a\u017e do dynastie Tchang kolem roku 618 nl. Svou velkou popularitu si Gunpowder z\u00edskal, a\u017e v roce 1800 na Tchaj-wanu. Zelen\u00fd \u010caj Gunpowder poch\u00e1z\u00ed z ur\u010dit\u00fdch provinci\u00edch v \u010c\u00edn\u011b, p\u0159ev\u00e1\u017en\u011b z provincie \u010ce-\u0165iang, kde se dnes v\u011bt\u0161ina vyprodukovan\u00e9ho \u010daje roluje strojem. Nicm\u00e9n\u011b opravdu kvalitn\u00ed zelen\u00fd \u010daj Gunpowder je rolov\u00e1n ru\u010dn\u011b a v\u00fdsledn\u00e1 cena tomu odpov\u00edd\u00e1. <\/p>\n","protected":false},"featured_media":91178,"comment_status":"open","ping_status":"closed","template":"","meta":[],"product_brand":[],"product_cat":[295,311],"product_tag":[],"class_list":{"0":"post-91151","1":"product","2":"type-product","3":"status-publish","4":"has-post-thumbnail","6":"product_cat-zeleny-caj-cisty","7":"product_cat-zeleny-caj-cisty-bio","9":"first","10":"instock","11":"product-type-variable","12":"has-default-attributes"},"_links":{"self":[{"href":"https:\/\/zelenydrak.cz\/velkoobchod\/wp-json\/wp\/v2\/product\/91151","targetHints":{"allow":["GET"]}}],"collection":[{"href":"https:\/\/zelenydrak.cz\/velkoobchod\/wp-json\/wp\/v2\/product"}],"about":[{"href":"https:\/\/zelenydrak.cz\/velkoobchod\/wp-json\/wp\/v2\/types\/product"}],"replies":[{"embeddable":true,"href":"https:\/\/zelenydrak.cz\/velkoobchod\/wp-json\/wp\/v2\/comments?post=91151"}],"wp:featuredmedia":[{"embeddable":true,"href":"https:\/\/zelenydrak.cz\/velkoobchod\/wp-json\/wp\/v2\/media\/91178"}],"wp:attachment":[{"href":"https:\/\/zelenydrak.cz\/velkoobchod\/wp-json\/wp\/v2\/media?parent=91151"}],"wp:term":[{"taxonomy":"product_brand","embeddable":true,"href":"https:\/\/zelenydrak.cz\/velkoobchod\/wp-json\/wp\/v2\/product_brand?post=91151"},{"taxonomy":"product_cat","embeddable":true,"href":"https:\/\/zelenydrak.cz\/velkoobchod\/wp-json\/wp\/v2\/product_cat?post=91151"},{"taxonomy":"product_tag","embeddable":true,"href":"https:\/\/zelenydrak.cz\/velkoobchod\/wp-json\/wp\/v2\/product_tag?post=91151"}],"curies":[{"name":"wp","href":"https:\/\/api.w.org\/{rel}","templated":true}]}}