{"id":91150,"date":"2025-03-05T08:06:28","date_gmt":"2025-03-05T08:06:28","guid":{"rendered":"https:\/\/zelenydrak.cz\/velkoobchod\/?post_type=product&#038;p=91150"},"modified":"2025-03-05T08:06:35","modified_gmt":"2025-03-05T08:06:35","slug":"china-chun-mee-bio-zeleny-caj","status":"publish","type":"product","link":"https:\/\/zelenydrak.cz\/velkoobchod\/produkt\/china-chun-mee-bio-zeleny-caj\/","title":{"rendered":"CHINA CHUN MEE BIO &#8211; zelen\u00fd \u010daj"},"content":{"rendered":"<h2>CHINA CHUN MEE BIO &#8211; prav\u00fd zelen\u00fd \u010daj<\/h2>\n<p>Slo\u017een\u00ed \u010daje: prav\u00fd zelen\u00fd \u010d\u00ednsk\u00fd \u010daj 100%.<\/p>\n<h2>\u00davod do \u010caje Chun Mee<\/h2>\n<p>Zelen\u00fd \u010daj je v \u010c\u00edn\u011b v\u00edce ne\u017e jen n\u00e1poj. Je to ned\u00edln\u00e1 sou\u010d\u00e1st kultury a historie t\u00e9to zem\u011b. Mezi nejzn\u00e1m\u011bj\u0161\u00ed odr\u016fdy pat\u0159\u00ed \u010daj Chun Mee, jeho\u017e n\u00e1zev v p\u0159ekladu znamen\u00e1 \u201evz\u00e1cn\u00e9 obo\u010d\u00ed\u201c. Tento unik\u00e1tn\u00ed \u010daj je ocen\u011bn pro svou v\u00fdjime\u010dnou chu\u0165 a aroma, co\u017e je l\u00e1kavou volbou pro milovn\u00edky \u010daje po cel\u00e9m sv\u011bt\u011b. Chun Mee se vyzna\u010duje zvl\u00e1\u0161tn\u00edm tvarem zakroucen\u00e9ho \u010dajov\u00e9ho listu, kter\u00fd nejen\u017ee jezd\u00ed k jeho estetick\u00e9mu vzhledu, ale tak\u00e9 k jeho charakteristick\u00e9 chuti.<\/p>\n<h3>Historie a P\u016fvod<\/h3>\n<p>P\u011bstov\u00e1n\u00ed a v\u00fdroba \u010daje Chun Mee m\u00e1 dlouhou a fascinuj\u00edc\u00ed historii, kter\u00e1 sah\u00e1 a\u017e do d\u00e1vn\u00fdch \u010das\u016f. Tento \u010daj se nej\u010dast\u011bji p\u011bstuje v \u010dajov\u00fdch regionech, jako jsou Anhui a Zhejiang, kter\u00e9 jsou sv\u00fdmi zn\u00e1m\u00fdmi v\u00fdjime\u010dn\u00fdmi klimatick\u00fdmi podm\u00ednkami. Kultura konzumace \u010daje v \u010d\u00ednsk\u00e9 spole\u010dnosti je velmi d\u016fle\u017eit\u00e1, proto\u017ee \u010daj se tradi\u010dn\u011b pije p\u0159i r\u016fzn\u00fdch spole\u010densk\u00fdch p\u0159\u00edle\u017eitostech, od rodinn\u00fdch setk\u00e1n\u00ed po oslav\u00e1ch. Chun Mee se st\u00e1v\u00e1 symbolem pohostinnosti, jeliko\u017e jeho p\u0159\u00edprava a pod\u00e1v\u00e1n\u00ed \u010daje je neodmyslitelnou sou\u010d\u00e1st\u00ed \u010d\u00ednsk\u00fdch tradi\u010dn\u00edch ob\u0159ad\u016f.<\/p>\n<h3>Zpracov\u00e1n\u00ed a V\u00fdroba<\/h3>\n<p>P\u011bstov\u00e1n\u00ed \u010daje Chun Mee zahrnuje precizn\u00ed proces, kter\u00fd za\u010d\u00edn\u00e1 pe\u010dlivou sklizn\u00ed mlad\u00fdch list\u016f \u010dajovn\u00edku. Tyto listy jsou pot\u00e9 podrobeny specifick\u00e9mu zpracov\u00e1n\u00ed, kdy vyu\u017e\u00edvaj\u00ed techniku kva\u0161en\u00ed, kter\u00e9 \u010daje dod\u00e1vaj\u00ed jeho charakteristickou sladkou v\u016fni a plnou chu\u0165 s lesn\u00edmi podt\u00f3ny. Tvar \u010dajov\u00fdch list\u016f, kter\u00fd je typick\u00fd pro Chun Mee, je v\u00fdsledkem mechanick\u00e9ho zpracov\u00e1n\u00ed, kter\u00e9 napom\u00e1h\u00e1 esenci\u00e1ln\u00edch olej\u016f a chut\u00ed. V porovn\u00e1n\u00ed s jin\u00fdmi zelen\u00fdmi \u010daji, jako je Sencha nebo Dra\u010d\u00ed studna, m\u00e1 Chun Mee jedine\u010dnou aromatickou chu\u0165, kter\u00e1 l\u00e1k\u00e1 \u0161irok\u00e9 spektrum \u010dajov\u00fdch nad\u0161enc\u016f. Toto Vz\u00e1cn\u00e9 obo\u010d\u00ed poch\u00e1z\u00ed z kontrolovan\u00e9ho ekologick\u00e9ho zem\u011bd\u011blstv\u00ed.<\/p>\n<h4>Stupn\u011b \u010daje Chun Mee<\/h4>\n<p>Hotov\u00e9 listy vysoce kvalitn\u00edho \u010daje Chun Mee jsou velmi konzistentn\u00ed co do velikosti a tvaru. Nejvy\u0161\u0161\u00ed zn\u00e1mka se b\u011b\u017en\u011b jmenuje 41022, n\u00e1sleduje 9371 9370 9369 9368 9367 9366 a 9380. Obecn\u011b lze \u0159\u00edci, \u017ee 9366 m\u00e1 nejni\u017e\u0161\u00ed zn\u00e1mku a 9380 jsou vlastn\u011b zbytky, ke kter\u00fdm doch\u00e1z\u00ed b\u011bhem v\u00fdroby ostatn\u00edch t\u0159\u00edd Chun Mee.<\/p>\n<h4>Jin\u00e1 jm\u00e9na \u010daje Chun Mee:<\/h4>\n<p>Chun Mei, Zhen Mei, Mee Cha, Drah\u00e9 obo\u010d\u00ed<\/p>\n<p>&nbsp;<\/p>\n<h3>V\u016fn\u011b a Chu\u0165 Chun Mee<\/h3>\n<p>Aroma \u010daje Chun Mee se vyzna\u010duje slad\u0161\u00edmi t\u00f3ny s jemn\u00fdmi lesn\u00edmi n\u00e1znaky, co\u017e p\u0159edstavuje v\u00edtanou zm\u011bnu od jin\u00fdch zelen\u00fdch \u010daj\u016f. Chu\u0165 tohoto \u010daje se m\u016f\u017ee m\u011bnit v z\u00e1vislosti na metod\u011b p\u0159\u00edpravy, p\u0159i\u010dem\u017e ka\u017ed\u00fd zp\u016fsob p\u0159in\u00e1\u0161\u00ed nov\u00e9 nuance a hloubku. P\u0159i spr\u00e1vn\u00e9m louhov\u00e1n\u00ed, kter\u00e9 obvykle zahrnuje pou\u017eit\u00ed vody o teplot\u011b kolem 80 \u00b0C a doby louhov\u00e1n\u00ed p\u0159ibli\u017en\u011b 2\u20133 minuty, uvol\u0148uje bohatost jeho chuti, kterou ocen\u00ed jak nov\u00e1\u010dci, tak zku\u0161en\u00ed milovn\u00edci \u010daje. \u010caj d\u00e1v\u00e1 jasn\u011b \u017elutozelen\u00fd n\u00e1lev.<\/p>\n<h4>Regenera\u010dn\u00ed v\u00fdhody<\/h4>\n<p>Pravideln\u00e1 konzumace tohoto \u010daje m\u016f\u017ee m\u00edt r\u016fzn\u00e9 pozitivn\u00ed \u00fa\u010dinky na t\u011blo. V dne\u0161n\u00ed dob\u011b se \u010daj v r\u00e1mci zdrav\u00e9ho \u017eivotn\u00edho stylu st\u00e1le v\u00edce dost\u00e1v\u00e1 do pop\u0159ed\u00ed, a Chun Mee nen\u00ed pozadu, nebo\u0165 jeho konzumace m\u016f\u017ee b\u00fdt skv\u011bl\u00fdm dopl\u0148kem k vyv\u00e1\u017een\u00e9 strav\u011b.<\/p>\n<h4>Jak P\u0159ipravit \u010caj Chun Mee<\/h4>\n<p>Existuje n\u011bkolik metod, jak si p\u0159ipravit chutn\u00fd \u0161\u00e1lek Chun Mee. Nejen, \u017ee je d\u016fle\u017eit\u00e9 v\u011bnovat pozornost teplot\u011b vody a dob\u011b louhov\u00e1n\u00ed, ale tak\u00e9 v\u00fdb\u011br vhodn\u00e9ho \u010dajov\u00e9ho n\u00e1dob\u00ed m\u016f\u017ee v\u00fdrazn\u011b ovlivnit to jak \u010daj bude chutnat. Doporu\u010duje se pou\u017e\u00edt konvici, kter\u00e1 udr\u017euje teplo, a d\u00edky tomu si m\u016f\u017eete u\u017e\u00edt \u010daj a m\u016f\u017eete se t\u011b\u0161it na p\u0159\u00edjemn\u00fd, sametov\u00fd pocit na jazyku, kter\u00fd je podpo\u0159en sv\u011b\u017e\u00ed bylinnou notou. Zku\u0161en\u00e9 smysly ocen\u00ed i jemn\u00e9 t\u00f3ny lesn\u00edch plod\u016f, kter\u00e9 se postupn\u011b vyv\u00edjej\u00ed b\u011bhem ka\u017ed\u00e9ho sousta.<\/p>\n<h5>Chun Mee ve Sv\u011bt\u011b<\/h5>\n<p>Na mezin\u00e1rodn\u00ed \u00farovni z\u00edsk\u00e1v\u00e1 Chun Mee na popularit\u011b, zejm\u00e9na v USA, kde se st\u00e1v\u00e1 st\u00e1le obl\u00edben\u011bj\u0161\u00ed volbou mezi milovn\u00edky zelen\u00e9ho \u010daje. Trendy v konzumaci zelen\u00e9ho \u010daje sv\u011bd\u010d\u00ed o rostouc\u00edm z\u00e1jmu o zdrav\u00e9 n\u00e1poje, co\u017e posiluje pozici Chun Mee jako kl\u00ed\u010dov\u00e9ho hr\u00e1\u010de na trhu. Jeho uchopen\u00ed v glob\u00e1ln\u00edm m\u011b\u0159\u00edtku dokazuje, jak tradi\u010dn\u00ed \u010d\u00ednsk\u00fd \u010daj m\u016f\u017ee naj\u00edt sv\u00e9 m\u00edsto v modern\u00edm sv\u011bt\u011b, p\u0159i\u010dem\u017e si zachov\u00e1v\u00e1 svou funkci a tradici.<\/p>\n<h5>Kultury a tradice spojen\u00e9 s \u010dajem<\/h5>\n<p>V \u010d\u00ednsk\u00e9 kultu\u0159e hraje \u010daj kl\u00ed\u010dovou roli ve spole\u010densk\u00fdch ritu\u00e1lech a denn\u00edch rutin\u00e1ch. Tradi\u010dn\u00ed \u010dajov\u00e9 ob\u0159ady, kter\u00e9 zahrnuj\u00ed slo\u017eit\u00e9 ritu\u00e1ly p\u0159\u00edpravy a pod\u00e1v\u00e1n\u00ed \u010daje, ukazuj\u00ed, jak hluboce je \u010daj zako\u0159en\u011bn v \u017eivot\u011b \u010c\u00ed\u0148an\u016f. \u010caj se \u010dasto pou\u017e\u00edv\u00e1 jako symbol pohostinnosti a p\u0159\u00edle\u017eitosti k vytv\u00e1\u0159en\u00ed vztah\u016f, a\u0165 u\u017e je to p\u0159i ofici\u00e1ln\u00edch setk\u00e1n\u00edch nebo u rodinn\u00e9ho stolu.<\/p>\n<h5>Porovn\u00e1n\u00ed s Jin\u00fdmi Zelen\u00fdmi \u010caji<\/h5>\n<p>Kdy\u017e srovn\u00e1me Chun Mee s jin\u00fdmi zelen\u00fdmi \u010daji, jako jsou Sencha a Gunpowder, odhal\u00edme, \u017ee ka\u017ed\u00fd m\u00e1 sv\u00e9 charakteristick\u00e9 rysy. Zat\u00edmco Sencha m\u00e1 jasn\u011bj\u0161\u00ed a osv\u011b\u017euj\u00edc\u00ed chu\u0165, Chun Mee navozuje jin\u00fd pocit, bohat\u0161\u00ed s v\u00edce komplexn\u00edmi t\u00f3ny. Tyto rozd\u00edly \u010din\u00ed Chun Mee unik\u00e1tn\u00edm ve sv\u011bt\u011b zelen\u00fdch \u010daj\u016f a p\u0159edstavuj\u00ed jej jako zaj\u00edmavou alternativu pro ty, kte\u0159\u00ed hledaj\u00ed nov\u00e9 a vzru\u0161uj\u00edc\u00ed chut\u011b.<\/p>\n<h6>Z\u00e1v\u011brem<\/h6>\n<p>\u010caj Chun Mee je bezpochyby cenn\u00fdm p\u0159\u00edr\u016fstkem do sv\u011bta zelen\u00fdch \u010daj\u016f. Jeho p\u0159\u00ednosy a zaj\u00edmavosti z n\u011bj \u010din\u00ed atraktivn\u00ed volbou jak pro zku\u0161en\u00e9 znalce, tak pro nov\u00e1\u010dky. P\u0159esto\u017ee jeho tradice m\u016f\u017ee b\u00fdt tis\u00edce let star\u00e1, Chun Mee si st\u00e1le nach\u00e1z\u00ed uplatn\u011bn\u00ed v modern\u00edm \u017eivot\u011b a zdrav\u00e9m \u017eivotn\u00edm stylu. Ka\u017ed\u00fd \u0161\u00e1lek \u010daje p\u0159in\u00e1\u0161\u00ed nejen pot\u011b\u0161en\u00ed z chuti, ale tak\u00e9 p\u0159\u00edle\u017eitost k prohlouben\u00ed znalost\u00ed o kultu\u0159e a tradici tepl\u00fdch n\u00e1poj\u016f.Vyzkou\u0161ejte tento v\u00fdjime\u010dn\u00fd zelen\u00fd \u010daj a objevte jeho kouzlo!<img decoding=\"async\" src=\"https:\/\/caj-a-kava.cz\/obrazky\/uvod\/dobalouhovani\/zeleny_caj.jpg\" alt=\"Prodej zelen\u00e9ho, sypan\u00e9ho BIO \u010daje. P\u0159\u00edprava \u010daje od Zelen\u00fd Drak \u010daj a k\u00e1va\" \/><\/p>\n","protected":false},"excerpt":{"rendered":"<p><img loading=\"lazy\" decoding=\"async\" class=\"size-full wp-image-2970 alignleft\" src=\"https:\/\/zelenydrak.cz\/wp-content\/uploads\/2024\/08\/konvice-caj.png\" alt=\"\" width=\"48\" height=\"48\" \/> V\u016fn\u011b a chu\u0165: sladk\u00e1 v\u016fn\u011b s t\u00f3ny lesa. \u010caj Chun Mee je jedn\u00edm z nejpopul\u00e1rn\u011bj\u0161\u00edch zelen\u00fdch \u010daj\u016f poch\u00e1zej\u00edc\u00edch z \u010c\u00edny. Chun Mee se p\u0159ekl\u00e1d\u00e1 do angli\u010dtiny jako Precious Eye Brows. Ano, listy \u010daje Chun Mee p\u0159i su\u0161en\u00ed vytv\u00e1\u0159ej\u00ed klenut\u00fd tvar typick\u00e9ho obo\u010d\u00ed. Proto jm\u00e9no Vz\u00e1cn\u00e9 nebo Drah\u00e9 obo\u010d\u00ed.<\/p>\n","protected":false},"featured_media":91176,"comment_status":"open","ping_status":"closed","template":"","meta":[],"product_brand":[],"product_cat":[295,311],"product_tag":[],"class_list":{"0":"post-91150","1":"product","2":"type-product","3":"status-publish","4":"has-post-thumbnail","6":"product_cat-zeleny-caj-cisty","7":"product_cat-zeleny-caj-cisty-bio","9":"first","10":"instock","11":"product-type-variable","12":"has-default-attributes"},"_links":{"self":[{"href":"https:\/\/zelenydrak.cz\/velkoobchod\/wp-json\/wp\/v2\/product\/91150","targetHints":{"allow":["GET"]}}],"collection":[{"href":"https:\/\/zelenydrak.cz\/velkoobchod\/wp-json\/wp\/v2\/product"}],"about":[{"href":"https:\/\/zelenydrak.cz\/velkoobchod\/wp-json\/wp\/v2\/types\/product"}],"replies":[{"embeddable":true,"href":"https:\/\/zelenydrak.cz\/velkoobchod\/wp-json\/wp\/v2\/comments?post=91150"}],"wp:featuredmedia":[{"embeddable":true,"href":"https:\/\/zelenydrak.cz\/velkoobchod\/wp-json\/wp\/v2\/media\/91176"}],"wp:attachment":[{"href":"https:\/\/zelenydrak.cz\/velkoobchod\/wp-json\/wp\/v2\/media?parent=91150"}],"wp:term":[{"taxonomy":"product_brand","embeddable":true,"href":"https:\/\/zelenydrak.cz\/velkoobchod\/wp-json\/wp\/v2\/product_brand?post=91150"},{"taxonomy":"product_cat","embeddable":true,"href":"https:\/\/zelenydrak.cz\/velkoobchod\/wp-json\/wp\/v2\/product_cat?post=91150"},{"taxonomy":"product_tag","embeddable":true,"href":"https:\/\/zelenydrak.cz\/velkoobchod\/wp-json\/wp\/v2\/product_tag?post=91150"}],"curies":[{"name":"wp","href":"https:\/\/api.w.org\/{rel}","templated":true}]}}