{"id":91148,"date":"2025-03-05T08:06:28","date_gmt":"2025-03-05T08:06:28","guid":{"rendered":"https:\/\/zelenydrak.cz\/velkoobchod\/?post_type=product&#038;p=91148"},"modified":"2025-03-05T08:06:35","modified_gmt":"2025-03-05T08:06:35","slug":"fialkove-nebe-zeleny-caj","status":"publish","type":"product","link":"https:\/\/zelenydrak.cz\/velkoobchod\/produkt\/fialkove-nebe-zeleny-caj\/","title":{"rendered":"FIALKOV\u00c9 NEBE &#8211; zelen\u00fd \u010daj"},"content":{"rendered":"<h2>FIALKOV\u00c9 NEBE &#8211; zelen\u00fd \u010daj<\/h2>\n<p>Slo\u017een\u00ed: zelen\u00fd \u010daj \u010c\u00edna Sencha, b\u00edl\u00fd \u010daj White Monkey (B\u00edl\u00e1 opice), p\u0159\u00edrodn\u00ed aroma, cel\u00e9 maliny (4%), fialkov\u00e9 kv\u011bty (1%).<\/p>\n<p>Doporu\u010den\u00ed Zelen\u00e9ho Draka pro p\u0159\u00edpravu zelen\u00e9ho \u010daje.<\/p>\n<p>Vlo\u017e\u00edme zelen\u00fd \u010daj do konvice (cca 10g \u010daje na jeden litr vody). Nejprve na zelen\u00fd \u010daj nalijeme z jedn\u00e9 \u010dtvrtiny studenou vodu a pot\u00e9 dolijeme vrouc\u00ed vodu. Louhujeme dv\u011b a\u017e t\u0159i minuty, podle toho jak chceme siln\u00fd \u010daj. Zelen\u00fd \u010daj m\u016f\u017ee b\u00fdt v\u00edcekr\u00e1t vylouhov\u00e1n. T\u00edmto zp\u016fsobem p\u0159\u00edpravy si ka\u017ed\u00fd typ zelen\u00e9ho \u010daje zachov\u00e1 svoje specifick\u00e9 \u00fa\u010dinky a jedine\u010dnou chu\u0165.<br \/>  Lidstvo se neust\u00e1le sch\u00e1z\u00ed u \u0161\u00e1lku \u010daje.<br \/>(Okakuro Kakuzo)<\/p>\n<p><img decoding=\"async\" src=\"https:\/\/caj-a-kava.cz\/obrazky\/uvod\/dobalouhovani\/zeleny_caj_ochuceny.jpg\" alt=\"Prodej zelen\u00e9ho, sypan\u00e9ho, ochucen\u00e9ho \u010daje. P\u0159\u00edprava \u010daje od Zelen\u00fd Drak \u010daj a k\u00e1va\" \/>\u00a0<\/p>\n","protected":false},"excerpt":{"rendered":"<p><img loading=\"lazy\" decoding=\"async\" class=\"size-full wp-image-2970 alignleft\" src=\"https:\/\/zelenydrak.cz\/wp-content\/uploads\/2024\/08\/konvice-caj.png\" alt=\"\" width=\"48\" height=\"48\" \/>   V\u016fn\u011b a chu\u0165: malin a fialek.<\/p>\n","protected":false},"featured_media":91172,"comment_status":"open","ping_status":"closed","template":"","meta":[],"product_brand":[],"product_cat":[297],"product_tag":[],"class_list":{"0":"post-91148","1":"product","2":"type-product","3":"status-publish","4":"has-post-thumbnail","6":"product_cat-zeleny-caj-ochuceny","8":"first","9":"instock","10":"product-type-variable","11":"has-default-attributes"},"_links":{"self":[{"href":"https:\/\/zelenydrak.cz\/velkoobchod\/wp-json\/wp\/v2\/product\/91148","targetHints":{"allow":["GET"]}}],"collection":[{"href":"https:\/\/zelenydrak.cz\/velkoobchod\/wp-json\/wp\/v2\/product"}],"about":[{"href":"https:\/\/zelenydrak.cz\/velkoobchod\/wp-json\/wp\/v2\/types\/product"}],"replies":[{"embeddable":true,"href":"https:\/\/zelenydrak.cz\/velkoobchod\/wp-json\/wp\/v2\/comments?post=91148"}],"wp:featuredmedia":[{"embeddable":true,"href":"https:\/\/zelenydrak.cz\/velkoobchod\/wp-json\/wp\/v2\/media\/91172"}],"wp:attachment":[{"href":"https:\/\/zelenydrak.cz\/velkoobchod\/wp-json\/wp\/v2\/media?parent=91148"}],"wp:term":[{"taxonomy":"product_brand","embeddable":true,"href":"https:\/\/zelenydrak.cz\/velkoobchod\/wp-json\/wp\/v2\/product_brand?post=91148"},{"taxonomy":"product_cat","embeddable":true,"href":"https:\/\/zelenydrak.cz\/velkoobchod\/wp-json\/wp\/v2\/product_cat?post=91148"},{"taxonomy":"product_tag","embeddable":true,"href":"https:\/\/zelenydrak.cz\/velkoobchod\/wp-json\/wp\/v2\/product_tag?post=91148"}],"curies":[{"name":"wp","href":"https:\/\/api.w.org\/{rel}","templated":true}]}}