{"id":91147,"date":"2025-03-05T08:06:27","date_gmt":"2025-03-05T08:06:27","guid":{"rendered":"https:\/\/zelenydrak.cz\/velkoobchod\/?post_type=product&#038;p=91147"},"modified":"2025-03-05T08:06:35","modified_gmt":"2025-03-05T08:06:35","slug":"cistus-incanus-bylinny-caj","status":"publish","type":"product","link":"https:\/\/zelenydrak.cz\/velkoobchod\/produkt\/cistus-incanus-bylinny-caj\/","title":{"rendered":"CISTUS INCANUS &#8211; bylinn\u00fd \u010daj"},"content":{"rendered":"<h2>CISTUS INCANUS &#8211; bylinn\u00fd \u010daj<\/h2>\n<p>Slo\u017een\u00ed \u010daje: Cistus Incanus &#8211; Skaln\u00ed r\u016f\u017ee 100%.  Cistus Incanus je aromatick\u00fd a\u017e jeden metr vysok\u00fd von\u00edc\u00ed ke\u0159. <\/p>\n<p>Skaln\u00ed r\u016f\u017ee m\u00e1 domov ve St\u0159edomo\u0159\u00ed, kde se pou\u017e\u00edv\u00e1 v lidov\u00e9m l\u00e9\u010ditelstv\u00ed. Lid\u00e9 ve St\u0159edomo\u0159\u00ed v\u011b\u0159\u00ed, \u017ee Cistus Incanus obsahuje asi t\u0159ikr\u00e1t v\u00edce polyfenol\u016f ne\u017e \u010dern\u00fd \u010daj nebo \u010daj zelen\u00fd. P\u0159ed n\u011bkolika lety bylo zji\u0161t\u011bno, \u017ee m\u00e1 \u00fa\u017easn\u00fd \u00fa\u010dinek proti vir\u016fm. <\/p>\n<p>Slo\u017eky Skaln\u00ed r\u016f\u017ee &#8211; Cistus incanus &#8211; z\u0159ejm\u011b potla\u010duj\u00ed  r\u016fst vir\u016f v\u0161eho druhu. \u010caj z Cistus m\u016f\u017ee b\u00fdt p\u0159irozen\u00e1 podpora imunitn\u00edho syst\u00e9mu se siln\u00fdm toniza\u010dn\u00edm \u00fa\u010dinkem. Cistus \u010daje je b\u011b\u017en\u011b vyu\u017e\u00edv\u00e1no, proto\u017ee se lid\u00e9 domn\u00edvaj\u00ed, \u017ee je bohat\u00fd na polyfenoly a je vhodn\u00fd pro zdravou v\u00fd\u017eivu. Co jsou polyfenoly? Polyfenoly jsou rostlinn\u00e9 l\u00e1tky s n\u011bkolika velmi siln\u00fdmi antioxida\u010dn\u00edmi vlastnosti, kter\u00e9 se nach\u00e1zej\u00ed v mnoha rostlin\u00e1ch. Polyfenoly se nach\u00e1z\u00ed v ovoci, zelenin\u011b, zelen\u00e9m \u010daji a dal\u0161\u00edch potravin\u00e1ch. Lid\u00e9 v\u011b\u0159\u00ed, \u017ee vysok\u00e9 koncentrace polyfenol\u016f nalezneme t\u00e9\u017e v Cistus Incanus. Shrnut\u00ed: Skaln\u00ed r\u016f\u017ee je u\u017e\u00edv\u00e1no, proto\u017ee se v\u011b\u0159\u00ed, \u017ee \u2022 \u010dist\u00ed organismus od jedovat\u00fdch l\u00e1tek \u2022 zvy\u0161uje obranyschopnost organismu \u2022 m\u00e1 protiz\u00e1n\u011btliv\u00e9 a desinfek\u010dn\u00ed \u00fa\u010dinky \u2022 je \u00fa\u010dinnou obranou proti &#8222;voln\u00fdm radik\u00e1l\u016fm&#8220; \u2022 p\u016fsob\u00ed proti vir\u016fm, bakteri\u00edm a pl\u00edsn\u00edm \u2022 obsahuje velk\u00e9 mno\u017estv\u00ed ho\u0159\u010d\u00edku. <\/p>\n<p>Existuje n\u011bkolik zp\u016fsob\u016f, jak p\u0159ipravit tento lahodn\u00fd \u010daj: Prvn\u00ed zp\u016fsob &#8211; hrst \u010daje Cistus vlo\u017e\u00edme do hrnce, zalejeme asi 1litrem vody a p\u0159ivedeme k varu. Po asi 5 minut\u00e1ch va\u0159en\u00ed slejeme. Rychleji to jde, pokud p\u0159elijeme Cistus  vrouc\u00ed vodou a louhujeme p\u011bt minut. P\u0159ipravte Cistus jako \u010dern\u00fd \u010daj, ale ne d\u00e9le ne\u017e 5 minut. Jinak \u010daj chutn\u00e1 ho\u0159ce. Za \u00fa\u010delem pos\u00edlen\u00ed obranyschopnosti organismu n\u011bkte\u0159\u00ed lid\u00e9 pij\u00ed ka\u017ed\u00fd den 1 litr \u010daje Cistus.<\/p>\n<p> Je nutno podotknout, \u017ee \u00fa\u010dinky n\u00e1mi nab\u00edzen\u00fdch \u010daj\u016f (tedy ani tohoto), nebyly v\u011bdecky testov\u00e1ny. <\/p>\n<h2>Bylinn\u00fd \u010daj. Bylinky.<\/h2>\n<p>Navzdory v\u0161emu vyrostla bylinka. A\u0165 ji\u017e vyu\u017eijeme jako na\u0161e babi\u010dky he\u0159m\u00e1nek nebo fenykl p\u0159i \u017ealude\u010dn\u00edch obt\u00ed\u017e\u00edch, ryb\u00edz nebo m\u00e1tu peprnou p\u0159i nachlazen\u00ed, v\u017edy spoj\u00edme mo\u017en\u00fd blahod\u00e1rn\u00fd \u00fa\u010dinek s p\u0159irozen\u00fdm po\u017eitkem. Bylinn\u00e9 \u010daje jsou ide\u00e1ln\u00ed proti \u017e\u00edzni a obstaraj\u00ed svou rozmanitost\u00ed lahodnou zm\u011bnu chut\u00ed \u0161\u00e1lek za \u0161\u00e1lkem.<\/p>\n<h2>P\u0159\u00edchu\u0165 bylinn\u00fdch \u010daj\u016f nezn\u00e1 mez\u00ed.<\/h2>\n<p>Um\u011bt vyu\u017e\u00edt s\u00edlu bylinek je prad\u00e1vn\u00e1 tradice. Zelen\u00fd Drak\u00ae V\u00e1m nab\u00edz\u00ed nejen z\u00e1kladn\u00ed byliny vysok\u00e9 kvality, ale i star\u00e9 a obnoven\u00e9 \u010dajov\u00e9 sm\u011bsi. Pou\u017e\u00edvaj\u00ed se listy, kv\u011bty, ovoce a aroma, v kombinaci s m\u00e1tu peprnou, z\u00e1zvorem, ananasem, kop\u0159ivou, citr\u00f3novou tr\u00e1vou a mnoha dal\u0161\u00edmi. Jednou vznikne ovocn\u00e9 osv\u011b\u017een\u00ed, jednou ko\u0159en\u011bn\u00fd plnohodnotn\u00fd \u010daj. Ale poka\u017ed\u00e9 vznikne prav\u00fd chu\u0165ov\u00fd z\u00e1\u017eitek. Mimochodem: bylinkov\u00e9 \u010daje neobsahuj\u00ed (a\u017e na m\u00e1tu) \u017e\u00e1dn\u00fd kofein a jsou obl\u00edben\u00e9 u v\u0161ech v\u011bkov\u00fdch skupin.<\/p>\n<h2>P\u0159\u00edprava bylinn\u00e9ho \u010daje:<\/h2>\n<p>p\u0159elijte bylinky vrouc\u00ed vodou a nechte luhovat nejm\u00e9n\u011b 5 minut.<\/p>\n<p>V\u0161echny louky a hou\u0161t\u00ed, v\u0161echny hory a kopce jsou l\u00e9k\u00e1rnou.<\/p>\n<p>(Paracelsus)<\/p>\n<p><img decoding=\"async\" src=\"https:\/\/caj-a-kava.cz\/obrazky\/uvod\/dobalouhovani\/bylinny_caj.jpg\" alt=\"Prodej bylinkov\u00fdch \u010daj\u016f. P\u0159\u00edprava \u010daje od Zelen\u00fd Drak \u010daj a k\u00e1va\" \/>\u00a0<\/p>\n","protected":false},"excerpt":{"rendered":"<p><img loading=\"lazy\" decoding=\"async\" class=\"size-full wp-image-2970 alignleft\" src=\"https:\/\/zelenydrak.cz\/wp-content\/uploads\/2024\/08\/konvice-caj.png\" alt=\"\" width=\"48\" height=\"48\" \/>   V\u016fn\u011b a chu\u0165: Cistus Incanus tak\u00e9 naz\u00fdv\u00e1na Skaln\u00ed r\u016f\u017ee je velmi aromatick\u00e1 bylina.<\/p>\n","protected":false},"featured_media":91170,"comment_status":"open","ping_status":"closed","template":"","meta":[],"product_brand":[],"product_cat":[304],"product_tag":[],"class_list":{"0":"post-91147","1":"product","2":"type-product","3":"status-publish","4":"has-post-thumbnail","6":"product_cat-bylinny-caj-a-smesi","8":"first","9":"instock","10":"product-type-variable","11":"has-default-attributes"},"_links":{"self":[{"href":"https:\/\/zelenydrak.cz\/velkoobchod\/wp-json\/wp\/v2\/product\/91147","targetHints":{"allow":["GET"]}}],"collection":[{"href":"https:\/\/zelenydrak.cz\/velkoobchod\/wp-json\/wp\/v2\/product"}],"about":[{"href":"https:\/\/zelenydrak.cz\/velkoobchod\/wp-json\/wp\/v2\/types\/product"}],"replies":[{"embeddable":true,"href":"https:\/\/zelenydrak.cz\/velkoobchod\/wp-json\/wp\/v2\/comments?post=91147"}],"wp:featuredmedia":[{"embeddable":true,"href":"https:\/\/zelenydrak.cz\/velkoobchod\/wp-json\/wp\/v2\/media\/91170"}],"wp:attachment":[{"href":"https:\/\/zelenydrak.cz\/velkoobchod\/wp-json\/wp\/v2\/media?parent=91147"}],"wp:term":[{"taxonomy":"product_brand","embeddable":true,"href":"https:\/\/zelenydrak.cz\/velkoobchod\/wp-json\/wp\/v2\/product_brand?post=91147"},{"taxonomy":"product_cat","embeddable":true,"href":"https:\/\/zelenydrak.cz\/velkoobchod\/wp-json\/wp\/v2\/product_cat?post=91147"},{"taxonomy":"product_tag","embeddable":true,"href":"https:\/\/zelenydrak.cz\/velkoobchod\/wp-json\/wp\/v2\/product_tag?post=91147"}],"curies":[{"name":"wp","href":"https:\/\/api.w.org\/{rel}","templated":true}]}}