{"id":91146,"date":"2025-03-05T08:06:27","date_gmt":"2025-03-05T08:06:27","guid":{"rendered":"https:\/\/zelenydrak.cz\/velkoobchod\/?post_type=product&#038;p=91146"},"modified":"2025-03-05T08:06:35","modified_gmt":"2025-03-05T08:06:35","slug":"tulsi-bazalka-posvatna-bio-bylinny-caj","status":"publish","type":"product","link":"https:\/\/zelenydrak.cz\/velkoobchod\/produkt\/tulsi-bazalka-posvatna-bio-bylinny-caj\/","title":{"rendered":"TULSI &#8211; BAZALKA POSV\u00c1TN\u00c1 BIO &#8211; bylinn\u00fd \u010daj"},"content":{"rendered":"<h2>TULSI-BAZALKA POSV\u00c1TN\u00c1 BIO &#8211; bylinn\u00fd \u010daj<\/h2>\n<p>Slo\u017een\u00ed: Bazalka posv\u00e1tn\u00e1 100%. BIO kvalita. Lid\u00e9 se domn\u00edvaj\u00ed, \u017ee Tulsi je siln\u00fd antioxidant, adaptogen a imunomodul\u00e1tor. Lid\u00e9 vyu\u017e\u00edvaj\u00ed Tulsi jako antioxidantu, kter\u00fd zpomaluje proces nadm\u011brn\u00e9 oxidace v\u00a0bu\u0148k\u00e1ch a chr\u00e1n\u00ed je p\u0159ed po\u0161kozen\u00edm voln\u00fdmi radik\u00e1ly. Zabra\u0148uj\u00ed si  tak st\u00e1rnut\u00ed a mutaci bu\u0148ek. Jako adaptogen pr\u00fd Tulsi v\u00fdrazn\u011b sni\u017euje dopady stresu na organismus. Je nutno podotknout, \u017ee \u00fa\u010dinky n\u00e1mi nab\u00edzen\u00fdch \u010daj\u016f (tedy ani tohoto), nebyly v\u011bdecky testov\u00e1ny.  <\/p>\n<h2>Bylinn\u00fd \u010daj. Bylinky.<\/h2>\n<p>Navzdory v\u0161emu vyrostla bylinka. A\u0165 ji\u017e vyu\u017eijeme jako na\u0161e babi\u010dky he\u0159m\u00e1nek nebo fenykl p\u0159i \u017ealude\u010dn\u00edch obt\u00ed\u017e\u00edch, ryb\u00edz nebo m\u00e1tu peprnou p\u0159i nachlazen\u00ed, v\u017edy spoj\u00edme mo\u017en\u00fd blahod\u00e1rn\u00fd \u00fa\u010dinek s p\u0159irozen\u00fdm po\u017eitkem. Bylinn\u00e9 \u010daje jsou ide\u00e1ln\u00ed proti \u017e\u00edzni a obstaraj\u00ed svou rozmanitost\u00ed lahodnou zm\u011bnu chut\u00ed \u0161\u00e1lek za \u0161\u00e1lkem.<\/p>\n<h2>P\u0159\u00edchu\u0165 bylinn\u00fdch \u010daj\u016f nezn\u00e1 mez\u00ed.<\/h2>\n<p>Um\u011bt vyu\u017e\u00edt s\u00edlu bylinek je prad\u00e1vn\u00e1 tradice. Zelen\u00fd Drak\u00ae V\u00e1m nab\u00edz\u00ed nejen z\u00e1kladn\u00ed byliny vysok\u00e9 kvality, ale i star\u00e9 a obnoven\u00e9 \u010dajov\u00e9 sm\u011bsi. Pou\u017e\u00edvaj\u00ed se listy, kv\u011bty, ovoce a aroma, v kombinaci s m\u00e1tu peprnou, z\u00e1zvorem, ananasem, kop\u0159ivou, citr\u00f3novou tr\u00e1vou a mnoha dal\u0161\u00edmi. Jednou vznikne ovocn\u00e9 osv\u011b\u017een\u00ed, jednou ko\u0159en\u011bn\u00fd plnohodnotn\u00fd \u010daj. Ale poka\u017ed\u00e9 vznikne prav\u00fd chu\u0165ov\u00fd z\u00e1\u017eitek. Mimochodem: bylinkov\u00e9 \u010daje neobsahuj\u00ed (a\u017e na m\u00e1tu) \u017e\u00e1dn\u00fd kofein a jsou obl\u00edben\u00e9 u v\u0161ech v\u011bkov\u00fdch skupin.<\/p>\n<h2>P\u0159\u00edprava bylinn\u00e9ho \u010daje:<\/h2>\n<p>p\u0159elijte bylinky vrouc\u00ed vodou a nechte luhovat nejm\u00e9n\u011b 5 minut.<\/p>\n<p>V\u0161echny louky a hou\u0161t\u00ed, v\u0161echny hory a kopce jsou l\u00e9k\u00e1rnou.<\/p>\n<p>(Paracelsus)<\/p>\n<p><img decoding=\"async\" src=\"https:\/\/caj-a-kava.cz\/obrazky\/uvod\/dobalouhovani\/bylinny_caj.jpg\" alt=\"Prodej bylinkov\u00fdch \u010daj\u016f. P\u0159\u00edprava \u010daje od Zelen\u00fd Drak \u010daj a k\u00e1va\" \/>\u00a0<\/p>\n","protected":false},"excerpt":{"rendered":"<p><img loading=\"lazy\" decoding=\"async\" class=\"size-full wp-image-2970 alignleft\" src=\"https:\/\/zelenydrak.cz\/wp-content\/uploads\/2024\/08\/konvice-caj.png\" alt=\"\" width=\"48\" height=\"48\" \/>   V\u016fn\u011b a chu\u0165: \u010dist\u00e1 p\u0159\u00edrodn\u00ed.<\/p>\n","protected":false},"featured_media":91168,"comment_status":"open","ping_status":"closed","template":"","meta":[],"product_brand":[],"product_cat":[304],"product_tag":[],"class_list":{"0":"post-91146","1":"product","2":"type-product","3":"status-publish","4":"has-post-thumbnail","6":"product_cat-bylinny-caj-a-smesi","8":"first","9":"instock","10":"product-type-variable","11":"has-default-attributes"},"_links":{"self":[{"href":"https:\/\/zelenydrak.cz\/velkoobchod\/wp-json\/wp\/v2\/product\/91146","targetHints":{"allow":["GET"]}}],"collection":[{"href":"https:\/\/zelenydrak.cz\/velkoobchod\/wp-json\/wp\/v2\/product"}],"about":[{"href":"https:\/\/zelenydrak.cz\/velkoobchod\/wp-json\/wp\/v2\/types\/product"}],"replies":[{"embeddable":true,"href":"https:\/\/zelenydrak.cz\/velkoobchod\/wp-json\/wp\/v2\/comments?post=91146"}],"wp:featuredmedia":[{"embeddable":true,"href":"https:\/\/zelenydrak.cz\/velkoobchod\/wp-json\/wp\/v2\/media\/91168"}],"wp:attachment":[{"href":"https:\/\/zelenydrak.cz\/velkoobchod\/wp-json\/wp\/v2\/media?parent=91146"}],"wp:term":[{"taxonomy":"product_brand","embeddable":true,"href":"https:\/\/zelenydrak.cz\/velkoobchod\/wp-json\/wp\/v2\/product_brand?post=91146"},{"taxonomy":"product_cat","embeddable":true,"href":"https:\/\/zelenydrak.cz\/velkoobchod\/wp-json\/wp\/v2\/product_cat?post=91146"},{"taxonomy":"product_tag","embeddable":true,"href":"https:\/\/zelenydrak.cz\/velkoobchod\/wp-json\/wp\/v2\/product_tag?post=91146"}],"curies":[{"name":"wp","href":"https:\/\/api.w.org\/{rel}","templated":true}]}}