{"id":91143,"date":"2025-03-05T08:06:27","date_gmt":"2025-03-05T08:06:27","guid":{"rendered":"https:\/\/zelenydrak.cz\/velkoobchod\/?post_type=product&#038;p=91143"},"modified":"2025-03-05T08:06:35","modified_gmt":"2025-03-05T08:06:35","slug":"ibisek-kvety-bylinny-caj","status":"publish","type":"product","link":"https:\/\/zelenydrak.cz\/velkoobchod\/produkt\/ibisek-kvety-bylinny-caj\/","title":{"rendered":"IBI\u0160EK KV\u011aTY &#8211; bylinn\u00fd \u010daj"},"content":{"rendered":"<h2>IBI\u0160EK &#8211; bylinn\u00fd \u010daj nejen na dobr\u00fd krevn\u00ed tlak a cholesterol<\/h2>\n<p>Slo\u017een\u00ed \u010daje: ibi\u0161kov\u00e9 kv\u011bty 100%.<\/p>\n<h2>Popis \u010daje:<\/h2>\n<p><p>Ibi\u0161kov\u00e9 kv\u011bty. Ibi\u0161ek je p\u011bstov\u00e1n po cel\u00e9m sv\u011bt\u011b jak pro svou estetickou kr\u00e1su, tak pro jeho zdrav\u00ed prosp\u011b\u0161n\u00e9 l\u00e1tky, kter\u00e9 si m\u016f\u017eeme dop\u0159\u00e1t p\u0159edev\u0161\u00edm ve form\u011b \u010daje.\u00a0S ibi\u0161kov\u00fdm \u010dajem se ve v\u011bt\u0161in\u011b p\u0159\u00edpad\u016f sezn\u00e1m\u00edme prost\u0159ednictv\u00edm kysel\u00e9ho \u010daje nebo lahodn\u00e9ho osv\u011b\u017euj\u00edc\u00edho letn\u00edho n\u00e1poje do kter\u00e9ho je p\u0159id\u00e1v\u00e1n med. Nicm\u00e9n\u011b, tato p\u0159\u00edjemn\u011b chutnaj\u00edc\u00ed bylina s temn\u011b \u010dervenou barvou se m\u00e1 lidmi obecn\u011b za to, \u017ee m\u00e1 zdrav\u00ed prosp\u011b\u0161n\u00e9 vlastnosti, zejm\u00e9na pro ty, kte\u0159\u00ed cht\u011bj\u00ed podporovat kardiovaskul\u00e1rn\u00ed syst\u00e9m. P\u0159esto\u017ee v\u011bdeck\u00fd v\u00fdzkum byl omezen\u00fd, studie nazna\u010duj\u00ed, \u017ee ibi\u0161kov\u00fd \u010daj je prosp\u011b\u0161n\u00fd, pokud jde o jeho tradi\u010dn\u00ed vyu\u017eit\u00ed, co\u017e jsou probl\u00e9my s tlakem a cholesterolem. Pit\u00ed ibi\u0161kov\u00e9ho \u010daje je relativn\u011b bezpe\u010dn\u00e9, ale m\u011bli byste se v\u017edy poradit s kvalifikovan\u00fdm zdravotn\u00edm l\u00e9ka\u0159em p\u0159edt\u00edm, ne\u017e budete ibi\u0161ek konzumovat pro jeho l\u00e9\u010div\u00e9 vlastnosti, zejm\u00e9na pokud u\u017e\u00edv\u00e1te jin\u00e9 l\u00e9ky.<\/p>\n<p><img loading=\"lazy\" decoding=\"async\" style=\"float: left;\" title=\"konvice \u010caj-a-K\u00e1va.cz\" src=\"https:\/\/caj-a-kava.cz\/img\/cms\/konvice_zelenydrak.png\" alt=\"konvice \u010caj-a-K\u00e1va.cz\" width=\"100\" height=\"100\" \/><\/p>\n<h2>N\u00e1poj z ibi\u0161ku &#8211; ibi\u0161kov\u00fd \u010daj:<\/h2>\n<p>Ibi\u0161ek lid\u00e9 pij\u00ed, proto\u017ee v\u011b\u0159\u00ed v\u00a0mnoh\u00e9 zdrav\u00ed prosp\u011b\u0161n\u00e9 vlastnosti. \u00a0D\u00edky jeho velmi ovocn\u00e9 chuti je \u00a0dokonce sou\u010d\u00e1st\u00ed mnoha ovocn\u00fdch \u010daj\u016f. Nen\u00ed divu, \u017ee n\u00e1poj z n\u011bho je ve v\u00fd\u0161e zmi\u0148ovan\u00fdch oblastech tolik obl\u00edben\u00fd. Ibi\u0161kov\u00fd \u010daj byl \u00fadajn\u011b obl\u00edben\u00fdm pit\u00edm faraon\u016f, ale jeho kouzlo rozhodn\u011b nespo\u010d\u00edv\u00e1 jen v kr\u00e1sn\u00e9 barv\u011b. Obecn\u011b se m\u00e1 za to, \u017ee n\u00e1poj z ibi\u0161ku obsahuje velk\u00e9 mno\u017estv\u00ed miner\u00e1l\u016f a vitam\u00edn\u016f, v\u010detn\u011b vitam\u00ednu C, m\u00e1 antioxida\u010dn\u00ed, dezinfek\u010dn\u00ed a protiz\u00e1n\u011btliv\u00e9 \u00fa\u010dinky. Ibi\u0161ku je tak\u00e9 u\u017e\u00edv\u00e1no pro sn\u00ed\u017een\u00ed pocen\u00ed, zamezen\u00ed ukl\u00e1d\u00e1n\u00ed tuku v tepn\u00e1ch, p\u0159i redukci nadv\u00e1hy\u00a0\u010di pro stimulaci pam\u011bti. Pit\u00ed ibi\u0161kov\u00e9ho \u010daje nebo n\u00e1poje m\u016f\u017ee b\u00fdt dobr\u00e9 pro va\u0161i imunitu.<\/p>\n<p>\u00a0<\/p>\n<h2>R\u016fzn\u00e9 zem\u011b, r\u016fzn\u00e9 vyu\u017eit\u00ed ibi\u0161ku<\/h2>\n<p>Ibi\u0161ek (Hibiscus) je v p\u0159\u00edrod\u011b zastoupen v\u00edce ne\u017e dv\u011bma sty druhy. Ov\u0161em pro l\u00e9\u010debn\u00e9 \u00fa\u010dely se pou\u017e\u00edv\u00e1 pouze Hibiscus sabdariffa. Ten je vyu\u017e\u00edv\u00e1n pro celou \u0159adu onemocn\u011bn\u00ed. K l\u00e9\u010debn\u00fdm \u00fa\u010del\u016fm se pou\u017e\u00edv\u00e1 cel\u00e1 rostlinka, i kdy\u017e je pravdou, \u017ee kv\u011bty jsou pou\u017e\u00edv\u00e1ny nejv\u00edce. Pr\u00e1v\u011b z tohoto kv\u011btu poch\u00e1z\u00ed n\u00e1\u0161 ibi\u0161kov\u00fd \u010daj. Hibiscus sabdariffa je ke\u0159, kter\u00fd se m\u00e1 za to, \u017ee poch\u00e1z\u00ed z Angoly. Nyn\u00ed se ibi\u0161ek p\u011bstuje v tropick\u00fdch a subtropick\u00fdch oblastech, zejm\u00e9na v S\u00fad\u00e1nu, Egypt\u011b, Thajsku, Mexiku a \u010c\u00edn\u011b.<\/p>\n<p>V Egypt\u011b a S\u00fad\u00e1nu ibi\u0161ek pou\u017e\u00edvaj\u00ed k udr\u017een\u00ed norm\u00e1ln\u00ed t\u011blesn\u00e9 teploty, podpo\u0159e zdrav\u00e9ho srdce a k podpo\u0159e rovnov\u00e1hy tekutin.<\/p>\n<p>V severn\u00ed Africe pou\u017e\u00edvaj\u00ed ibi\u0161kov\u00e9ho \u010daje k podpo\u0159e horn\u00edch cest d\u00fdchac\u00edch, kr\u010dn\u00edch pot\u00ed\u017e\u00ed a tak\u00e9 jej pou\u017e\u00edvaj\u00ed lok\u00e1ln\u011b na podporu zdrav\u00ed k\u016f\u017ee.<\/p>\n<p>V Evrop\u011b, ibi\u0161ek pou\u017e\u00edv\u00e1me p\u0159edev\u0161\u00edm na podporu horn\u00edch cest d\u00fdchac\u00edch, ke zm\u00edrn\u011bn\u00ed ob\u010dasn\u00e9 z\u00e1cpy a jako podporu ob\u011bhov\u00e9ho syst\u00e9mu. B\u011b\u017en\u011b je pou\u017e\u00edv\u00e1n v kombinaci s medu\u0148kou a t\u0159ezalkou na neklid a ob\u010dasn\u00e9 pot\u00ed\u017ee s us\u00edn\u00e1n\u00edm.<\/p>\n<p>V Ir\u00e1nu se ibi\u0161ek tradi\u010dn\u011b pou\u017e\u00edv\u00e1 k preventivn\u00ed podpo\u0159e krevn\u00edho tlaku. U\u017e\u00edv\u00e1n\u00ed ibi\u0161ku, na podporu krevn\u00edho tlaku bylo potvrzeno v n\u011bkolika ned\u00e1vn\u00fdch studi\u00ed.<\/p>\n<p>\u00a0<\/p>\n<h2>Zdrav\u00ed prosp\u011b\u0161n\u00e9 l\u00e1tky v ibi\u0161ku<\/h2>\n<p>Uv\u00e1di se, \u017ee\u00a015 a\u017e 30 procent rostliny ibi\u0161ku se skl\u00e1d\u00e1 z rostlinn\u00fdch kyselin, v\u010detn\u011b kyseliny citronov\u00e9, kyseliny jable\u010dn\u00e9, kyseliny vinn\u00e9 a kyseliny hydroxycitronov\u00e9. Ostatn\u00edch chemick\u00fdch slo\u017eek je mnoho. Nicm\u00e9n\u011b, mezi nejd\u016fle\u017eit\u011bj\u0161\u00ed pat\u0159\u00ed alkaloidy, antokyany, a quercetin. Quercetin\u00a0je siln\u00fd antioxidant a m\u00e1 protiz\u00e1n\u011btliv\u00e9 \u00fa\u010dinky. Z tohoto d\u016fvodu v posledn\u00edch n\u011bkolika letech roste v\u011bdeck\u00fd z\u00e1jem o ibi\u0161ek, a to d\u00edky mal\u00e9mu v\u00fdbuchu publikovan\u00fdch v\u00fdzkumn\u00fdch studi\u00ed &#8211; zejm\u00e9na ve vztahu k cholesterolu a udr\u017eov\u00e1n\u00ed krevn\u00edho tlaku.<\/p>\n<p>\u00a0<\/p>\n<h2>Krevn\u00ed tlak a ibi\u0161ek<\/h2>\n<p>Ve studii publikovan\u00e9 v roce 2004 bylo zji\u0161t\u011bno, \u017ee vypit\u00edm n\u011bkolika \u0161\u00e1lk\u016f ibi\u0161kov\u00e9ho \u010daje denn\u011b m\u016f\u017eeme sn\u00ed\u017eit krevn\u00ed tlak. Sledovan\u00ed pacienti pili v\u00fdluh z 10g ibi\u0161ku po dobu \u010dty\u0159 t\u00fddn\u016f. B\u011bhem t\u00e9to doby se jim sn\u00ed\u017eil krevn\u00ed tlak, co\u017e je srovnateln\u00e9 s v\u00fdsledky pacient\u016f, kte\u0159\u00ed brali l\u00e9ky na recept.<\/p>\n<p>Jin\u00e1 studie z roku 2007 testovala vliv extraktu z ibi\u0161ku na krevn\u00ed tlak. \u00da\u010dastn\u00edci obdr\u017eeli su\u0161en\u00fd pr\u00e1\u0161kov\u00fd extrakt z ibi\u0161ku, obsahuj\u00edc\u00ed celkem 250 mg antokyan\u016f. Extrakt z ibi\u0161ku byl schopen udr\u017eet hladinu krevn\u00edho tlaku ve zdrav\u00e9m rozsahu.<\/p>\n<p>\u00a0<\/p>\n<h2>Vysok\u00e1 hladina cholesterolu a ibi\u0161kov\u00fd \u010daj<\/h2>\n<p>Dal\u0161\u00ed z tradi\u010dn\u00edch pou\u017eit\u00ed ibi\u0161kov\u00e9ho \u010daje je sn\u00ed\u017een\u00ed hladiny cholesterolu v krvi.\u00a0A\u010dkoli v\u00fdzkum uk\u00e1zal, sm\u00ed\u0161en\u00e9 v\u00fdsledky n\u011bkolik dal\u0161\u00edch studi\u00ed uk\u00e1zalo, \u017ee ibi\u0161kov\u00fd \u010daj m\u016f\u017ee pomoci sn\u00ed\u017eit nebo udr\u017eet spr\u00e1vnou hladinu cholesterolu v krvi. Klinick\u00e1 studie z roku 2007 trvaj\u00edc\u00ed jeden m\u011bs\u00edc testovala \u00fa\u010dinky ibi\u0161kov\u00e9ho extraktu na hladinu cholesterolu v krvi. Celkem 42 subjekt\u016f bylo rozd\u011bleno do t\u0159\u00ed skupin. Prvn\u00ed skupina p\u0159ij\u00edmala jednu 500 mg tobolku 3x denn\u011b (1500 mg \/ den), druh\u00e1 skupina dost\u00e1vala dv\u011b tobolky 3x denn\u011b (3000 mg \/ den) a t\u0159et\u00ed skupina dost\u00e1vala t\u0159i tobolky 3x denn\u011b (4500 mg \/ den). Ze studie vyplynulo, \u017ee optim\u00e1ln\u00ed d\u00e1vka je 1000 mg t\u0159ikr\u00e1t denn\u011b.<\/p>\n<p>\u00a0<\/p>\n<h2>Ostatn\u00ed vyu\u017eit\u00ed ibi\u0161ku<\/h2>\n<p>Ibi\u0161kov\u00fd \u010daj d\u00e1le lid\u00e9 u\u017e\u00edvaj\u00ed na n\u011bkolik dal\u0161\u00edch pot\u00ed\u017e\u00ed, i kdy\u017e v\u0161echny z nich nebyly testov\u00e1ny v klinick\u00fdch studi\u00edch. Jedn\u00edm z takov\u00fdch pou\u017eit\u00ed je pom\u00e1hat udr\u017eovat zdrav\u00e9 srdce. Hibiscus sabdariffa obsahuje flavonoidy a antokyany, kter\u00e9 maj\u00ed antioxida\u010dn\u00ed vlastnosti a kter\u00e9 se uk\u00e1zaly b\u00fdti vhodn\u00fdmi pro podporu srde\u010dn\u00edho zdrav\u00ed.\u00a0Ibi\u0161kov\u00fd \u010daj se tak\u00e9 vyu\u017e\u00edv\u00e1 k l\u00e9\u010db\u011b ka\u0161le a \u0161patn\u00e9 chuti k j\u00eddlu. D\u00e1le je ibi\u0161ku pou\u017e\u00edv\u00e1no pro jeho antibakteri\u00e1ln\u00ed a antifung\u00e1ln\u00ed vlastnosti. Krom\u011b toho, pit\u00ed ibi\u0161kov\u00e9ho \u010daje m\u016f\u017ee pomoci tr\u00e1vic\u00edmu \u00fastroj\u00ed p\u0159i \u017ealude\u010dn\u00edch pot\u00ed\u017e\u00ed.<\/p>\n<p>D\u00e1vkov\u00e1n\u00ed ibi\u0161ku, kter\u00e9 se ukazuje b\u00fdt bezpe\u010dn\u00e9. P\u0159esto konzultace s l\u00e9ka\u0159em je v\u017edy nutn\u00e1.<\/p>\n<p>Spr\u00e1vn\u00e1 hladina cholesterolu: jeden \u0161\u00e1lek ibi\u0161kov\u00e9ho \u010daje 2x denn\u011b.<\/p>\n<p>Spr\u00e1vn\u00fd tlak krve: jeden \u0161\u00e1lek ibi\u0161kov\u00e9ho \u010daje dvakr\u00e1t denn\u011b.<\/p>\n<p>\u00a0<\/p>\n<p>\u00a0<\/p>\n<h2>Z\u00e1v\u011br<\/h2>\n<p>Je vzru\u0161uj\u00edc\u00ed vid\u011bt jak jednoduch\u00e9 a bezpe\u010dn\u00e9 pou\u017eit\u00ed ibi\u0161ku ve form\u011b \u010daje z pohodl\u00ed domova, m\u016f\u017ee p\u0159isp\u011bt\u00a0k na\u0161emu zdrav\u00ed a dobr\u00e9mu krevn\u00edmu tlaku.<\/p>\n<p>Je nutno podotknout, \u017ee \u00fa\u010dinky n\u00e1mi nab\u00edzen\u00fdch \u010daj\u016f (tedy ani tohoto), nebyly v\u011bdecky testov\u00e1ny.<\/p>\n<p>\u00a0<\/p>\n<p>\u00a0<\/p>\n<h2>IBI\u0160EK &#8211; bylinn\u00fd \u010daj<\/h2>\n<p><span style=\"line-height: 1.5em;\"><img decoding=\"async\" title=\"IBI\u0160EK - bylinn\u00fd \u010daj\" src=\"https:\/\/zelenydrak.cz\/img\/cms\/ibisek_tea.jpg\" alt=\"IBI\u0160EK - bylinn\u00fd \u010daj\" \/><\/span><\/p>\n<h2 style=\"text-align: right;\">&nbsp;<\/h2>\n<p>\u00a0<\/p>\n<p>\u00a0<\/p>\n<p>\u00a0<\/p>\n<p>\u00a0<\/p>\n<p>\u00a0<\/p>\n<h2><span style=\"line-height: 1.5em;\">IBI\u0160EK &#8211; bylinn\u00fd \u010daj\u00a0&#8211; p\u0159\u00edprava<\/span><\/h2>\n<p><span style=\"line-height: 1.5em;\"><img decoding=\"async\" title=\"IBI\u0160EK - bylinn\u00fd \u010daj - p\u0159\u00edprava\" src=\"https:\/\/zelenydrak.cz\/img\/cms\/ibisek_tea_priprava.jpg\" alt=\"IBI\u0160EK - bylinn\u00fd \u010daj - p\u0159\u00edprava\" \/><\/span><\/p>\n<p>\u00a0<\/p>\n<p>\u00a0<\/p>\n<p>\u00a0<\/p>\n<p>\u00a0<\/p>\n<p>\u00a0<\/p>\n<h2><span style=\"line-height: 1.5em;\">IBI\u0160EK &#8211; bylinn\u00fd \u010daj &#8211; n\u00e1lev<\/span><\/h2>\n<p><span style=\"line-height: 1.5em;\"><img decoding=\"async\" title=\"IBI\u0160EK - bylinn\u00fd \u010daj - n\u00e1lev\" src=\"https:\/\/zelenydrak.cz\/img\/cms\/ibisek_tea_nalev.jpg\" alt=\"IBI\u0160EK - bylinn\u00fd \u010daj - n\u00e1lev\" \/><\/span><\/p>\n","protected":false},"excerpt":{"rendered":"<p><img loading=\"lazy\" decoding=\"async\" class=\"size-full wp-image-2970 alignleft\" src=\"https:\/\/zelenydrak.cz\/wp-content\/uploads\/2024\/08\/konvice-caj.png\" alt=\"\" width=\"48\" height=\"48\" \/>   V\u016fn\u011b a chu\u0165: ovocn\u00e1.<\/p>\n","protected":false},"featured_media":91161,"comment_status":"open","ping_status":"closed","template":"","meta":[],"product_brand":[],"product_cat":[304],"product_tag":[],"class_list":{"0":"post-91143","1":"product","2":"type-product","3":"status-publish","4":"has-post-thumbnail","6":"product_cat-bylinny-caj-a-smesi","8":"first","9":"instock","10":"product-type-variable","11":"has-default-attributes"},"_links":{"self":[{"href":"https:\/\/zelenydrak.cz\/velkoobchod\/wp-json\/wp\/v2\/product\/91143","targetHints":{"allow":["GET"]}}],"collection":[{"href":"https:\/\/zelenydrak.cz\/velkoobchod\/wp-json\/wp\/v2\/product"}],"about":[{"href":"https:\/\/zelenydrak.cz\/velkoobchod\/wp-json\/wp\/v2\/types\/product"}],"replies":[{"embeddable":true,"href":"https:\/\/zelenydrak.cz\/velkoobchod\/wp-json\/wp\/v2\/comments?post=91143"}],"wp:featuredmedia":[{"embeddable":true,"href":"https:\/\/zelenydrak.cz\/velkoobchod\/wp-json\/wp\/v2\/media\/91161"}],"wp:attachment":[{"href":"https:\/\/zelenydrak.cz\/velkoobchod\/wp-json\/wp\/v2\/media?parent=91143"}],"wp:term":[{"taxonomy":"product_brand","embeddable":true,"href":"https:\/\/zelenydrak.cz\/velkoobchod\/wp-json\/wp\/v2\/product_brand?post=91143"},{"taxonomy":"product_cat","embeddable":true,"href":"https:\/\/zelenydrak.cz\/velkoobchod\/wp-json\/wp\/v2\/product_cat?post=91143"},{"taxonomy":"product_tag","embeddable":true,"href":"https:\/\/zelenydrak.cz\/velkoobchod\/wp-json\/wp\/v2\/product_tag?post=91143"}],"curies":[{"name":"wp","href":"https:\/\/api.w.org\/{rel}","templated":true}]}}