{"id":91141,"date":"2025-03-05T08:06:27","date_gmt":"2025-03-05T08:06:27","guid":{"rendered":"https:\/\/zelenydrak.cz\/velkoobchod\/?post_type=product&#038;p=91141"},"modified":"2025-03-05T08:06:34","modified_gmt":"2025-03-05T08:06:34","slug":"citronova-trava-bylinny-caj","status":"publish","type":"product","link":"https:\/\/zelenydrak.cz\/velkoobchod\/produkt\/citronova-trava-bylinny-caj\/","title":{"rendered":"CITRONOV\u00c1 TR\u00c1VA &#8211; bylinn\u00fd \u010daj"},"content":{"rendered":"<h2>CITRONOV\u00c1 TR\u00c1VA &#8211; bylinn\u00fd \u010daj a skv\u011bl\u00e9 ple\u0165ov\u00e9 tonikum<\/h2>\n<p>Slo\u017een\u00ed \u010daje: Citronov\u00e1 tr\u00e1va 100%<\/p>\n<h2>Popis \u010daje:<\/h2>\n<p><p>Citronov\u00e1 tr\u00e1va, tak\u00e9 zn\u00e1m\u00e1 jako Cymbopogon citratus, je druh tr\u00e1vy, p\u016fvodem z \u010d\u00e1sti Asie a Afriky, a\u010dkoli byla tak\u00e9 dob\u0159e zn\u00e1ma po mnoho generac\u00ed r\u016fzn\u00fdmi domorod\u00fdmi n\u00e1rody ve St\u0159edn\u00ed a Severn\u00ed Americe.\u00a0Je to vytrval\u00e1 tr\u00e1va, kter\u00e9 se da\u0159\u00ed v tepl\u00e9m po\u010das\u00ed a m\u016f\u017ee dor\u016fstat a\u017e do \u010dty\u0159 metr\u016f v\u00fd\u0161ky v ide\u00e1ln\u00edch klimatick\u00fdch podm\u00ednk\u00e1ch.\u00a0Citronovou tr\u00e1vu nej\u010dast\u011bji pou\u017e\u00edv\u00e1me ve form\u011b bylinn\u00e9ho \u010daje, oleje, kosmetick\u00e9ho p\u0159\u00edpravku a tak\u00e9 jako ko\u0159en\u00ed.\u00a0\u010caj z citronov\u00e9 tr\u00e1vy m\u016f\u017eeme aplikovat na ple\u0165 jako tonikum nebo jako \u00fa\u017easnou \u010dist\u00edc\u00ed vodu. Citronov\u00e1 tr\u00e1va jako \u010daj m\u00e1 m\u00edrn\u011b ko\u0159en\u011bnou chu\u0165 a m\u016f\u017ee poskytnout \u0161irokou \u0161k\u00e1lu zdravotn\u00edch v\u00fdhod, z nich\u017e n\u011bkter\u00e9 byly dokumentov\u00e1ny prost\u0159ednictv\u00edm v\u011bdeck\u00e9ho zkoum\u00e1n\u00ed.<\/p>\n<p><img loading=\"lazy\" decoding=\"async\" style=\"float: left;\" title=\"konvice \u010caj-a-K\u00e1va.cz\" src=\"https:\/\/caj-a-kava.cz\/img\/cms\/konvice_zelenydrak.png\" alt=\"konvice \u010caj-a-K\u00e1va.cz\" width=\"100\" height=\"100\" \/><\/p>\n<h2>N\u00e1poj:<\/h2>\n<p>\u010caj z Citronov\u00e9 tr\u00e1vy m\u00e1 jak n\u00e1zev napov\u00edd\u00e1 jemnou citronovou v\u016fni a chu\u0165, kter\u00e1 se nikdy neomrz\u00ed. V chuti m\u016f\u017eeme objevit t\u00e9\u017e malinko ko\u0159en\u011bnou chu\u0165, typickou pr\u00e1v\u011b pro Citronovou tr\u00e1vu.<\/p>\n<p>\u00a0<\/p>\n<h2>Je zdrav\u00e9 p\u00edt velk\u00e9 mno\u017estv\u00ed \u010daje z Citronov\u00e9 tr\u00e1vy?<\/h2>\n<p>V\u011bt\u0161ina negativn\u00edch \u00fa\u010dink\u016f nadm\u011brn\u00e9ho pit\u00ed \u010daje jsou d\u00edky kofeinu a t\u0159\u00edslovin\u00e1m, kter\u00e9 se nach\u00e1zej\u00ed ve velk\u00e9m mno\u017estv\u00ed v \u010dajov\u00fdch l\u00edstc\u00edch. P\u0159\u00edli\u0161 mnoho kofeinu m\u016f\u017ee zp\u016fsobit nervozitu nebo V\u00e1s okr\u00e1st o sp\u00e1nek, zat\u00edmco p\u0159\u00edli\u0161 taninu m\u016f\u017ee v\u00e9st k podr\u00e1\u017ed\u011bn\u00ed \u017ealudku.\u00a0\u010caj z Citronov\u00e9 tr\u00e1vy, stejn\u011b jako prakticky v\u0161echny bylinn\u00e9 \u010daje, neobsahuje ani kofein ani t\u0159\u00edsloviny.\u00a0Nejsou zn\u00e1my \u017e\u00e1dn\u00e9 negativn\u00ed \u00fa\u010dinky ka\u017edodenn\u00edho pit\u00ed. Snad pokud jste t\u011bhotn\u00e1, pit\u00ed \u010daje s p\u0159\u00edm\u011bs\u00ed Citronov\u00e9 tr\u00e1vy nebo \u010dist\u00e9 Citronov\u00e9 tr\u00e1vy se vyhn\u011bte.\u00a0Rozhodnut\u00ed jak velk\u00e9 mno\u017estv\u00ed Citronov\u00e9 tr\u00e1vy budeme p\u00edt\u00a0z\u00e1vis\u00ed na tom, jak m\u00e1me dobr\u00fd metabolismus, jak jsme\u00a0aktivn\u00ed a na podm\u00ednk\u00e1ch v kter\u00fdch \u017eijeme. Voda je nezbytn\u00e1 pro \u017eivot, ale extr\u00e9mn\u00ed spot\u0159eba m\u016f\u017ee v\u00e9st k intoxikaci vodou a m\u016f\u017eete se pot\u00fdkat s v\u00e1\u017en\u00fdmi n\u00e1sledky. Ve\u0161ker\u00e9 d\u00e1vkov\u00e1n\u00ed a pou\u017eit\u00ed konzultujte se sv\u00fdm l\u00e9ka\u0159em.<\/p>\n<p>\u00a0<\/p>\n<h2>Zdrav\u00ed prosp\u011b\u0161n\u00e1 Citronov\u00e1 tr\u00e1va<\/h2>\n<p>Praktici mexick\u00e9 lidov\u00e9 medic\u00edny prav\u00ed, \u017ee Citronov\u00e1 tr\u00e1va podporuje zdrav\u00e9 tr\u00e1ven\u00ed, zklid\u0148uje nervov\u00e9 onemocn\u011bn\u00ed, zm\u00edr\u0148uje nespavost, normalizuje krevn\u00ed tlak a odstra\u0148uje toxiny z t\u011bla. Doporu\u010duj\u00ed citronovou tr\u00e1vu jako bojovn\u00edka proti rakovin\u011b tlust\u00e9ho st\u0159eva.\u00a0Citronov\u00e1 tr\u00e1va je v Mexiku tak\u00e9 u\u017e\u00edv\u00e1na pro svoje siln\u00e9 antioxida\u010dn\u00ed a m\u00edrn\u00e9 antimikrobi\u00e1ln\u00ed vlastnosti.\u00a0<\/p>\n<h2>Pozor v t\u011bhotenstv\u00ed na \u010daj z Citronov\u00e9 tr\u00e1vy!!!<\/h2>\n<p>\u010caj z Citronov\u00e9 tr\u00e1vy m\u016f\u017ee poskytnout n\u011bkter\u00e9 zdravotn\u00ed v\u00fdhody, i kdy\u017e t\u011bhotn\u00e9 \u017eeny by to s jej\u00ed konzumac\u00ed nem\u011bli p\u0159eh\u00e1n\u011bt. Citronov\u00e1 tr\u00e1va pr\u00fd\u00a0obsahuje l\u00e1tky, kter\u00e9 m\u016f\u017eou stimulovat d\u011blo\u017en\u00ed stahy, kter\u00e9 mohou v\u00e9st k potratu.\u00a0M\u011bli byste se tak\u00e9 vyhnout Citronov\u00e9 tr\u00e1v\u011b a produkt\u016f z n\u00ed v dob\u011b kojen\u00ed, proto\u017ee jej\u00ed vliv na novorozence nebyl studov\u00e1n.\u00a0Mezi dal\u0161\u00ed bylinky, kter\u00fdch byste se m\u011bli vyvarovat v pr\u016fb\u011bhu t\u011bhotenstv\u00ed pat\u0159\u00ed an\u00fdz, he\u0159m\u00e1nek, kostival, ibi\u0161ek, ko\u0159en l\u00e9ko\u0159ice, malinov\u00e9 list\u00ed, rozmar\u00fdna, \u0161alv\u011bj a \u0159eb\u0159\u00ed\u010dek.\u00a0Obra\u0165te se na l\u00e9ka\u0159e\u00a0ohledn\u011b bylinn\u00fdch \u010daj\u016f, kter\u00e9 jsou vhodn\u00e9 po dobu trv\u00e1n\u00ed t\u011bhotenstv\u00ed.<\/p>\n<p>\u00a0<\/p>\n<h2>Voda vs. Citronov\u00e1 tr\u00e1va<\/h2>\n<p>Va\u0161e t\u011blo samoz\u0159ejm\u011b pot\u0159ebuje vodu, p\u0159i\u010dem\u017e mno\u017estv\u00ed je z\u00e1visl\u00e9 na mnoha faktorech.\u00a0Ve v\u011bt\u0161in\u011b p\u0159\u00edpad\u016f, jeden litr vody na ka\u017ed\u00fdch pades\u00e1t kilogram\u016f t\u011blesn\u00e9 hmotnosti, je pova\u017eov\u00e1n za dostate\u010dn\u00fd, aby va\u0161e t\u011blo fungovalo spr\u00e1vn\u011b. V hork\u00e9m po\u010das\u00ed nebo p\u0159i nam\u00e1hav\u00e9 \u010dinnosti pot\u0159eba vody p\u0159irozen\u011b stoup\u00e1. Konzumace tekutin prost\u0159ednictv\u00edm \u010daje z bylin jako je citronov\u00e1 tr\u00e1va je chutn\u00e1 varianta, a lid\u00e9 ji konzumuj\u00ed, proto\u017ee jim dokonce nezp\u016fsobuje \u017e\u00e1dn\u00e9 mo\u010dopudn\u00e9 \u00fa\u010dinky.\u00a0Pit\u00ed nadm\u011brn\u00e9ho mno\u017estv\u00ed tekutin co\u017e je asi v\u00edce ne\u017e \u010dty\u0159i litry na pades\u00e1t kilo t\u011blesn\u00e9 hmotnosti, m\u016f\u017ee v\u00e9st k intoxikaci tekutinami, co\u017e m\u016f\u017ee vy\u010derpat\u00a0sod\u00edk a sn\u00ed\u017eit \u00farove\u0148 elektrolyt\u016f. P\u0159\u00edznaky intoxikace vodou\u00a0m\u016f\u017eou zahrnovat\u00a0zmatenost, nevolnost, svalovou slabost a nakonec bezv\u011bdom\u00ed.<\/p>\n<p>Je nutno podotknout, \u017ee \u00fa\u010dinky n\u00e1mi nab\u00edzen\u00fdch \u010daj\u016f (tedy ani tohoto), nebyly v\u011bdecky testov\u00e1ny.\u00a0<\/p>\n<p>\u00a0<\/p>\n<p>\u00a0<\/p>\n<h2>CITRONOV\u00c1 TR\u00c1VA &#8211; bylinn\u00fd \u010daj a skv\u011bl\u00e9 ple\u0165ov\u00e9 tonikum<\/h2>\n<p><span style=\"line-height: 1.5em;\"><img decoding=\"async\" title=\"CITRONOV\u00c1 TR\u00c1VA - bylinn\u00fd \u010daj a skv\u011bl\u00e9 ple\u0165ov\u00e9 tonikum\" src=\"https:\/\/zelenydrak.cz\/img\/cms\/citronova_trava_tonikum.jpg\" alt=\"CITRONOV\u00c1 TR\u00c1VA - bylinn\u00fd \u010daj a skv\u011bl\u00e9 ple\u0165ov\u00e9 tonikum\" \/><\/span><\/p>\n<h2 style=\"text-align: right;\">&nbsp;<\/h2>\n<p>\u00a0<\/p>\n<p>\u00a0<\/p>\n<p>\u00a0<\/p>\n<p>\u00a0<\/p>\n<p>\u00a0<\/p>\n<h2><span style=\"line-height: 1.5em;\">CITRONOV\u00c1 TR\u00c1VA &#8211; bylinn\u00fd \u010daj \u00a0&#8211; p\u0159\u00edprava<\/span><\/h2>\n<p><span style=\"line-height: 1.5em;\"><img decoding=\"async\" title=\"CITRONOV\u00c1 TR\u00c1VA - bylinn\u00fd \u010daj a skv\u011bl\u00e9 ple\u0165ov\u00e9 tonikum - p\u0159\u00edprava\" src=\"https:\/\/zelenydrak.cz\/img\/cms\/citronova_trava_priprava.jpg\" alt=\"CITRONOV\u00c1 TR\u00c1VA - bylinn\u00fd \u010daj a skv\u011bl\u00e9 ple\u0165ov\u00e9 tonikum - p\u0159\u00edprava\" \/><\/span><\/p>\n<p>\u00a0<\/p>\n<p>\u00a0<\/p>\n<p>\u00a0<\/p>\n<p>\u00a0<\/p>\n<p>\u00a0<\/p>\n<h2><span style=\"line-height: 1.5em;\">CITRONOV\u00c1 TR\u00c1VA &#8211; bylinn\u00fd \u010daj &#8211; n\u00e1lev<\/span><\/h2>\n<p><span style=\"line-height: 1.5em;\"><img decoding=\"async\" title=\"CITRONOV\u00c1 TR\u00c1VA - bylinn\u00fd \u010daj - n\u00e1lev\" src=\"https:\/\/zelenydrak.cz\/img\/cms\/citronova_trava_nalev.jpg\" alt=\"CITRONOV\u00c1 TR\u00c1VA - bylinn\u00fd \u010daj - n\u00e1lev\" \/><\/span><\/p>\n","protected":false},"excerpt":{"rendered":"<p><img loading=\"lazy\" decoding=\"async\" class=\"size-full wp-image-2970 alignleft\" src=\"https:\/\/zelenydrak.cz\/wp-content\/uploads\/2024\/08\/konvice-caj.png\" alt=\"\" width=\"48\" height=\"48\" \/>   V\u016fn\u011b a chu\u0165: citronu.<\/p>\n","protected":false},"featured_media":91157,"comment_status":"open","ping_status":"closed","template":"","meta":[],"product_brand":[],"product_cat":[304],"product_tag":[],"class_list":{"0":"post-91141","1":"product","2":"type-product","3":"status-publish","4":"has-post-thumbnail","6":"product_cat-bylinny-caj-a-smesi","8":"first","9":"instock","10":"product-type-variable","11":"has-default-attributes"},"_links":{"self":[{"href":"https:\/\/zelenydrak.cz\/velkoobchod\/wp-json\/wp\/v2\/product\/91141","targetHints":{"allow":["GET"]}}],"collection":[{"href":"https:\/\/zelenydrak.cz\/velkoobchod\/wp-json\/wp\/v2\/product"}],"about":[{"href":"https:\/\/zelenydrak.cz\/velkoobchod\/wp-json\/wp\/v2\/types\/product"}],"replies":[{"embeddable":true,"href":"https:\/\/zelenydrak.cz\/velkoobchod\/wp-json\/wp\/v2\/comments?post=91141"}],"wp:featuredmedia":[{"embeddable":true,"href":"https:\/\/zelenydrak.cz\/velkoobchod\/wp-json\/wp\/v2\/media\/91157"}],"wp:attachment":[{"href":"https:\/\/zelenydrak.cz\/velkoobchod\/wp-json\/wp\/v2\/media?parent=91141"}],"wp:term":[{"taxonomy":"product_brand","embeddable":true,"href":"https:\/\/zelenydrak.cz\/velkoobchod\/wp-json\/wp\/v2\/product_brand?post=91141"},{"taxonomy":"product_cat","embeddable":true,"href":"https:\/\/zelenydrak.cz\/velkoobchod\/wp-json\/wp\/v2\/product_cat?post=91141"},{"taxonomy":"product_tag","embeddable":true,"href":"https:\/\/zelenydrak.cz\/velkoobchod\/wp-json\/wp\/v2\/product_tag?post=91141"}],"curies":[{"name":"wp","href":"https:\/\/api.w.org\/{rel}","templated":true}]}}