{"id":91140,"date":"2025-03-05T08:06:27","date_gmt":"2025-03-05T08:06:27","guid":{"rendered":"https:\/\/zelenydrak.cz\/velkoobchod\/?post_type=product&#038;p=91140"},"modified":"2025-03-05T08:06:34","modified_gmt":"2025-03-05T08:06:34","slug":"mate-green-bylinny-caj","status":"publish","type":"product","link":"https:\/\/zelenydrak.cz\/velkoobchod\/produkt\/mate-green-bylinny-caj\/","title":{"rendered":"MATE GREEN &#8211; bylinn\u00fd \u010daj"},"content":{"rendered":"<h2>MAT\u00c9 &#8211; bylinn\u00fd \u010daj<\/h2>\n<p>Slo\u017een\u00ed: zelen\u00e9 Mat\u00e9 100%. Mat\u00e9 poch\u00e1z\u00ed z Braz\u00edlie, Argentiny. P\u016fvod Mat\u00e9 nen\u00ed v \u010dajovn\u00edku, n\u00fdbr\u017e v listu Cesm\u00edny paraquajsk\u00e9. Lid\u00e9 v Braz\u00edlii u\u017e\u00edvaj\u00edc\u00ed tento n\u00e1poj se domn\u00edvaj\u00ed, \u017ee obsahuje 6,5% kofeinu, co\u017e je asi o 1,5% v\u00edce ne\u017e v k\u00e1v\u011b nebo \u010daji. Jsou p\u0159esv\u011bd\u010deni, \u017ee Mat\u00e9 obsahuje \u0159adu vitam\u00edn\u016f, b\u00edlkoviny, magnezium, \u017eelezo, sod\u00edk, fluor a dal\u0161\u00ed, pro lidsk\u00fd organismus d\u016fle\u017eit\u00e9 l\u00e1tky. <\/p>\n<p>Mat\u00e9 \u201emagick\u00e1\u201d s\u00edla z Ji\u017en\u00ed Ameriky.<\/p>\n<p> V Ji\u017en\u00ed Americe je Mat\u00e9 odjak\u017eiva n\u00e1rodn\u00ed n\u00e1poj, vhodn\u00fd ke ka\u017ed\u00e9 p\u0159\u00edle\u017eitosti. N\u00e1poji z palmov\u00fdch list\u016f a v\u011btv\u00ed jsou dokonce p\u0159ipisov\u00e1ny magick\u00e9 vlastnosti. Kv\u016fli sv\u00e9mu \u00fadajn\u011b vysok\u00e9mu obsahu kofeinu m\u00e1 pozitivn\u00ed stimula\u010dn\u00ed \u00fa\u010dinky na tamn\u00ed obyvatel\u00e9. Brazilci se t\u00e9\u017e domn\u00edvaj\u00ed, \u017ee je bohat\u00fd na vitam\u00edn C, ho\u0159\u010d\u00edk, v\u00e1pn\u00edk a \u017eelezo. Brazilci je vyu\u017e\u00edv\u00e1n i pro jeho \u00fadajn\u00fd \u00fa\u010dinek tlum\u00edc\u00ed chu\u0165 k j\u00eddlu a t\u00edm je pro n\u011b zaj\u00edmav\u00fd i jako \u010daj na hubnut\u00ed. P\u0159\u00edprava: 1 pol\u00e9vkovou l\u017e\u00edci Mat\u00e9 p\u0159elijeme 200 ml vody (80? C). Pokud je doba louhov\u00e1n\u00ed do 5 minut p\u016fsob\u00ed stimula\u010dn\u011b. Jestli\u017ee je doba louhov\u00e1n\u00ed del\u0161\u00ed jak 5 minut, nastupuje do pop\u0159ed\u00ed uklid\u0148uj\u00edc\u00ed \u00fa\u010dinek t\u0159\u00edslovin.\u00a0 <\/p>\n<p>Tip: letn\u00ed osv\u011b\u017een\u00ed \u2013 nezapome\u0148te v l\u00e9t\u011b je \u0161\u0165\u00e1va z Mat\u00e9 ide\u00e1ln\u00ed osv\u011b\u017euj\u00edc\u00ed n\u00e1poj, kter\u00fd m\u016f\u017eeme zjemnit m\u00e1tou. \u010cerstv\u00fd citron p\u0159idan\u00fd do Mat\u00e9, dod\u00e1 tomuto skv\u011bl\u00e9mu pit\u00ed vitam\u00edny.<\/p>\n<p> <img loading=\"lazy\" decoding=\"async\" style=\"float: right\" title=\"Ledov\u00fd \u010daj Mat\u00e9 | prodej \u010daje a k\u00e1vy \u010caj-a-K\u00e1va.cz\" src=\"https:\/\/caj-a-kava.cz\/obrazky\/uvod\/dobalouhovani\/ledove_mate_caj.jpg\" alt=\"Ledov\u00fd \u010daj Mat\u00e9 | prodej \u010daje a k\u00e1vy \u010caj-a-K\u00e1va.cz\" width=\"400\" height=\"275\" \/><\/p>\n<p> <img decoding=\"async\" title=\"Prodej Mat\u00e9 \u010daje. P\u0159\u00edprava \u010daje od Zelen\u00fd Drak \u010daj a k\u00e1va\" src=\"https:\/\/caj-a-kava.cz\/obrazky\/uvod\/dobalouhovani\/mate.jpg\" alt=\"Prodej Mat\u00e9 \u010daje. P\u0159\u00edprava \u010daje od Zelen\u00fd Drak \u010daj a k\u00e1va\" \/>\u00a0<\/p>\n","protected":false},"excerpt":{"rendered":"<p><img loading=\"lazy\" decoding=\"async\" class=\"size-full wp-image-2970 alignleft\" src=\"https:\/\/zelenydrak.cz\/wp-content\/uploads\/2024\/08\/konvice-caj.png\" alt=\"\" width=\"48\" height=\"48\" \/>   V\u016fn\u011b a chu\u0165: p\u0159\u00edrodn\u00ed lehce naho\u0159kl\u00e1.<\/p>\n","protected":false},"featured_media":91155,"comment_status":"open","ping_status":"closed","template":"","meta":[],"product_brand":[],"product_cat":[304,305],"product_tag":[],"class_list":{"0":"post-91140","1":"product","2":"type-product","3":"status-publish","4":"has-post-thumbnail","6":"product_cat-bylinny-caj-a-smesi","7":"product_cat-mate","9":"first","10":"instock","11":"product-type-variable","12":"has-default-attributes"},"_links":{"self":[{"href":"https:\/\/zelenydrak.cz\/velkoobchod\/wp-json\/wp\/v2\/product\/91140","targetHints":{"allow":["GET"]}}],"collection":[{"href":"https:\/\/zelenydrak.cz\/velkoobchod\/wp-json\/wp\/v2\/product"}],"about":[{"href":"https:\/\/zelenydrak.cz\/velkoobchod\/wp-json\/wp\/v2\/types\/product"}],"replies":[{"embeddable":true,"href":"https:\/\/zelenydrak.cz\/velkoobchod\/wp-json\/wp\/v2\/comments?post=91140"}],"wp:featuredmedia":[{"embeddable":true,"href":"https:\/\/zelenydrak.cz\/velkoobchod\/wp-json\/wp\/v2\/media\/91155"}],"wp:attachment":[{"href":"https:\/\/zelenydrak.cz\/velkoobchod\/wp-json\/wp\/v2\/media?parent=91140"}],"wp:term":[{"taxonomy":"product_brand","embeddable":true,"href":"https:\/\/zelenydrak.cz\/velkoobchod\/wp-json\/wp\/v2\/product_brand?post=91140"},{"taxonomy":"product_cat","embeddable":true,"href":"https:\/\/zelenydrak.cz\/velkoobchod\/wp-json\/wp\/v2\/product_cat?post=91140"},{"taxonomy":"product_tag","embeddable":true,"href":"https:\/\/zelenydrak.cz\/velkoobchod\/wp-json\/wp\/v2\/product_tag?post=91140"}],"curies":[{"name":"wp","href":"https:\/\/api.w.org\/{rel}","templated":true}]}}