{"id":91112,"date":"2025-03-05T08:06:21","date_gmt":"2025-03-05T08:06:21","guid":{"rendered":"https:\/\/zelenydrak.cz\/velkoobchod\/produkt\/cajova-konvice-sklenena-06l\/"},"modified":"2025-03-05T08:06:21","modified_gmt":"2025-03-05T08:06:21","slug":"cajova-konvice-sklenena-06l","status":"publish","type":"product","link":"https:\/\/zelenydrak.cz\/velkoobchod\/produkt\/cajova-konvice-sklenena-06l\/","title":{"rendered":"\u010cAJOV\u00c1 KONVICE SKLEN\u011aN\u00c1 0,6l"},"content":{"rendered":"<h2>\u010cAJOV\u00c1 KONVICE SKLEN\u011aN\u00c1 0,6l<\/h2>\n<p>Sklen\u011bn\u00e1 \u010dajov\u00e1 konvice Simax o obsahu 0,6l. Pr\u016fm\u011br konvice 110mm, v\u00fd\u0161ka 120mm.<\/p>\n","protected":false},"excerpt":{"rendered":"<p>Popis: sklen\u011bn\u00e1 \u010dajov\u00e1 konvice Simax o obsahu 0,6l. Pr\u016fm\u011br konvice 110mm, v\u00fd\u0161ka 120mm.<\/p>\n","protected":false},"featured_media":91111,"comment_status":"open","ping_status":"closed","template":"","meta":[],"product_brand":[],"product_cat":[289],"product_tag":[],"class_list":{"0":"post-91112","1":"product","2":"type-product","3":"status-publish","4":"has-post-thumbnail","6":"product_cat-konvice","8":"first","9":"instock","10":"product-type-simple"},"_links":{"self":[{"href":"https:\/\/zelenydrak.cz\/velkoobchod\/wp-json\/wp\/v2\/product\/91112","targetHints":{"allow":["GET"]}}],"collection":[{"href":"https:\/\/zelenydrak.cz\/velkoobchod\/wp-json\/wp\/v2\/product"}],"about":[{"href":"https:\/\/zelenydrak.cz\/velkoobchod\/wp-json\/wp\/v2\/types\/product"}],"replies":[{"embeddable":true,"href":"https:\/\/zelenydrak.cz\/velkoobchod\/wp-json\/wp\/v2\/comments?post=91112"}],"wp:featuredmedia":[{"embeddable":true,"href":"https:\/\/zelenydrak.cz\/velkoobchod\/wp-json\/wp\/v2\/media\/91111"}],"wp:attachment":[{"href":"https:\/\/zelenydrak.cz\/velkoobchod\/wp-json\/wp\/v2\/media?parent=91112"}],"wp:term":[{"taxonomy":"product_brand","embeddable":true,"href":"https:\/\/zelenydrak.cz\/velkoobchod\/wp-json\/wp\/v2\/product_brand?post=91112"},{"taxonomy":"product_cat","embeddable":true,"href":"https:\/\/zelenydrak.cz\/velkoobchod\/wp-json\/wp\/v2\/product_cat?post=91112"},{"taxonomy":"product_tag","embeddable":true,"href":"https:\/\/zelenydrak.cz\/velkoobchod\/wp-json\/wp\/v2\/product_tag?post=91112"}],"curies":[{"name":"wp","href":"https:\/\/api.w.org\/{rel}","templated":true}]}}