{"id":91108,"date":"2025-03-05T08:06:20","date_gmt":"2025-03-05T08:06:20","guid":{"rendered":"https:\/\/zelenydrak.cz\/velkoobchod\/produkt\/sitko-koule-50-mm-sitko-na-caj\/"},"modified":"2025-03-05T08:06:20","modified_gmt":"2025-03-05T08:06:20","slug":"sitko-koule-50-mm-sitko-na-caj","status":"publish","type":"product","link":"https:\/\/zelenydrak.cz\/velkoobchod\/produkt\/sitko-koule-50-mm-sitko-na-caj\/","title":{"rendered":"S\u00cdTKO KOULE 50 MM &#8211; s\u00edtko na \u010daj"},"content":{"rendered":"<h2>S\u00cdTKO KOULE 50 MM<\/h2>\n<p>Popis: nerezov\u00e9 s\u00edtkove tvaru koule. Pr\u016fm\u011br 50 mm.<\/p>\n","protected":false},"excerpt":{"rendered":"<p>Popis: nerezov\u00e9 s\u00edtkove tvaru koule. Pr\u016fm\u011br 50 mm.<\/p>\n","protected":false},"featured_media":91107,"comment_status":"open","ping_status":"closed","template":"","meta":[],"product_brand":[],"product_cat":[288],"product_tag":[],"class_list":{"0":"post-91108","1":"product","2":"type-product","3":"status-publish","4":"has-post-thumbnail","6":"product_cat-sitka","8":"first","9":"instock","10":"product-type-simple"},"_links":{"self":[{"href":"https:\/\/zelenydrak.cz\/velkoobchod\/wp-json\/wp\/v2\/product\/91108","targetHints":{"allow":["GET"]}}],"collection":[{"href":"https:\/\/zelenydrak.cz\/velkoobchod\/wp-json\/wp\/v2\/product"}],"about":[{"href":"https:\/\/zelenydrak.cz\/velkoobchod\/wp-json\/wp\/v2\/types\/product"}],"replies":[{"embeddable":true,"href":"https:\/\/zelenydrak.cz\/velkoobchod\/wp-json\/wp\/v2\/comments?post=91108"}],"wp:featuredmedia":[{"embeddable":true,"href":"https:\/\/zelenydrak.cz\/velkoobchod\/wp-json\/wp\/v2\/media\/91107"}],"wp:attachment":[{"href":"https:\/\/zelenydrak.cz\/velkoobchod\/wp-json\/wp\/v2\/media?parent=91108"}],"wp:term":[{"taxonomy":"product_brand","embeddable":true,"href":"https:\/\/zelenydrak.cz\/velkoobchod\/wp-json\/wp\/v2\/product_brand?post=91108"},{"taxonomy":"product_cat","embeddable":true,"href":"https:\/\/zelenydrak.cz\/velkoobchod\/wp-json\/wp\/v2\/product_cat?post=91108"},{"taxonomy":"product_tag","embeddable":true,"href":"https:\/\/zelenydrak.cz\/velkoobchod\/wp-json\/wp\/v2\/product_tag?post=91108"}],"curies":[{"name":"wp","href":"https:\/\/api.w.org\/{rel}","templated":true}]}}