{"id":91102,"date":"2025-03-05T08:06:20","date_gmt":"2025-03-05T08:06:20","guid":{"rendered":"https:\/\/zelenydrak.cz\/velkoobchod\/?post_type=product&#038;p=91102"},"modified":"2025-03-05T08:06:26","modified_gmt":"2025-03-05T08:06:26","slug":"kenia-tgfop1-kaimosi-cerny-caj","status":"publish","type":"product","link":"https:\/\/zelenydrak.cz\/velkoobchod\/produkt\/kenia-tgfop1-kaimosi-cerny-caj\/","title":{"rendered":"KENIA TGFOP1 KAIMOSI &#8211; \u010dern\u00fd \u010daj"},"content":{"rendered":"<h2>KENIA TGFOP1 KAIMOSI &#8211; prav\u00fd \u010dern\u00fd \u010daj<\/h2>\n<p>Slo\u017een\u00ed: \u010dern\u00fd \u010daj 100%. Speci\u00e1ln\u00ed kvalita list\u016f ke\u0148sk\u00e9ho \u010daje. Harmonick\u00fd \u010daj s dlouh\u00fdmi, \u010dist\u00fdmi listy a kr\u00e1sn\u00fdmi tipy. Pln\u00e1 chu\u0165 \u0161\u00e1lku s lehk\u00fdm n\u00e1dechem citrusov\u00e9 chuti a m\u00edrnou, p\u0159\u00edjemnou dochut\u00ed.<\/p>\n<p><h2>&nbsp;<\/h2>\n<p>Hork\u00e1 koupel osv\u011b\u017e\u00ed t\u011blo, hork\u00fd \u010daj du\u0161i.<\/p>\n<p>(Japonsk\u00e9 p\u0159\u00edslov\u00ed)<\/p>\n<p><img decoding=\"async\" src=\"https:\/\/caj-a-kava.cz\/obrazky\/uvod\/dobalouhovani\/cerny_caj.jpg\" alt=\"Prodej \u010dern\u00e9ho \u010daje. P\u0159\u00edprava \u010daje od Zelen\u00fd Drak \u010daj a k\u00e1va\" \/>\u00a0<\/p>\n","protected":false},"excerpt":{"rendered":"<p><img loading=\"lazy\" decoding=\"async\" class=\"size-full wp-image-2970 alignleft\" src=\"https:\/\/zelenydrak.cz\/wp-content\/uploads\/2024\/08\/konvice-caj.png\" alt=\"\" width=\"48\" height=\"48\" \/>   V\u016fn\u011b a chu\u0165: citrusov\u011b lad\u011bn\u00fd \u010daj.<\/p>\n","protected":false},"featured_media":91134,"comment_status":"open","ping_status":"closed","template":"","meta":[],"product_brand":[],"product_cat":[292],"product_tag":[],"class_list":{"0":"post-91102","1":"product","2":"type-product","3":"status-publish","4":"has-post-thumbnail","6":"product_cat-cerny-caj-cisty","8":"first","9":"instock","10":"product-type-variable","11":"has-default-attributes"},"_links":{"self":[{"href":"https:\/\/zelenydrak.cz\/velkoobchod\/wp-json\/wp\/v2\/product\/91102","targetHints":{"allow":["GET"]}}],"collection":[{"href":"https:\/\/zelenydrak.cz\/velkoobchod\/wp-json\/wp\/v2\/product"}],"about":[{"href":"https:\/\/zelenydrak.cz\/velkoobchod\/wp-json\/wp\/v2\/types\/product"}],"replies":[{"embeddable":true,"href":"https:\/\/zelenydrak.cz\/velkoobchod\/wp-json\/wp\/v2\/comments?post=91102"}],"wp:featuredmedia":[{"embeddable":true,"href":"https:\/\/zelenydrak.cz\/velkoobchod\/wp-json\/wp\/v2\/media\/91134"}],"wp:attachment":[{"href":"https:\/\/zelenydrak.cz\/velkoobchod\/wp-json\/wp\/v2\/media?parent=91102"}],"wp:term":[{"taxonomy":"product_brand","embeddable":true,"href":"https:\/\/zelenydrak.cz\/velkoobchod\/wp-json\/wp\/v2\/product_brand?post=91102"},{"taxonomy":"product_cat","embeddable":true,"href":"https:\/\/zelenydrak.cz\/velkoobchod\/wp-json\/wp\/v2\/product_cat?post=91102"},{"taxonomy":"product_tag","embeddable":true,"href":"https:\/\/zelenydrak.cz\/velkoobchod\/wp-json\/wp\/v2\/product_tag?post=91102"}],"curies":[{"name":"wp","href":"https:\/\/api.w.org\/{rel}","templated":true}]}}