{"id":91100,"date":"2025-03-05T08:06:20","date_gmt":"2025-03-05T08:06:20","guid":{"rendered":"https:\/\/zelenydrak.cz\/velkoobchod\/?post_type=product&#038;p=91100"},"modified":"2025-03-05T08:06:26","modified_gmt":"2025-03-05T08:06:26","slug":"ceylon-st-james-op-cerny-caj","status":"publish","type":"product","link":"https:\/\/zelenydrak.cz\/velkoobchod\/produkt\/ceylon-st-james-op-cerny-caj\/","title":{"rendered":"CEYLON ST. JAMES OP &#8211; \u010dern\u00fd \u010daj"},"content":{"rendered":"<h2>CEYLON ST. JAMES OP \u2013 prav\u00fd \u010dern\u00fd \u010daj<\/h2>\n<p>Slo\u017een\u00ed: kvalitn\u00ed sorta \u010dern\u00e9ho ceylonsk\u00e9ho \u010daje (100%). \u010caj m\u00e1 plnou kv\u011btinovou chu\u0165 s\u00a0\u010dervenozlatou barvou n\u00e1levu.<\/p>\n<p><h2>Co mus\u00edte v\u011bd\u011bt o p\u0159\u00edprav\u011b \u010dern\u00e9ho \u010daje.<\/h2>\n<\/p>\n<p>Ka\u017ed\u00fd \u010daj m\u00e1 r\u016fzn\u011b silnou p\u0159\u00edchu\u0165 a mus\u00ed se proto p\u0159ipravovat individueln\u011b. \u010cajov\u00e9 listy p\u0159elijeme teplou vodou (ale ne moc horkou). Na jeden \u0161\u00e1lek pou\u017eijeme zarovnanou \u010dajovou l\u017ei\u010dku, na 5 \u0161\u00e1lk\u016f p\u0159id\u00e1me do konvice jednu pol\u00e9vkovou l\u017e\u00edci. \u010c\u00edm leh\u010d\u00ed je \u010daj, t\u00edm krat\u0161\u00ed by m\u011bla b\u00fdt doba louhov\u00e1n\u00ed. Darjeeling pot\u0159ebuje jen 2 a\u017e 4 minuty. V\u00fdrazn\u00fd sladov\u00fd Assam pot\u0159ebuje luhovat 5 minut. Ze z\u00e1sady plat\u00ed: \u010daj, kter\u00fd se louhuje do 2 minut, povzbuzuj\u00edc\u00ed \u00fa\u010dinek. Pokud je doba louhov\u00e1n\u00ed del\u0161\u00ed jak 5 minut, uklid\u0148uj\u00edc\u00ed \u00fa\u010dinek.<\/p>\n<p>Hork\u00e1 koupel osv\u011b\u017e\u00ed t\u011blo, hork\u00fd \u010daj du\u0161i.<\/p>\n<p>(Japonsk\u00e9 p\u0159\u00edslov\u00ed)<\/p>\n<p><img decoding=\"async\" src=\"https:\/\/caj-a-kava.cz\/obrazky\/uvod\/dobalouhovani\/cerny_caj.jpg\" alt=\"Prodej \u010dern\u00e9ho \u010daje. P\u0159\u00edprava \u010daje od Zelen\u00fd Drak \u010daj a k\u00e1va\" \/>\u00a0<\/p>\n","protected":false},"excerpt":{"rendered":"<p><img loading=\"lazy\" decoding=\"async\" class=\"size-full wp-image-2970 alignleft\" src=\"https:\/\/zelenydrak.cz\/wp-content\/uploads\/2024\/08\/konvice-caj.png\" alt=\"\" width=\"48\" height=\"48\" \/>   V\u016fn\u011b a chu\u0165: lehk\u00e1 kv\u011btinov\u00e1 chu\u0165.<\/p>\n","protected":false},"featured_media":91130,"comment_status":"open","ping_status":"closed","template":"","meta":[],"product_brand":[],"product_cat":[292],"product_tag":[],"class_list":{"0":"post-91100","1":"product","2":"type-product","3":"status-publish","4":"has-post-thumbnail","6":"product_cat-cerny-caj-cisty","8":"first","9":"instock","10":"product-type-variable","11":"has-default-attributes"},"_links":{"self":[{"href":"https:\/\/zelenydrak.cz\/velkoobchod\/wp-json\/wp\/v2\/product\/91100","targetHints":{"allow":["GET"]}}],"collection":[{"href":"https:\/\/zelenydrak.cz\/velkoobchod\/wp-json\/wp\/v2\/product"}],"about":[{"href":"https:\/\/zelenydrak.cz\/velkoobchod\/wp-json\/wp\/v2\/types\/product"}],"replies":[{"embeddable":true,"href":"https:\/\/zelenydrak.cz\/velkoobchod\/wp-json\/wp\/v2\/comments?post=91100"}],"wp:featuredmedia":[{"embeddable":true,"href":"https:\/\/zelenydrak.cz\/velkoobchod\/wp-json\/wp\/v2\/media\/91130"}],"wp:attachment":[{"href":"https:\/\/zelenydrak.cz\/velkoobchod\/wp-json\/wp\/v2\/media?parent=91100"}],"wp:term":[{"taxonomy":"product_brand","embeddable":true,"href":"https:\/\/zelenydrak.cz\/velkoobchod\/wp-json\/wp\/v2\/product_brand?post=91100"},{"taxonomy":"product_cat","embeddable":true,"href":"https:\/\/zelenydrak.cz\/velkoobchod\/wp-json\/wp\/v2\/product_cat?post=91100"},{"taxonomy":"product_tag","embeddable":true,"href":"https:\/\/zelenydrak.cz\/velkoobchod\/wp-json\/wp\/v2\/product_tag?post=91100"}],"curies":[{"name":"wp","href":"https:\/\/api.w.org\/{rel}","templated":true}]}}