{"id":91099,"date":"2025-03-05T08:06:19","date_gmt":"2025-03-05T08:06:19","guid":{"rendered":"https:\/\/zelenydrak.cz\/velkoobchod\/?post_type=product&#038;p=91099"},"modified":"2025-03-05T08:06:26","modified_gmt":"2025-03-05T08:06:26","slug":"china-pai-mu-tan-special-bio-bily-caj","status":"publish","type":"product","link":"https:\/\/zelenydrak.cz\/velkoobchod\/produkt\/china-pai-mu-tan-special-bio-bily-caj\/","title":{"rendered":"CHINA PAI MU TAN SPECIAL BIO &#8211; b\u00edl\u00fd \u010daj"},"content":{"rendered":"<h2>CHINA PAI MU TAN SPECIAL BIO &#8211; b\u00edl\u00fd \u010daj<\/h2>\n<p>Slo\u017een\u00ed \u010daje: b\u00edl\u00fd \u010d\u00ednsk\u00fd \u010daj 100%. <\/p>\n<p>B\u00edl\u00fd \u010daj Pai Mu Tan (B\u00edl\u00e1 pivo\u0148ka) je vyrobena z velk\u00fdch \u010dajov\u00fdch list\u016f a vysok\u00e9ho pod\u00edlu b\u00edl\u00fdch \u010dajov\u00fdch kv\u011bt\u016f. M\u00e1 vyrovnanou lehkou chu\u0165 s pr\u016fzra\u010dnou barvou n\u00e1levu.<\/p>\n<h2>B\u00edl\u00fd \u010daj.<\/h2>\n<p><strong> B\u00edl\u00fd \u010daj<\/strong>, neju\u0161lechtilej\u0161\u00ed zp\u016fsob, jak p\u00edt \u010daj.<\/p>\n<p>Kdy\u017e usly\u0161\u00edte B\u00edl\u00e1 pivo\u0148ka, B\u00edl\u00fd drak, St\u0159\u00edbrn\u00e1 jehla, B\u00edl\u00e1 opice&#8230; tak nen\u00ed \u0159e\u010d o drah\u00e9m z\u00e1vodn\u00edm koni, nebo b\u00e1jn\u00e9m tvoru n\u00fdbr\u017e o b\u00edl\u00e9m \u010daji. B\u00edl\u00fd \u010daj pat\u0159\u00ed mezi nejvz\u00e1cn\u011bj\u0161\u00ed \u010daje.<\/p>\n<h2>Ru\u010dn\u00ed prac\u00ed a know how k jedine\u010dn\u00e9 chuti.<\/h2>\n<p>Mo\u017en\u00e1 to z\u00e1le\u017eelo na c\u00edsa\u0159i \u010c\u00edny, kter\u00fd ho pou\u017eil ji\u017e p\u0159ed 3.000 lety jako prost\u0159edek proti smrtelnosti. Zcela jist\u011b z\u00e1le\u017e\u00ed na chuti a vynalo\u017een\u00e9m \u00fasil\u00ed, \u017ee b\u00edl\u00fd \u010daj, pat\u0159\u00ed k tomu neju\u0161lechtilej\u0161\u00edmu, co m\u016f\u017eeme pod\u00e1vat v \u0161\u00e1lku.<\/p>\n<p>B\u00edl\u00fd \u010daj vd\u011b\u010d\u00ed za sv\u00e9 jm\u00e9no st\u0159\u00edbrn\u00e9mu chm\u00fd\u0159\u00ed, kter\u00e9 obklopuje poupata \u010dajov\u00fdch rostlin. K v\u00fdrob\u011b jsou vhodn\u00e1 pouze zavit\u00e1 poupata. Trhaj\u00ed se ru\u010dn\u011b a jsou rozlo\u017eeny na velk\u00fdch s\u00edtech. U kontrolovan\u00e9 ventilace, nastane proces vadnut\u00ed. N\u00e1sledn\u011b se poupata opatrn\u011b su\u0161\u00ed p\u0159i n\u00edzk\u00e9 teplot\u011b. Nesm\u011bj\u00ed b\u00fdt v \u017e\u00e1dn\u00e9m p\u0159\u00edpad\u011b po\u0161kozeny, aby neztratily barvu a v\u016fni. Vedle kvalitn\u00ed \u00farody je to \u0161etrn\u00e9 zpracov\u00e1n\u00ed, kter\u00e9 zaru\u010duje b\u00edl\u00e9mu \u010daji nezam\u011bniteln\u011b jemn\u00e9 aroma.<\/p>\n<h2><strong>B\u00edl\u00fd \u010daj<\/strong> pohlad\u00ed jazyk a pos\u00edl\u00ed obranyschopnost.<\/h2>\n<p>Velk\u00e9ho \u00fa\u010dinku dos\u00e1hl b\u00edl\u00fd \u010daj nejen na jazyku znalc\u016f, ale i na jejich t\u011blesn\u00e9 a du\u0161evn\u00ed blaho. M\u00e1 stejn\u00e9 uklid\u0148uj\u00edc\u00ed a povzbuzuj\u00edc\u00ed \u00fa\u010dinky jako zelen\u00fd \u010daj. Krom\u011b toho obsahuje stejn\u00e9 \u00fa\u010dinn\u00e9 l\u00e1tky, kter\u00e9 posiluj\u00ed obranyschopnost organismu, dokonce v daleko vy\u0161\u0161\u00ed koncentraci.<\/p>\n<p><strong>P\u0159i p\u0159\u00edprav\u011b b\u00edl\u00e9ho \u010daje dbejte na to, co plat\u00ed rovn\u011b\u017e i pro zelen\u00fd \u010daj. <\/strong><\/p>\n<p>P\u0159edev\u0161\u00edm nesm\u00ed teplota vody p\u0159es\u00e1hnout 80? C.<\/p>\n<p>Tip Zelen\u00e9ho Draka na <strong>p\u0159\u00edpravu b\u00edl\u00e9ho \u010daje. <\/strong><\/p>\n<p>Vlo\u017ete \u010daj do \u010dajov\u00e9 konvice. Nejprve jej zalijte z jedn\u00e9 \u010dtvrtiny studenou vodou a pot\u00e9 dolijte v\u0159elou vodou. T\u00edm doc\u00edl\u00edte toho, \u017ee se V\u00e1m \u010daj nikdy nesp\u00e1l\u00ed, neztrat\u00ed drahocenn\u00e9 l\u00e1tky a bude v\u00fdjime\u010dn\u00fd a velice chutn\u00fd.<\/p>\n<p>Sed\u011bli u stolu, pili \u010daj a mluvili o l\u00e1sce.<\/p>\n<p>Mu\u017ei, byli est\u00e9tov\u00e9, d\u00e1my m\u011bly jemn\u00e9 pocity.<\/p>\n<p>(Heinrich Heine)<\/p>\n<p><img decoding=\"async\" src=\"https:\/\/caj-a-kava.cz\/obrazky\/uvod\/dobalouhovani\/bily_caj.jpg\" alt=\"Prodej b\u00edl\u00e9ho, c\u00edsa\u0159sk\u00e9ho, exkluzivn\u00edho \u010daje. P\u0159\u00edprava \u010daje od Zelen\u00fd Drak \u010daj a k\u00e1va\" \/>\u00a0<\/p>\n","protected":false},"excerpt":{"rendered":"<p><img loading=\"lazy\" decoding=\"async\" class=\"size-full wp-image-2970 alignleft\" src=\"https:\/\/zelenydrak.cz\/wp-content\/uploads\/2024\/08\/konvice-caj.png\" alt=\"\" width=\"48\" height=\"48\" \/>   V\u016fn\u011b a chu\u0165:\u010dist\u00e1, jemn\u00e1, sv\u011b\u017e\u00ed a ovocn\u00e1 PAI MU TAN (B\u00cdL\u00c1 PIVO\u0147KA) je prav\u00fd b\u00edl\u00fd sypan\u00fd \u010daj p\u016fvodem z \u010c\u00edny. Jedn\u00e1 se o vy\u0161\u0161\u00ed t\u0159\u00eddu b\u00edl\u00e9ho \u010daje Pai Mu Tan s velk\u00fdm pod\u00edlem siln\u00fdch, st\u0159\u00edb\u0159it\u011b b\u00edl\u00fdch tips\u016f &#8211; odtud n\u00e1zev. PAI MU TAN poch\u00e1z\u00ed z provincie Fu-\u0165ien, m\u00edsto Fu Ding. Dobrou chu\u0165. <\/p>\n","protected":false},"featured_media":91128,"comment_status":"open","ping_status":"closed","template":"","meta":[],"product_brand":[],"product_cat":[300,299,301],"product_tag":[],"class_list":{"0":"post-91099","1":"product","2":"type-product","3":"status-publish","4":"has-post-thumbnail","6":"product_cat-bily-caj","7":"product_cat-bily-caj-bio","8":"product_cat-rarity-a-premiove-caje","10":"first","11":"instock","12":"product-type-variable","13":"has-default-attributes"},"_links":{"self":[{"href":"https:\/\/zelenydrak.cz\/velkoobchod\/wp-json\/wp\/v2\/product\/91099","targetHints":{"allow":["GET"]}}],"collection":[{"href":"https:\/\/zelenydrak.cz\/velkoobchod\/wp-json\/wp\/v2\/product"}],"about":[{"href":"https:\/\/zelenydrak.cz\/velkoobchod\/wp-json\/wp\/v2\/types\/product"}],"replies":[{"embeddable":true,"href":"https:\/\/zelenydrak.cz\/velkoobchod\/wp-json\/wp\/v2\/comments?post=91099"}],"wp:featuredmedia":[{"embeddable":true,"href":"https:\/\/zelenydrak.cz\/velkoobchod\/wp-json\/wp\/v2\/media\/91128"}],"wp:attachment":[{"href":"https:\/\/zelenydrak.cz\/velkoobchod\/wp-json\/wp\/v2\/media?parent=91099"}],"wp:term":[{"taxonomy":"product_brand","embeddable":true,"href":"https:\/\/zelenydrak.cz\/velkoobchod\/wp-json\/wp\/v2\/product_brand?post=91099"},{"taxonomy":"product_cat","embeddable":true,"href":"https:\/\/zelenydrak.cz\/velkoobchod\/wp-json\/wp\/v2\/product_cat?post=91099"},{"taxonomy":"product_tag","embeddable":true,"href":"https:\/\/zelenydrak.cz\/velkoobchod\/wp-json\/wp\/v2\/product_tag?post=91099"}],"curies":[{"name":"wp","href":"https:\/\/api.w.org\/{rel}","templated":true}]}}