{"id":91098,"date":"2025-03-05T08:06:19","date_gmt":"2025-03-05T08:06:19","guid":{"rendered":"https:\/\/zelenydrak.cz\/velkoobchod\/?post_type=product&#038;p=91098"},"modified":"2025-03-05T08:06:26","modified_gmt":"2025-03-05T08:06:26","slug":"zeleny-caj-japan-genmaicha","status":"publish","type":"product","link":"https:\/\/zelenydrak.cz\/velkoobchod\/produkt\/zeleny-caj-japan-genmaicha\/","title":{"rendered":"ZELEN\u00dd \u010cAJ JAPAN GENMAICHA"},"content":{"rendered":"<h2>JAPAN GENMAICHA &#8211; prav\u00fd zelen\u00fd \u010daj<\/h2>\n<p>Slo\u017een\u00ed \u010daje: zelen\u00fd japonsk\u00fd \u010daj, pra\u017een\u00e1 r\u00fd\u017ee (min. 5%). <\/p>\n<h2>Popis \u010daje:<\/h2>\n<p>Genmaicha je tradi\u010dn\u00ed japonsk\u00fd obl\u00edben\u00fd \u010daj. Po cel\u00e1 stalet\u00ed se skl\u00edz\u00ed a p\u0159ipravuje naprosto stejn\u011b. Tato exotick\u00e1 Genmaicha se skl\u00e1d\u00e1 ze zelen\u00e9ho japonsk\u00e9ho \u010daje Bancha s m\u00edrn\u011b pra\u017eenou pr\u00e9miovou japonskou hn\u011bdou r\u00fd\u017e\u00ed (Genmai).\u00a0Chu\u0165 je p\u0159\u00edjemn\u00e1 s n\u00e1dechem o\u0159echov\u011b pra\u017een\u00e9 r\u00fd\u017ee a jemn\u00fdm lehk\u00fdm dozvukem zelen\u00e9ho \u010daje. \u010caj m\u016f\u017ee b\u00fdt t\u00e9\u017e naz\u00fdv\u00e1n jako popcornov\u00fd \u010daj i kdy\u017e s pra\u017eenou kuku\u0159ic\u00ed nem\u00e1 opravdu nic spole\u010dn\u00e9ho. Je to d\u00e1no t\u00edm, \u017ee p\u0159i pra\u017een\u00ed r\u00fd\u017ee, tato m\u016f\u017ee puknout jako kuku\u0159ice.<\/p>\n<p><img loading=\"lazy\" decoding=\"async\" style=\"float: left;\" title=\"konvice \u010caj-a-K\u00e1va.cz\" src=\"https:\/\/www.caj-a-kava.cz\/img\/cms\/konvice_zelenydrak.png\" alt=\"konvice \u010caj-a-K\u00e1va.cz\" width=\"100\" height=\"100\" \/><\/p>\n<h2>N\u00e1poj:<\/h2>\n<p>Genmaicha je ide\u00e1ln\u00ed s j\u00eddlem, hod\u00ed se k v\u0159el\u00e9 konverzaci nebo tich\u00e9mu rozj\u00edm\u00e1n\u00ed. Popul\u00e1rn\u00ed se st\u00e1v\u00e1 zejm\u00e9na v chladn\u00e9m zimn\u00edm obdob\u00ed. \u00a0Genmaichu lze koupit obohacenou \u010dajem Matcha. \u00a0P\u0159id\u00e1n\u00edm Matcha do Genmaicha se zm\u00edrn\u00ed chu\u0165 a n\u00e1lev se st\u00e1v\u00e1 v\u00edce zelen\u00fdm. A\u0165 jedna \u010di druh\u00e1 Genmaicha je mezi milovn\u00edky stejn\u011b v\u00e1\u017eena. Ov\u0161em tradi\u010dn\u011bj\u0161\u00ed (v\u00edce pit\u00e1) je pr\u00e1v\u011b ta, bez \u010daje Matcha. O vztahu \u010daje Genmaicha a j\u00eddla jsme ji\u017e hovo\u0159ili. Nejide\u00e1ln\u011bj\u0161\u00ed je jeho konzumace po vydatn\u00e9m ob\u011bd\u011b. Chu\u0165 \u010daje Genmaicha k tomu vylo\u017een\u011b vyb\u00edz\u00ed.<\/p>\n<h2>Pozor:<\/h2>\n<p>Mus\u00edme dodat, \u017ee n\u011bkomu m\u016f\u017ee \u010daj p\u0159ipom\u00ednat jakoby pol\u00e9vku. Je to opravdu o\u010daruj\u00edc\u00ed chu\u0165, kter\u00e1 se rychle st\u00e1v\u00e1 n\u00e1vykovou. Trvalo n\u011bkolik let, ne\u017e jedna na\u0161e kolegyn\u011b s n\u00e1vykovou chut\u00ed \u010daje Genmaicha skoncovala.<\/p>\n<h2><span style=\"line-height: 1.5em;\">Jak p\u0159ipravit \u010daj Genmaicha:<\/span><\/h2>\n<p>Pou\u017eijte cca 3 &#8211; 5g (1 pol\u00e9vkov\u00e1 l\u017e\u00edce) na 250ml vody. Vodu p\u0159eva\u0159\u00edme a nech\u00e1me zhruba 2-3 minutky vychladnout. (Pokuste se pou\u017e\u00edvat kvalitn\u00ed vodu. Nekvalitn\u00ed voda dok\u00e1\u017ee ud\u011blat z jak\u00e9hokoli \u010daje opravdov\u00e9 peklo). Po vychladnut\u00ed zalejeme \u010daj a nech\u00e1me cca 2-3 minuty luhovat aby se naplno rozvinula chu\u0165 \u010daje. Genmaichu m\u016f\u017ee a\u017e t\u0159ikr\u00e1t zal\u00e9vat podobn\u00fdm zp\u016fsobem, snad jen dobu louhov\u00e1n\u00ed o n\u011bco prodlou\u017e\u00edme.<\/p>\n<p>Tato p\u0159\u00edprava \u010daje je ofici\u00e1ln\u011b navrhovanou. My V\u00e1m ale doporu\u010dujeme experimentovat a neb\u00e1t se jakoukoli p\u0159\u00edpravu \u010daje vyzkou\u0161et. V\u017edy byste m\u011bli naj\u00edt p\u0159edev\u0161\u00edm pot\u011b\u0161en\u00ed s pr\u00e1ce kolem \u010daje a nikoli b\u00fdt stresovan\u00ed, zda jste neu\u010dinili n\u011bco \u0161patn\u011b.<\/p>\n<h2><span style=\"line-height: 1.5em;\">Japan Genmaicha &#8211; vzhled<\/span><\/h2>\n<p><span style=\"line-height: 1.5em;\"><img loading=\"lazy\" decoding=\"async\" title=\"Japan Genmaicha vzhled\" src=\"https:\/\/www.zelenydrak.cz\/img\/cms\/genmaicha.png\" alt=\"Japan Genmaicha vzhled\" width=\"850\" height=\"504\" \/><\/span><\/p>\n<h2 style=\"text-align: right;\">&nbsp;<\/h2>\n<p>\u00a0<\/p>\n<p>\u00a0<\/p>\n<p>\u00a0<\/p>\n<p>\u00a0<\/p>\n<p>\u00a0<\/p>\n<h2><span style=\"line-height: 1.5em;\">Japan Genmaicha \u00a0&#8211; p\u0159\u00edprava<\/span><\/h2>\n<p><span style=\"line-height: 1.5em;\"><img loading=\"lazy\" decoding=\"async\" title=\"Genmaicha - p\u0159\u00edprava\" src=\"https:\/\/www.zelenydrak.cz\/img\/cms\/japan%20genmaicha.png\" alt=\"Genmaicha - p\u0159\u00edprava\" width=\"850\" height=\"504\" \/><\/span><\/p>\n<h2><span style=\"line-height: 1.5em;\"> <\/span><\/h2>\n<p>\u00a0<\/p>\n<p>\u00a0<\/p>\n<p>\u00a0<\/p>\n<p>\u00a0<\/p>\n<p>\u00a0<\/p>\n<h2><span style=\"line-height: 1.5em;\">Japan Genmaicha &#8211; n\u00e1lev<\/span><\/h2>\n<p><span style=\"line-height: 1.5em;\"><img loading=\"lazy\" decoding=\"async\" title=\"Genmaicha - n\u00e1lev\" src=\"https:\/\/www.zelenydrak.cz\/img\/cms\/genmaicha_priprava.png\" alt=\"Genmaicha - n\u00e1lev\" width=\"850\" height=\"504\" \/><\/span><\/p>\n","protected":false},"excerpt":{"rendered":"<p><img loading=\"lazy\" decoding=\"async\" class=\"size-full wp-image-2970 alignleft\" src=\"https:\/\/zelenydrak.cz\/wp-content\/uploads\/2024\/08\/konvice-caj.png\" alt=\"\" width=\"48\" height=\"48\" \/>   V\u016fn\u011b a chu\u0165:popcornov\u00e1. Genmaicha je tradi\u010dn\u00ed japonsk\u00fd obl\u00edben\u00fd \u010daj. Po cel\u00e1 stalet\u00ed se skl\u00edz\u00ed a p\u0159ipravuje naprosto stejn\u011b. Tato exotick\u00e1 Genmaicha se skl\u00e1d\u00e1 ze zelen\u00e9ho japonsk\u00e9ho \u010daje Bancha s m\u00edrn\u011b pra\u017eenou pr\u00e9miovou japonskou hn\u011bdou r\u00fd\u017e\u00ed (Genmai).\u00a0Chu\u0165 je p\u0159\u00edjemn\u00e1 s n\u00e1dechem o\u0159echov\u011b pra\u017een\u00e9 r\u00fd\u017ee a jemn\u00fdm lehk\u00fdm dozvukem zelen\u00e9ho \u010daje.<\/p>\n","protected":false},"featured_media":91126,"comment_status":"open","ping_status":"closed","template":"","meta":[],"product_brand":[],"product_cat":[295],"product_tag":[],"class_list":{"0":"post-91098","1":"product","2":"type-product","3":"status-publish","4":"has-post-thumbnail","6":"product_cat-zeleny-caj-cisty","8":"first","9":"instock","10":"product-type-variable","11":"has-default-attributes"},"_links":{"self":[{"href":"https:\/\/zelenydrak.cz\/velkoobchod\/wp-json\/wp\/v2\/product\/91098","targetHints":{"allow":["GET"]}}],"collection":[{"href":"https:\/\/zelenydrak.cz\/velkoobchod\/wp-json\/wp\/v2\/product"}],"about":[{"href":"https:\/\/zelenydrak.cz\/velkoobchod\/wp-json\/wp\/v2\/types\/product"}],"replies":[{"embeddable":true,"href":"https:\/\/zelenydrak.cz\/velkoobchod\/wp-json\/wp\/v2\/comments?post=91098"}],"wp:featuredmedia":[{"embeddable":true,"href":"https:\/\/zelenydrak.cz\/velkoobchod\/wp-json\/wp\/v2\/media\/91126"}],"wp:attachment":[{"href":"https:\/\/zelenydrak.cz\/velkoobchod\/wp-json\/wp\/v2\/media?parent=91098"}],"wp:term":[{"taxonomy":"product_brand","embeddable":true,"href":"https:\/\/zelenydrak.cz\/velkoobchod\/wp-json\/wp\/v2\/product_brand?post=91098"},{"taxonomy":"product_cat","embeddable":true,"href":"https:\/\/zelenydrak.cz\/velkoobchod\/wp-json\/wp\/v2\/product_cat?post=91098"},{"taxonomy":"product_tag","embeddable":true,"href":"https:\/\/zelenydrak.cz\/velkoobchod\/wp-json\/wp\/v2\/product_tag?post=91098"}],"curies":[{"name":"wp","href":"https:\/\/api.w.org\/{rel}","templated":true}]}}