{"id":91096,"date":"2025-03-05T08:06:19","date_gmt":"2025-03-05T08:06:19","guid":{"rendered":"https:\/\/zelenydrak.cz\/velkoobchod\/?post_type=product&#038;p=91096"},"modified":"2025-03-05T08:06:26","modified_gmt":"2025-03-05T08:06:26","slug":"china-lung-ching-jeden-z-nejznamejsich-caju-ciny","status":"publish","type":"product","link":"https:\/\/zelenydrak.cz\/velkoobchod\/produkt\/china-lung-ching-jeden-z-nejznamejsich-caju-ciny\/","title":{"rendered":"CHINA LUNG CHING &#8211; jeden z nejzn\u00e1m\u011bj\u0161\u00edch \u010daj\u016f \u010c\u00edny"},"content":{"rendered":"<h2>CHINA LUNG CHING &#8211; jeden z nejzn\u00e1m\u011bj\u0161\u00edch \u010daj\u016f \u010c\u00edny<\/h2>\n<p><p>\u00a0<\/p>\n<h2>Slo\u017een\u00ed \u010daje:<\/h2>\n<p>zelen\u00fd \u010d\u00ednsk\u00fd \u010daj 100%.<\/p>\n<h2>Popis \u010daje:<\/h2>\n<p>Zelen\u00fd \u010daj Lung Ching zn\u00e1m\u00ed tak\u00e9 jako Dragon Well, Lungjing nebo Dra\u010d\u00ed studna se \u0159ad\u00ed mezi nejobl\u00edben\u011bj\u0161\u00ed \u010daje \u010c\u00edny. Tento \u010daj se su\u0161\u00ed na dlouh\u00e9, ploch\u00e9, \u00fazk\u00e9 listy,kter\u00e9 maj\u00ed zelenkavou barvu. N\u00e1lev \u0161\u00e1lku je \u010dir\u00fd, sv\u011btle \u017elut\u00fd a listy se p\u0159i lu\u017een\u00ed stav\u00ed zp\u0159\u00edma. \u010c\u00ed\u0148an\u00e9 chv\u00e1l\u00ed Dra\u010d\u00ed studnu pro jej\u00ed jedine\u010dn\u00e9 vlastnosti jako je nefritov\u00e1 barva, vegetativn\u00ed v\u016fn\u011b, jemn\u00e1 chu\u0165 ka\u0161tan\u016f a jakoby ploch\u00e9 v jehly tvarovan\u00e9 listy.<\/p>\n<p><img loading=\"lazy\" decoding=\"async\" style=\"float: left;\" title=\"konvice \u010caj-a-K\u00e1va.cz\" src=\"https:\/\/www.caj-a-kava.cz\/img\/cms\/konvice_zelenydrak.png\" alt=\"konvice \u010caj-a-K\u00e1va.cz\" width=\"100\" height=\"100\" \/><\/p>\n<h2>N\u00e1poj z Dra\u010d\u00ed studny<\/h2>\n<p>Ji\u017e ze sv\u00e9 podstaty Lung Ching na n\u00e1s p\u016fsob\u00ed podobn\u011b jako sv\u011b\u017e\u00ed jarn\u00ed louka zalit\u00e1 rann\u00ed rosou. Je to d\u00e1no lahodnou sladkou chut\u00ed \u010daje doprov\u00e1zenou lehk\u00fdm ka\u0161tanov\u00fdm aroma. Chu\u0165 Dra\u010d\u00ed studny je pln\u00e1 a v \u00fastech zanech\u00e1v\u00e1 osv\u011b\u017euj\u00edc\u00ed pocit. Z p\u0159ipraven\u00e9ho \u0161\u00e1lku \u010daje n\u00e1m zavon\u011bla t\u00e9\u017e orchidej, zimolez a jakoby v\u016fn\u011b sladk\u00e9 kuku\u0159ice.<\/p>\n<p>\u00a0<\/p>\n<h2>Dra\u010d\u00ed studna jako \u010daj \u0161t\u011bst\u00ed<\/h2>\n<p>Dra\u010d\u00ed studnu lze pova\u017eovat za \u010daj \u0161t\u011bst\u00ed. Dra\u010d\u00ed studna je nej\u010dast\u011bji nab\u00edzen\u00fdm \u010dajem p\u0159i ka\u017ed\u00e9 \u0161\u0165astn\u00e9 ud\u00e1losti. Okouzlete tedy Va\u0161i \u0161\u0165astnou ud\u00e1lost \u0161\u00e1lkem Dra\u010d\u00ed studny.<\/p>\n<p>\u00a0<\/p>\n<h2>Dra\u010d\u00ed studna a jej\u00ed spole\u010densk\u00fd v\u00fdznam<\/h2>\n<p>Tento \u010d\u00ednsk\u00fd zelen\u00fd \u010daj, se \u0159ad\u00ed mezi deset nejslavn\u011bj\u0161\u00edch \u010daj\u016f \u010c\u00edny. Je to d\u00e1no t\u00edm, \u017ee tradi\u010dn\u011b slou\u017eil a slou\u017e\u00ed k uct\u011bn\u00ed c\u00edsa\u0159\u016f, kr\u00e1l\u016f, kr\u00e1loven a prezident\u016f.<\/p>\n<p>Abychom opravdu docenili tento ceremoni\u00e1ln\u00ed \u010daj mus\u00edme uv\u00e9st, \u017ee byl serv\u00edrov\u00e1n kr\u00e1lovn\u011b Anglie Elizabeth II, kdy\u017e nav\u0161t\u00edvila \u010c\u00ednu. Slou\u017eil t\u00e9\u017e k poho\u0161t\u011bn\u00ed americk\u00e9ho prezidenta Richarda Nixona b\u011bhem jeho slavn\u00e9ho setk\u00e1n\u00ed s Mao Ce-tungem. \u0158\u00edk\u00e1 se, \u017ee p\u0159i t\u00e9to p\u0159\u00edle\u017eitosti si Nixon cht\u011bl dom\u016f odv\u00e9st 1000 kilo \u010daje Dragon Well (Dra\u010d\u00ed studny). No, ale tak\u00e9 se \u0159\u00edk\u00e1, \u017ee dostal jen kila dv\u011b. A okrajov\u011b dopln\u00edme, \u017ee tento \u010daj byl zm\u00edn\u011bn ji\u017e v Cha Ching, monument\u00e1ln\u00ed knize o \u010daji kterou napsal Lu Yu v roce 780 nl b\u011bhem vl\u00e1dy dynastie Tang.<\/p>\n<p>\u00a0<\/p>\n<h2>Dra\u010d\u00ed studna se hod\u00ed\u00a0i k pokrm\u016fm<\/h2>\n<p>Dra\u010d\u00ed studnu m\u016f\u017eeme pod\u00e1vat k m\u011bkk\u00fd s\u00fdr\u016fm, jako je Brie a Camembert. \u010caj m\u016f\u017eeme t\u00e9\u017e pop\u00edjet s p\u0159edkrmy a p\u011bkn\u011b lad\u00ed s ryb\u00edm masem. \u010caj Dra\u010d\u00ed studna m\u016f\u017ee b\u00fdt pod\u00e1v\u00e1na s celou \u0159adou dezert\u016f, jako jsou kol\u00e1\u010de a dorty, jako\u017e i ovocn\u00e9 dezerty. Nicm\u00e9n\u011b vzhledem k jeho cenn\u00fdm vlastnostem se ov\u0161em nej\u010dast\u011bji pod\u00e1v\u00e1 samostatn\u011b.<\/p>\n<p>\u00a0<\/p>\n<h2>P\u0159\u00edprava Lung Ching<\/h2>\n<p>\u010cty\u0159i pln\u011bj\u0161\u00ed \u010dajov\u00e9 l\u017ei\u010dky, co\u017e jest 12-15g \u010daje, pou\u017eijeme na jeden litr n\u00e1levu. Vodu bychom m\u011bli nejide\u00e1ln\u011bji pou\u017e\u00edt z Dra\u010d\u00ed studny. V p\u0159\u00edpad\u011b, \u017ee k Dra\u010d\u00ed studn\u011b nem\u00e1me p\u0159\u00edstup, pou\u017eijeme dostupnou vodu, nijak chlorovanou. Tuto p\u0159ivedeme k 70-80\u00b0C a na \u010daj\u00edk nalijeme na cca 2 minutky. Pot\u00e9 v\u00fdluh zced\u00edme. D\u00e1le proces p\u0159\u00edpravy m\u016f\u017eeme opakovat (op\u011bt s \u010derstvou vodou) a p\u0159i pop\u00edjen\u00ed m\u016f\u017eeme \u010dekat na \u0161\u0165astn\u00e9 dra\u010d\u00ed po\u017eehn\u00e1n\u00ed.<\/p>\n<p>\u00a0<\/p>\n<h2>Kde se Dra\u010d\u00ed studna p\u011bstuje<\/h2>\n<p>Zelen\u00fd \u010daj Dra\u010d\u00ed studna se p\u011bstuje v\u00fdhradn\u011b v provincii Zhejiang. Je, ale pravdou, \u017ee mnoz\u00ed se sna\u017e\u00ed Dra\u010di studnu duplikovat. Ve v\u011bt\u0161in\u011b p\u0159\u00edpad\u016f se poda\u0159\u00ed napodobit tvar, ale chu\u0165 velmi zaost\u00e1v\u00e1. P\u0159i n\u00e1kupu Dra\u010d\u00ed studny, nebo t\u00e9\u017e Longjing tea se ujist\u011bte, \u017ee byla p\u011bstov\u00e1na v provincii \u010ce-\u0165iang v bl\u00edzkosti West Lake.<\/p>\n<p>\u00a0<\/p>\n<h2>A na z\u00e1v\u011br legenda o Dra\u010d\u00ed studni<\/h2>\n<p>Legenda vypr\u00e1v\u00ed, \u017ee b\u011bhem jednoho velk\u00e9ho sucha, buddhistick\u00fd mnich svolal \u0160\u0165astn\u00e9ho draka, kter\u00fd p\u0159inesl d\u00e9\u0161\u0165 a naplnil studnu. T\u00edm zachr\u00e1nil \u00farodu vesni\u010dan\u016f a \u017eivotad\u00e1rn\u00e1 studna byla pojmenov\u00e1na Dra\u010d\u00ed studna. Od t\u00e9 doby studna nap\u00e1j\u00ed louku na kter\u00e9 se p\u011bstuje a na ja\u0159e skl\u00edz\u00ed tento zelen\u00fd \u010daj.<\/p>\n<\/p>\n<p>\u00a0<\/p>\n<h2>CHINA LUNG CHING &#8211; jeden z nejzn\u00e1m\u011bj\u0161\u00edch \u010daj\u016f \u010c\u00edny<\/h2>\n<p><span style=\"line-height: 1.5em;\"><img decoding=\"async\" title=\"CHINA LUNG CHING - jeden z nejzn\u00e1m\u011bj\u0161\u00edch \u010daj\u016f \u010c\u00edny\" src=\"https:\/\/zelenydrak.cz\/img\/cms\/lung_ching.jpg\" alt=\"CHINA LUNG CHING - jeden z nejzn\u00e1m\u011bj\u0161\u00edch \u010daj\u016f \u010c\u00edny\" \/><\/span><\/p>\n<p>\u00a0<\/p>\n<p>\u00a0<\/p>\n<p>\u00a0<\/p>\n<p>\u00a0<\/p>\n<p>\u00a0<\/p>\n<h2><span style=\"line-height: 1.5em;\">CHINA LUNG CHING &#8211; jeden z nejzn\u00e1m\u011bj\u0161\u00edch \u010daj\u016f \u010c\u00edny\u00a0&#8211; p\u0159\u00edprava<\/span><\/h2>\n<p><span style=\"line-height: 1.5em;\"><img decoding=\"async\" title=\"CHINA LUNG CHING - jeden z nejzn\u00e1m\u011bj\u0161\u00edch \u010daj\u016f \u010c\u00edny - p\u0159\u00edprava\" src=\"https:\/\/zelenydrak.cz\/img\/cms\/lung_ching_priprava.jpg\" alt=\"CHINA LUNG CHING - jeden z nejzn\u00e1m\u011bj\u0161\u00edch \u010daj\u016f \u010c\u00edny - p\u0159\u00edprava\" \/><\/span><\/p>\n<p>\u00a0<\/p>\n<p>\u00a0<\/p>\n<p>\u00a0<\/p>\n<p>\u00a0<\/p>\n<p>\u00a0<\/p>\n<h2><span style=\"line-height: 1.5em;\">CHINA LUNG CHING &#8211; jeden z nejzn\u00e1m\u011bj\u0161\u00edch \u010daj\u016f \u010c\u00edny &#8211; n\u00e1lev<\/span><\/h2>\n<p><span style=\"line-height: 1.5em;\"><img decoding=\"async\" title=\"CHINA LUNG CHING - jeden z nejzn\u00e1m\u011bj\u0161\u00edch \u010daj\u016f \u010c\u00edny - n\u00e1lev\" src=\"https:\/\/zelenydrak.cz\/img\/cms\/lung_ching_nalev.jpg\" alt=\"CHINA LUNG CHING - jeden z nejzn\u00e1m\u011bj\u0161\u00edch \u010daj\u016f \u010c\u00edny - n\u00e1lev\" \/><\/span><\/p>\n","protected":false},"excerpt":{"rendered":"<p><img loading=\"lazy\" decoding=\"async\" class=\"size-full wp-image-2970 alignleft\" src=\"https:\/\/zelenydrak.cz\/wp-content\/uploads\/2024\/08\/konvice-caj.png\" alt=\"\" width=\"48\" height=\"48\" \/>   V\u016fn\u011b a chu\u0165:lahodn\u011b sv\u011b\u017e\u00ed a nasl\u00e1dl\u00e1 Ji\u017e ze sv\u00e9 podstaty Lung Ching na n\u00e1s p\u016fsob\u00ed podobn\u011b jako sv\u011b\u017e\u00ed jarn\u00ed louka zalit\u00e1 rann\u00ed rosou. Je to d\u00e1no lahodnou sladkou chut\u00ed \u010daje doprov\u00e1zenou lehk\u00fdm ka\u0161tanov\u00fdm aroma. Chu\u0165 Dra\u010d\u00ed studny je pln\u00e1 a v \u00fastech zanech\u00e1v\u00e1 osv\u011b\u017euj\u00edc\u00ed pocit. Z p\u0159ipraven\u00e9ho \u0161\u00e1lku \u010daje n\u00e1m zavon\u011bla t\u00e9\u017e orchidej, zimolez a jakoby v\u016fn\u011b sladk\u00e9 kuku\u0159ice. Milujeme tento \u010daj.<\/p>\n","protected":false},"featured_media":91122,"comment_status":"open","ping_status":"closed","template":"","meta":[],"product_brand":[],"product_cat":[295],"product_tag":[],"class_list":{"0":"post-91096","1":"product","2":"type-product","3":"status-publish","4":"has-post-thumbnail","6":"product_cat-zeleny-caj-cisty","8":"first","9":"instock","10":"product-type-variable","11":"has-default-attributes"},"_links":{"self":[{"href":"https:\/\/zelenydrak.cz\/velkoobchod\/wp-json\/wp\/v2\/product\/91096","targetHints":{"allow":["GET"]}}],"collection":[{"href":"https:\/\/zelenydrak.cz\/velkoobchod\/wp-json\/wp\/v2\/product"}],"about":[{"href":"https:\/\/zelenydrak.cz\/velkoobchod\/wp-json\/wp\/v2\/types\/product"}],"replies":[{"embeddable":true,"href":"https:\/\/zelenydrak.cz\/velkoobchod\/wp-json\/wp\/v2\/comments?post=91096"}],"wp:featuredmedia":[{"embeddable":true,"href":"https:\/\/zelenydrak.cz\/velkoobchod\/wp-json\/wp\/v2\/media\/91122"}],"wp:attachment":[{"href":"https:\/\/zelenydrak.cz\/velkoobchod\/wp-json\/wp\/v2\/media?parent=91096"}],"wp:term":[{"taxonomy":"product_brand","embeddable":true,"href":"https:\/\/zelenydrak.cz\/velkoobchod\/wp-json\/wp\/v2\/product_brand?post=91096"},{"taxonomy":"product_cat","embeddable":true,"href":"https:\/\/zelenydrak.cz\/velkoobchod\/wp-json\/wp\/v2\/product_cat?post=91096"},{"taxonomy":"product_tag","embeddable":true,"href":"https:\/\/zelenydrak.cz\/velkoobchod\/wp-json\/wp\/v2\/product_tag?post=91096"}],"curies":[{"name":"wp","href":"https:\/\/api.w.org\/{rel}","templated":true}]}}