{"id":91095,"date":"2025-03-05T08:06:19","date_gmt":"2025-03-05T08:06:19","guid":{"rendered":"https:\/\/zelenydrak.cz\/velkoobchod\/?post_type=product&#038;p=91095"},"modified":"2025-03-05T08:06:26","modified_gmt":"2025-03-05T08:06:26","slug":"darjeeling-sftgfop-1-first-flush-himalaya-cerny-caj-z-vysokohorskych-mlh","status":"publish","type":"product","link":"https:\/\/zelenydrak.cz\/velkoobchod\/produkt\/darjeeling-sftgfop-1-first-flush-himalaya-cerny-caj-z-vysokohorskych-mlh\/","title":{"rendered":"DARJEELING SFTGFOP 1 FIRST FLUSH HIMALAYA  \u2013  \u010dern\u00fd \u010daj z vysokohorsk\u00fdch mlh"},"content":{"rendered":"<h2>DARJEELING SFTGFOP 1 FIRST FLUSH HIMALAYA  &#8211; prav\u00fd \u010dern\u00fd \u010daj z vysokohorsk\u00fdch mlh<\/h2>\n<h2>Slo\u017een\u00ed \u010daje:<\/h2>\n<p>\u010dern\u00fd indick\u00fd \u010daj 100%.<\/p>\n<h2>Popis \u010daje:<\/h2>\n<p>Darjeeling SFTGFOP 1 First Flush Himalaya je nejvybran\u011bj\u0161\u00ed, nejvznesen\u011bj\u0161\u00ed a nejvz\u00e1cn\u011bj\u0161\u00ed ze v\u0161ech \u010dern\u00fdch indick\u00fdch \u010daj\u016f. M\u00e1 dokonale pln\u00e9 t\u011blo s aromatick\u00fdm n\u00e1dechem \u010derstv\u00e9ho mu\u0161k\u00e1tu, zral\u00e9ho ovoce a zelen\u00fdch mandl\u00ed.<\/p>\n<p><img loading=\"lazy\" decoding=\"async\" style=\"float: left;\" title=\"konvice \u010caj-a-K\u00e1va.cz\" src=\"http:\/\/caj-a-kava.cz\/img\/cms\/konvice_zelenydrak.png\" alt=\"konvice \u010caj-a-K\u00e1va.cz\" width=\"100\" height=\"100\" \/><\/p>\n<h2>N\u00e1poj z \u010dern\u00e9ho \u010daje Darjeeling SFTGFOP 1 First Flush Himalaya<\/h2>\n<p>V \u0161\u00e1lku \u010dern\u00e9ho \u010daje Darjeeling SFTGFOP 1 First Flush Himalaya se setk\u00e1me s jiskrnou hn\u011bdo\u010dervenou barvou n\u00e1levu.<\/p>\n<p>\u00a0<\/p>\n<h2>Co je Darjeeling, a pro\u010d je tak velmi cen\u011bn\u00fd?\u00a0<\/h2>\n<p>Je to \u010d\u00ednsk\u00fd \u010daj, kter\u00fd roste v Indii. Darjeeling je \u010dasto naz\u00fdv\u00e1n \u0161ampa\u0148sk\u00fdm mezi \u010daji. V chuti Daarjelingu se m\u016f\u017eeme setkat s decentn\u00ed sladkou, muscatelovou v\u016fn\u00ed, kter\u00e1 se vyskytuje i u kvalitn\u00edch v\u00edn. D\u00e1le se obecn\u011b v chuti Darjeelingu vyskytuj\u00ed jemn\u00e9 rostlinn\u00e9, mechov\u00e9, ovocn\u00e9 a citrusov\u00e9 t\u00f3ny. Darjeeling je velmi \u010dasto klasifikov\u00e1n jako \u010dern\u00fd \u010daj. Je ov\u0161em pravdou, \u017ee Darjeelingsk\u00e9 \u010daje jsou t\u00e9m\u011b\u0159 v\u017edy m\u00e9n\u011b oxidovan\u00e9 ne\u017e klasick\u00e9 \u010dern\u00e9 \u010daje. Unik\u00e1tn\u00ed chu\u0165 Darjeeling poch\u00e1z\u00ed z \u010d\u00ednsk\u00fdch \u010dajovn\u00edk\u016f, kter\u00e9 se plant\u00e1\u017enicky p\u011bstuj\u00ed na horsk\u00fdch svaz\u00edch Him\u00e1laje ve v\u00fd\u0161kov\u00e9m p\u00e1smu 300-2000 metr\u016f n.m. Vysokohorsk\u00e9 klima, p\u00eds\u010dit\u00e1, \u010derven\u00e1 p\u016fda a znalost \u010dajov\u00e9 problematiky vytv\u00e1\u0159\u00ed opravdov\u00fd unik\u00e1t mezi \u010daji. \u010cern\u00e9 \u010daje jsou diky tomu v\u0161emu leh\u010d\u00ed a m\u00e9n\u011b sv\u00edrav\u00e9, ne\u017e b\u011b\u017en\u011b zn\u00e1me.<\/p>\n<p>\u00a0<\/p>\n<h2>Nikdy stejn\u00fd<\/h2>\n<p>Stejn\u00fd Darjeelingsk\u00fd \u010daj ze stejn\u00e9 plant\u00e1\u017ee bude chutnat poka\u017ed\u00e9 jinak v z\u00e1vislosti na tom, kdy je skl\u00edzen. Sklize\u0148 v D\u00e1rd\u017eilingu prob\u00edh\u00e1 od dubna do listopadu. Hlavn\u00ed sklizn\u00ed je obdob\u00ed dubna a\u017e kv\u011btna. Oblast D\u00e1rd\u017eilingu produkuje \u010daje vynikaj\u00edc\u00ed kvality, aromatick\u00e9, velk\u00e9 \u010daj\u00ednky s vysok\u00fdm obsahem zlatav\u00fdch tips\u016f. Sklize\u0148 z obdob\u00ed \u010dervna a\u017e \u0159\u00edjna se vyzna\u010duj\u00ed zvl\u00e1\u0161\u0165 jemn\u00fdmi charakteristick\u00fdmi vlastnostmi.<\/p>\n<p>\u00a0<\/p>\n<h2>Jak Darjeeling p\u0159ich\u00e1z\u00ed na trh<\/h2>\n<p>Indick\u00fd \u010daj p\u0159ich\u00e1z\u00ed na sv\u011btov\u00fd trh v p\u0159ekli\u017ekov\u00fdch bedn\u00e1ch, uvnit\u0159 vylo\u017een\u00fdch foli\u00ed, kter\u00e1 br\u00e1n\u00ed vniknut\u00ed vlhka. N\u011bkdy b\u00fdvaj\u00ed bedny s \u010dajem je\u0161t\u011b pota\u017eeny jutov\u00fdm obalem.<\/p>\n<p>\u00a0<\/p>\n<h2>Co mus\u00edte v\u011bd\u011bt o p\u0159\u00edprav\u011b \u010dern\u00e9ho \u010daje D\u00e1rd\u017eiling SFTGFOP 1 First Flush Himalaya<\/h2>\n<p>Na jeden litr \u010daje pou\u017eijeme 12-15g \u010dern\u00e9ho \u010daje Darjeeling Sftgfop 1 First Flush Himalaya. \u010c\u00edm leh\u010d\u00ed je \u010daj, t\u00edm krat\u0161\u00ed by m\u011bla b\u00fdt doba louhov\u00e1n\u00ed. Darjeeling pot\u0159ebuje jen 2 a\u017e 4 minuty louhov\u00e1n\u00ed a p\u0159elit\u00ed t\u00e9m\u011b\u0159 horkou vodou.<\/p>\n<p>\u00a0<\/p>\n<p>\u00a0<\/p>\n<h2>DARJEELING SFTGFOP 1 FIRST FLUSH HIMALAYA \u2013 \u010daj z vysokohorsk\u00fdch mlh<\/h2>\n<p><span style=\"line-height: 1.5em;\"><img decoding=\"async\" title=\"DARJEELING SFTGFOP 1 FIRST FLUSH HIMALAYA \u2013 \u010daj z vysokohorsk\u00fdch mlh\" src=\"http:\/\/zelenydrak.cz\/img\/cms\/himalaya.jpg\" alt=\"DARJEELING SFTGFOP 1 FIRST FLUSH HIMALAYA \u2013 \u010daj z vysokohorsk\u00fdch mlh\" \/><\/span><\/p>\n<p>\u00a0<\/p>\n<p>\u00a0<\/p>\n<p>\u00a0<\/p>\n<p>\u00a0<\/p>\n<p>\u00a0<\/p>\n<h2><span style=\"line-height: 1.5em;\">DARJEELING SFTGFOP 1 FIRST FLUSH HIMALAYA \u2013 \u010daj z vysokohorsk\u00fdch mlh &#8211; p\u0159\u00edprava<\/span><\/h2>\n<p><span style=\"line-height: 1.5em;\"><img decoding=\"async\" title=\"DARJEELING SFTGFOP 1 FIRST FLUSH HIMALAYA \u2013 \u010daj z vysokohorsk\u00fdch mlh - p\u0159\u00edprava\" src=\"http:\/\/zelenydrak.cz\/img\/cms\/himalaya_priprava.jpg\" alt=\"DARJEELING SFTGFOP 1 FIRST FLUSH HIMALAYA \u2013 \u010daj z vysokohorsk\u00fdch mlh - p\u0159\u00edprava\" \/><\/span><\/p>\n<p>\u00a0<\/p>\n<p>\u00a0<\/p>\n<p>\u00a0<\/p>\n<p>\u00a0<\/p>\n<p>\u00a0<\/p>\n<h2><span style=\"line-height: 1.5em;\">DARJEELING SFTGFOP 1 FIRST FLUSH HIMALAYA \u2013 \u010daj z vysokohorsk\u00fdch mlh &#8211; n\u00e1lev<\/span><\/h2>\n<p><span style=\"line-height: 1.5em;\"><img decoding=\"async\" title=\"DARJEELING SFTGFOP 1 FIRST FLUSH HIMALAYA \u2013 \u010daj z vysokohorsk\u00fdch mlh - n\u00e1lev\" src=\"http:\/\/zelenydrak.cz\/img\/cms\/himalaya_nalev.jpg\" alt=\"DARJEELING SFTGFOP 1 FIRST FLUSH HIMALAYA \u2013 \u010daj z vysokohorsk\u00fdch mlh - n\u00e1lev\" \/><\/span><\/p>\n","protected":false},"excerpt":{"rendered":"<p><strong>V\u016fn\u011b a chu\u0165:<\/strong> typick\u00e1 \u010dist\u00e1 chu\u0165 Darjeelingu. <\/p>\n","protected":false},"featured_media":91120,"comment_status":"open","ping_status":"closed","template":"","meta":[],"product_brand":[],"product_cat":[292],"product_tag":[],"class_list":{"0":"post-91095","1":"product","2":"type-product","3":"status-publish","4":"has-post-thumbnail","6":"product_cat-cerny-caj-cisty","8":"first","9":"instock","10":"product-type-variable","11":"has-default-attributes"},"_links":{"self":[{"href":"https:\/\/zelenydrak.cz\/velkoobchod\/wp-json\/wp\/v2\/product\/91095","targetHints":{"allow":["GET"]}}],"collection":[{"href":"https:\/\/zelenydrak.cz\/velkoobchod\/wp-json\/wp\/v2\/product"}],"about":[{"href":"https:\/\/zelenydrak.cz\/velkoobchod\/wp-json\/wp\/v2\/types\/product"}],"replies":[{"embeddable":true,"href":"https:\/\/zelenydrak.cz\/velkoobchod\/wp-json\/wp\/v2\/comments?post=91095"}],"wp:featuredmedia":[{"embeddable":true,"href":"https:\/\/zelenydrak.cz\/velkoobchod\/wp-json\/wp\/v2\/media\/91120"}],"wp:attachment":[{"href":"https:\/\/zelenydrak.cz\/velkoobchod\/wp-json\/wp\/v2\/media?parent=91095"}],"wp:term":[{"taxonomy":"product_brand","embeddable":true,"href":"https:\/\/zelenydrak.cz\/velkoobchod\/wp-json\/wp\/v2\/product_brand?post=91095"},{"taxonomy":"product_cat","embeddable":true,"href":"https:\/\/zelenydrak.cz\/velkoobchod\/wp-json\/wp\/v2\/product_cat?post=91095"},{"taxonomy":"product_tag","embeddable":true,"href":"https:\/\/zelenydrak.cz\/velkoobchod\/wp-json\/wp\/v2\/product_tag?post=91095"}],"curies":[{"name":"wp","href":"https:\/\/api.w.org\/{rel}","templated":true}]}}