{"id":3043,"date":"2024-08-31T16:40:59","date_gmt":"2024-08-31T16:40:59","guid":{"rendered":"https:\/\/zelenydrak.cz\/?page_id=3043"},"modified":"2024-08-31T16:40:59","modified_gmt":"2024-08-31T16:40:59","slug":"maintenance","status":"publish","type":"page","link":"https:\/\/zelenydrak.cz\/velkoobchod\/maintenance\/","title":{"rendered":"Maintenance"},"content":{"rendered":"<div class=\"wpb-content-wrapper\"><p>[vc_row full_width=&#8220;stretch_row_content_no_spaces&#8220; full_height=&#8220;yes&#8220; columns_placement=&#8220;stretch&#8220; equal_height=&#8220;yes&#8220; content_placement=&#8220;middle&#8220; video_bg=&#8220;yes&#8220; video_bg_url=&#8220;&#8220; css=&#8220;.vc_custom_1494591206194{background-position: center !important;background-repeat: no-repeat !important;background-size: cover !important;}&#8220;][vc_column width=&#8220;1\/2&#8243; css=&#8220;.vc_custom_1494591285751{padding-top: 30px !important;padding-right: 15px !important;padding-bottom: 30px !important;padding-left: 15px !important;background-color: #272c30 !important;}&#8220; offset=&#8220;vc_col-lg-4 vc_col-md-4 vc_col-xs-12&#8243;][vc_custom_heading text=&#8220;<strong>ZELEN\u00dd DRAK JE V OPRAV\u011a<\/strong>&#8220; font_container=&#8220;tag:p|font_size:20px|text_align:center&#8220; use_theme_fonts=&#8220;yes&#8220; css=&#8220;.vc_custom_1547932029907{margin-bottom: 15px !important;}&#8220; el_class=&#8220;color-primary&#8220;][vc_custom_heading text=&#8220;JAKMILE TO OPRAV\u00cdM<br \/>\nHNED JSEM ZP\u00c1TKY&#8220; font_container=&#8220;tag:h2|font_size:60px|text_align:center|color:%23ffffff|line_height:1.2&#8243; use_theme_fonts=&#8220;yes&#8220; css=&#8220;.vc_custom_1547932917543{margin-bottom: 10px !important;}&#8220;][vc_row_inner][vc_column_inner width=&#8220;2\/3&#8243; offset=&#8220;vc_col-sm-offset-2&#8243;][vc_custom_heading text=&#8220;V\u00e1\u0161 Zelen\u00fd Drak&#8220; font_container=&#8220;tag:p|font_size:16|text_align:center|color:rgba(255%2C255%2C255%2C0.8)&#8220; use_theme_fonts=&#8220;yes&#8220; css=&#8220;.vc_custom_1547932987761{margin-bottom: 30px !important;}&#8220; link=&#8220;url:https%3A%2F%2Fwww.caj-a-kava.cz||target:%20_blank|&#8220;][vc_custom_heading text=&#8220;Zat\u00edm m\u016f\u017eete nav\u0161t\u00edvit n\u00e1\u0161 druh\u00fd web na \u010caj-a-K\u00e1va.cz&#8220; font_container=&#8220;tag:p|font_size:16|text_align:center|color:rgba(255%2C255%2C255%2C0.8)&#8220; use_theme_fonts=&#8220;yes&#8220; css=&#8220;.vc_custom_1547932563581{margin-bottom: 30px !important;}&#8220; link=&#8220;url:https%3A%2F%2Fwww.caj-a-kava.cz||target:%20_blank|&#8220;][\/vc_column_inner][\/vc_row_inner]\t\t\t<div class=\"wd-countdown-timer color-scheme-light text-center \">\n\t\t\t\t<div class=\"wd-timer wd-size-large\" data-end-date=\"2019-01-21\" data-timezone=\"GMT\" data-hide-on-finish=\"no\">\n\t\t\t\t\t<span class=\"wd-item wd-timer-days\">\n\t\t\t\t\t\t<span class=\"wd-timer-value\">\n\t\t\t\t\t\t\t0\n\t\t\t\t\t\t<\/span>\n\t\t\t\t\t\t<span class=\"wd-timer-text\">\n\t\t\t\t\t\t\tdny\t\t\t\t\t\t<\/span>\n\t\t\t\t\t<\/span>\n\t\t\t\t\t\t\t\t\t\t<span class=\"wd-item wd-timer-hours\">\n\t\t\t\t\t\t<span class=\"wd-timer-value\">\n\t\t\t\t\t\t\t00\n\t\t\t\t\t\t<\/span>\n\t\t\t\t\t\t<span class=\"wd-timer-text\">\n\t\t\t\t\t\t\thod\t\t\t\t\t\t<\/span>\n\t\t\t\t\t<\/span>\n\t\t\t\t\t\t\t\t\t\t<span class=\"wd-item wd-timer-min\">\n\t\t\t\t\t\t<span class=\"wd-timer-value\">\n\t\t\t\t\t\t\t00\n\t\t\t\t\t\t<\/span>\n\t\t\t\t\t\t<span class=\"wd-timer-text\">\n\t\t\t\t\t\t\tmin\t\t\t\t\t\t<\/span>\n\t\t\t\t\t<\/span>\n\t\t\t\t\t\t\t\t\t\t<span class=\"wd-item wd-timer-sec\">\n\t\t\t\t\t\t<span class=\"wd-timer-value\">\n\t\t\t\t\t\t\t00\n\t\t\t\t\t\t<\/span>\n\t\t\t\t\t\t<span class=\"wd-timer-text\">\n\t\t\t\t\t\t\tsec\t\t\t\t\t\t<\/span>\n\t\t\t\t\t<\/span>\n\t\t\t\t<\/div>\n\t\t\t<\/div>\n\t\t[vc_empty_space height=&#8220;30px&#8220;]<div id=\"wd-5c4394d6165bc\" class=\" wd-rs-5c4394d6165bc   wd-rs-5c4394d6165bc wd-button-wrapper text-center\"><a href=\"#contact-form-popup\" title=\"\" class=\"btn btn-color-primary btn-style-default btn-shape-rectangle btn-size-extra-large wd-open-popup \">KONTAKTUJTE N\u00c1S<\/a><\/div><div id=\"contact-form-popup\" class=\"mfp-hide wd-popup wd-popup-element wd-scroll-content\" style=\"--wd-popup-width:900px;\">[vc_row_inner equal_height=&#8220;yes&#8220;][vc_column_inner width=&#8220;2\/3&#8243; css=&#8220;.vc_custom_1484144412172{padding-right: 30px !important;}&#8220;]\n\t\t<div id=\"wd-5c4391cf78bd9\" class=\"title-wrapper wd-wpb wd-set-mb reset-last-child  wd-rs-5c4391cf78bd9 wd-title-color-default wd-title-style-default text-left  wd-underline-colored\">\n\t\t\t\n\t\t\t<div class=\"liner-continer\">\n\t\t\t\t<h4 class=\"woodmart-title-container title  wd-font-weight- wd-fontsize-m\" >po\u0161lete n\u00e1m zpr\u00e1vu<\/h4>\n\t\t\t\t\t\t\t<\/div>\n\t\t\t\n\t\t\t\n\t\t\t\n\t\t<\/div>\n\t\t\n\t\t<p class=\"wpcf7-contact-form-not-found\"><strong>Chyba:<\/strong> Kontaktn\u00ed formul\u00e1\u0159 nebyl nalezen.<\/p>[\/vc_column_inner][vc_column_inner width=&#8220;1\/3&#8243; css=&#8220;.vc_custom_1484144397036{margin-top: -30px !important;margin-right: -30px !important;margin-bottom: -30px !important;padding-top: 30px !important;padding-right: 30px !important;padding-bottom: 30px !important;padding-left: 30px !important;background-color: #333333 !important;}&#8220;]\n\t\t<div id=\"wd-5c4391e324649\" class=\"title-wrapper wd-wpb wd-set-mb reset-last-child  wd-rs-5c4391e324649 wd-title-color-white wd-title-style-default text-left  wd-underline-colored\">\n\t\t\t\n\t\t\t<div class=\"liner-continer\">\n\t\t\t\t<h4 class=\"woodmart-title-container title  wd-font-weight- wd-fontsize-m\" >KONTAKTN\u00cd INFORMACE<\/h4>\n\t\t\t\t\t\t\t<\/div>\n\t\t\t\n\t\t\t\n\t\t\t\n\t\t<\/div>\n\t\t\n\t\t\t\t\t<div class=\"info-box-wrapper\">\n\t\t\t\t<div id=\"wd-5c43920eabc14\" class=\" wd-rs-5c43920eabc14 wd-info-box wd-wpb text-left box-icon-align-left box-style- color-scheme-light wd-bg-none wd-items-top \">\n\t\t\t\t\t\t\t\t\t\t\t<div class=\"box-icon-wrapper  box-with-icon box-icon-simple\">\n\t\t\t\t\t\t\t<div class=\"info-box-icon\">\n\t\t\t\t\t\t\t\t\t\t\t\t\t\t\t<\/div>\n\t\t\t\t\t\t<\/div>\n\t\t\t\t\t\t\t\t\t\t<div class=\"info-box-content\">\n\t\t\t\t\t\t\t\t\t\t\t\t<div class=\"info-box-inner reset-last-child\"><p>ZELEN\u00dd DRAK \u010daj a k\u00e1va<br \/>\nV.Nezvala 72 \/48<br \/>\n674 01 T\u0159eb\u00ed\u010d<\/p>\n<\/div>\n\n\t\t\t\t\t\t\t\t\t\t\t<\/div>\n\n\t\t\t\t\t\n\t\t\t\t\t\t\t\t\t<\/div>\n\t\t\t<\/div>\n\t\t\t\t\t<div class=\"info-box-wrapper\">\n\t\t\t\t<div id=\"wd-5c43941149ca3\" class=\" wd-rs-5c43941149ca3 wd-info-box wd-wpb text-left box-icon-align-left box-style- color-scheme-light wd-bg-none wd-items-top \">\n\t\t\t\t\t\t\t\t\t\t\t<div class=\"box-icon-wrapper  box-with-icon box-icon-simple\">\n\t\t\t\t\t\t\t<div class=\"info-box-icon\">\n\t\t\t\t\t\t\t\t\t\t\t\t\t\t\t<\/div>\n\t\t\t\t\t\t<\/div>\n\t\t\t\t\t\t\t\t\t\t<div class=\"info-box-content\">\n\t\t\t\t\t\t\t\t\t\t\t\t<div class=\"info-box-inner reset-last-child\"><p>+420 608 678 888<\/p>\n<\/div>\n\n\t\t\t\t\t\t\t\t\t\t\t<\/div>\n\n\t\t\t\t\t\n\t\t\t\t\t\t\t\t\t<\/div>\n\t\t\t<\/div>\n\t\t\t\t\t<div class=\"info-box-wrapper\">\n\t\t\t\t<div id=\"wd-5c4393f4670a5\" class=\" wd-rs-5c4393f4670a5 wd-info-box wd-wpb text-left box-icon-align-left box-style- color-scheme-light wd-bg-none wd-items-top \">\n\t\t\t\t\t\t\t\t\t\t\t<div class=\"box-icon-wrapper  box-with-icon box-icon-simple\">\n\t\t\t\t\t\t\t<div class=\"info-box-icon\">\n\t\t\t\t\t\t\t\t\t\t\t\t\t\t\t<\/div>\n\t\t\t\t\t\t<\/div>\n\t\t\t\t\t\t\t\t\t\t<div class=\"info-box-content\">\n\t\t\t\t\t\t\t\t\t\t\t\t<div class=\"info-box-inner reset-last-child\"><p><a href=\"http:\/\/themedemo.commercegurus.com\/economist\/#\">info@zelenydrak.cz<\/a><\/p>\n<\/div>\n\n\t\t\t\t\t\t\t\t\t\t\t<\/div>\n\n\t\t\t\t\t\n\t\t\t\t\t\t\t\t\t<\/div>\n\t\t\t<\/div>\n\t\t[vc_separator color=&#8220;custom&#8220; accent_color=&#8220;rgba(255,255,255,0.15)&#8220; css=&#8220;.vc_custom_1484144347493{margin-bottom: 30px !important;}&#8220;][vc_column_text woodmart_color_scheme=&#8220;light&#8220; css=&#8220;.vc_custom_1547932306201{margin-bottom: 20px !important;}&#8220; text_larger=&#8220;no&#8220;]M\u00e1te ot\u00e1zky ohledn\u011b toho, jak V\u00e1m v sou\u010dasn\u00e9 chv\u00edli m\u016f\u017eeme pomoci?? Po\u0161lete n\u00e1m e-mail a my se brzy ozveme.[\/vc_column_text]\t\t\t<div\n\t\t\t\t\t\tclass=\" wd-social-icons  wd-style-colored wd-size-small social-share wd-shape-circle text-left\">\n\t\t\t\t\n\t\t\t\t\n\t\t\t\t\t\t\t\t\t<a rel=\"noopener noreferrer nofollow\" href=\"https:\/\/www.facebook.com\/sharer\/sharer.php?u=https:\/\/zelenydrak.cz\/velkoobchod\/maintenance\/\" target=\"_blank\" class=\" wd-social-icon social-facebook\" aria-label=\"Facebook social link\">\n\t\t\t\t\t\t<span class=\"wd-icon\"><\/span>\n\t\t\t\t\t\t\t\t\t\t\t<\/a>\n\t\t\t\t\n\t\t\t\t\t\t\t\t\t<a rel=\"noopener noreferrer nofollow\" href=\"https:\/\/x.com\/share?url=https:\/\/zelenydrak.cz\/velkoobchod\/maintenance\/\" target=\"_blank\" class=\" wd-social-icon social-twitter\" aria-label=\"X social link\">\n\t\t\t\t\t\t<span class=\"wd-icon\"><\/span>\n\t\t\t\t\t\t\t\t\t\t\t<\/a>\n\t\t\t\t\n\t\t\t\t\n\t\t\t\t\t\t\t\t\t<a rel=\"noopener noreferrer nofollow\" href=\"mailto:?subject=Check%20this%20https:\/\/zelenydrak.cz\/velkoobchod\/maintenance\/\" target=\"_blank\" class=\" wd-social-icon social-email\" aria-label=\"Email social link\">\n\t\t\t\t\t\t<span class=\"wd-icon\"><\/span>\n\t\t\t\t\t\t\t\t\t\t\t<\/a>\n\t\t\t\t\n\t\t\t\t\n\t\t\t\t\n\t\t\t\t\n\t\t\t\t\n\t\t\t\t\n\t\t\t\t\n\t\t\t\t\n\t\t\t\t\n\t\t\t\t\n\t\t\t\t\n\t\t\t\t\n\t\t\t\t\n\t\t\t\t\n\t\t\t\t\n\t\t\t\t\n\t\t\t\t\n\t\t\t\t\n\t\t\t\t\n\t\t\t\t\n\t\t\t\t\n\t\t\t\t\n\t\t\t\t\n\t\t\t<\/div>\n\n\t\t[\/vc_column_inner][\/vc_row_inner]<\/div>[vc_empty_space height=&#8220;30px&#8220;]\t\t\t<div\n\t\t\t\t\t\tclass=\" wd-social-icons  wd-style-bordered wd-size-default social-share wd-shape-circle color-scheme-light text-center\">\n\t\t\t\t\n\t\t\t\t\n\t\t\t\t\t\t\t\t\t<a rel=\"noopener noreferrer nofollow\" href=\"https:\/\/www.facebook.com\/sharer\/sharer.php?u=https:\/\/zelenydrak.cz\/velkoobchod\/maintenance\/\" target=\"_blank\" class=\" wd-social-icon social-facebook\" aria-label=\"Facebook social link\">\n\t\t\t\t\t\t<span class=\"wd-icon\"><\/span>\n\t\t\t\t\t\t\t\t\t\t\t<\/a>\n\t\t\t\t\n\t\t\t\t\t\t\t\t\t<a rel=\"noopener noreferrer nofollow\" href=\"https:\/\/x.com\/share?url=https:\/\/zelenydrak.cz\/velkoobchod\/maintenance\/\" target=\"_blank\" class=\" wd-social-icon social-twitter\" aria-label=\"X social link\">\n\t\t\t\t\t\t<span class=\"wd-icon\"><\/span>\n\t\t\t\t\t\t\t\t\t\t\t<\/a>\n\t\t\t\t\n\t\t\t\t\n\t\t\t\t\t\t\t\t\t<a rel=\"noopener noreferrer nofollow\" href=\"mailto:?subject=Check%20this%20https:\/\/zelenydrak.cz\/velkoobchod\/maintenance\/\" target=\"_blank\" class=\" wd-social-icon social-email\" aria-label=\"Email social link\">\n\t\t\t\t\t\t<span class=\"wd-icon\"><\/span>\n\t\t\t\t\t\t\t\t\t\t\t<\/a>\n\t\t\t\t\n\t\t\t\t\n\t\t\t\t\n\t\t\t\t\n\t\t\t\t\n\t\t\t\t\n\t\t\t\t\n\t\t\t\t\n\t\t\t\t\n\t\t\t\t\n\t\t\t\t\n\t\t\t\t\n\t\t\t\t\n\t\t\t\t\n\t\t\t\t\n\t\t\t\t\n\t\t\t\t\n\t\t\t\t\n\t\t\t\t\n\t\t\t\t\n\t\t\t\t\n\t\t\t\t\n\t\t\t\t\n\t\t\t<\/div>\n\n\t\t[\/vc_column][vc_column width=&#8220;1\/2&#8243; css=&#8220;.vc_custom_1551358378209{padding-top: 250px !important;padding-bottom: 250px !important;background-image: url(http:\/\/zelenydrak.cz\/wp-content\/uploads\/2019\/02\/zelenydrak.cz-konvice.jpg?id=36) !important;background-position: center !important;background-repeat: no-repeat !important;background-size: cover !important;}&#8220; offset=&#8220;vc_col-lg-8 vc_col-md-8 vc_col-xs-12&#8243; mobile_bg_img_hidden=&#8220;no&#8220; woodmart_parallax=&#8220;0&#8243; woodmart_sticky_column=&#8220;false&#8220; parallax_scroll=&#8220;no&#8220; mobile_reset_margin=&#8220;no&#8220; tablet_reset_margin=&#8220;no&#8220; tablet_bg_img_hidden=&#8220;no&#8220;][\/vc_column][\/vc_row]<\/p>\n<\/div>","protected":false},"excerpt":{"rendered":"<p>[vc_row full_width=&#8220;stretch_row_content_no_spaces&#8220; full_height=&#8220;yes&#8220; columns_placement=&#8220;stretch&#8220; equal_height=&#8220;yes&#8220; content_placement=&#8220;middle&#8220; video_bg=&#8220;yes&#8220; video_bg_url=&#8220;&#8220; css=&#8220;.vc_custom_1494591206194{background-position: center !important;background-repeat: no-repeat !important;background-size: cover !important;}&#8220;][vc_column width=&#8220;1\/2&#8243; css=&#8220;.vc_custom_1494591285751{padding-top: 30px !important;padding-right: 15px<\/p>\n","protected":false},"author":1,"featured_media":0,"parent":0,"menu_order":0,"comment_status":"closed","ping_status":"closed","template":"maintenance.php","meta":{"footnotes":""},"class_list":["post-3043","page","type-page","status-publish","hentry"],"_links":{"self":[{"href":"https:\/\/zelenydrak.cz\/velkoobchod\/wp-json\/wp\/v2\/pages\/3043","targetHints":{"allow":["GET"]}}],"collection":[{"href":"https:\/\/zelenydrak.cz\/velkoobchod\/wp-json\/wp\/v2\/pages"}],"about":[{"href":"https:\/\/zelenydrak.cz\/velkoobchod\/wp-json\/wp\/v2\/types\/page"}],"author":[{"embeddable":true,"href":"https:\/\/zelenydrak.cz\/velkoobchod\/wp-json\/wp\/v2\/users\/1"}],"replies":[{"embeddable":true,"href":"https:\/\/zelenydrak.cz\/velkoobchod\/wp-json\/wp\/v2\/comments?post=3043"}],"version-history":[{"count":0,"href":"https:\/\/zelenydrak.cz\/velkoobchod\/wp-json\/wp\/v2\/pages\/3043\/revisions"}],"wp:attachment":[{"href":"https:\/\/zelenydrak.cz\/velkoobchod\/wp-json\/wp\/v2\/media?parent=3043"}],"curies":[{"name":"wp","href":"https:\/\/api.w.org\/{rel}","templated":true}]}}