{"id":3035,"date":"2024-08-29T17:27:41","date_gmt":"2024-08-29T17:27:41","guid":{"rendered":"https:\/\/zelenydrak.cz\/?page_id=3035"},"modified":"2024-08-29T17:27:41","modified_gmt":"2024-08-29T17:27:41","slug":"zasady-pouzivani-souboru-cookie","status":"publish","type":"page","link":"https:\/\/zelenydrak.cz\/velkoobchod\/zasady-pouzivani-souboru-cookie\/","title":{"rendered":"Z\u00e1sady pou\u017e\u00edv\u00e1n\u00ed soubor\u016f cookie"},"content":{"rendered":"<div class=\"cli_pg_page_contaner\">\n<h3>O t\u011bchto z\u00e1sad\u00e1ch pou\u017e\u00edv\u00e1n\u00ed soubor\u016f cookie<\/h3>\n<div>\n<p>Tyto Z\u00e1sady pou\u017e\u00edv\u00e1n\u00ed soubor\u016f cookie vysv\u011btluj\u00ed, co jsou soubory cookie a jak je pou\u017e\u00edv\u00e1me, typy soubor\u016f cookie, kter\u00e9 pou\u017e\u00edv\u00e1me, tj. informace, kter\u00e9 shroma\u017e\u010fujeme pomoc\u00ed soubor\u016f cookie a jak se tyto informace pou\u017e\u00edvaj\u00ed, a jak ovl\u00e1dat preference soubor\u016f cookie. Dal\u0161\u00ed informace o tom, jak pou\u017e\u00edv\u00e1me, uchov\u00e1v\u00e1me a udr\u017eujeme va\u0161e osobn\u00ed \u00fadaje v bezpe\u010d\u00ed, naleznete v na\u0161ich Z\u00e1sad\u00e1ch ochrany osobn\u00edch \u00fadaj\u016f.<span style=\"font-size: revert; color: initial; font-family: -apple-system, BlinkMacSystemFont, 'Segoe UI', Roboto, Oxygen-Sans, Ubuntu, Cantarell, 'Helvetica Neue', sans-serif;\">Sv\u016fj souhlas s Prohl\u00e1\u0161en\u00edm o cookies na na\u0161em webu m\u016f\u017eete kdykoli zm\u011bnit nebo odvolat<br \/>\nV\u00edce o tom, kdo jsme, jak n\u00e1s m\u016f\u017eete kontaktovat a jak zpracov\u00e1v\u00e1me osobn\u00ed \u00fadaje, se dozv\u00edte v na\u0161ich Z\u00e1sad\u00e1ch ochrany osobn\u00edch \u00fadaj\u016f.<br \/>\nV\u00e1\u0161 souhlas se vztahuje na n\u00e1sleduj\u00edc\u00ed dom\u00e9ny: zelenydrak.cz<\/span><\/p>\n<p>&nbsp;<\/p>\n<\/div>\n<h3>Co jsou cookies?<\/h3>\n<div>Cookies jsou mal\u00e9 textov\u00e9 soubory, kter\u00e9 se pou\u017e\u00edvaj\u00ed k ukl\u00e1d\u00e1n\u00ed mal\u00fdch informac\u00ed. Jsou ulo\u017eeny ve va\u0161em za\u0159\u00edzen\u00ed, kdy\u017e se webov\u00e1 str\u00e1nka na\u010dte do va\u0161eho prohl\u00ed\u017ee\u010de. Tyto soubory cookie n\u00e1m pom\u00e1haj\u00ed, aby webov\u00e9 str\u00e1nky spr\u00e1vn\u011b fungovaly, byly bezpe\u010dn\u011bj\u0161\u00ed, poskytovaly lep\u0161\u00ed u\u017eivatelskou zku\u0161enost a porozum\u011bly tomu, jak web funguje, a analyzovat, co funguje a kde je t\u0159eba zlep\u0161it.<\/div>\n<h3>Jak pou\u017e\u00edv\u00e1me soubory cookie?<\/h3>\n<div>Jako v\u011bt\u0161ina online slu\u017eeb pou\u017e\u00edv\u00e1 na\u0161e webov\u00e9 str\u00e1nky soubory cookie prvn\u00ed a t\u0159et\u00ed strany k n\u011bkolika \u00fa\u010del\u016fm. Cookies prvn\u00ed strany jsou v\u011bt\u0161inou nezbytn\u00e9 pro spr\u00e1vn\u00e9 fungov\u00e1n\u00ed webov\u00fdch str\u00e1nek a neshroma\u017e\u010fuj\u00ed \u017e\u00e1dn\u00e9 va\u0161e osobn\u00ed \u00fadaje.<br \/>\nSoubory cookie t\u0159et\u00edch stran pou\u017e\u00edvan\u00e9 na na\u0161em webu slou\u017e\u00ed p\u0159edev\u0161\u00edm k pochopen\u00ed toho, jak web funguje, jak s na\u0161\u00edm webem komunikujete, k zaji\u0161t\u011bn\u00ed bezpe\u010dnosti na\u0161ich slu\u017eeb, poskytov\u00e1n\u00ed reklam, kter\u00e9 jsou pro v\u00e1s relevantn\u00ed, a celkov\u011b k poskytov\u00e1n\u00ed lep\u0161\u00edho a vylep\u0161en\u00e9ho u\u017eivatele. zku\u0161enosti a pomohou urychlit va\u0161e budouc\u00ed interakce s na\u0161imi webov\u00fdmi str\u00e1nkami.<\/div>\n<h3>Jak\u00e9 typy cookies pou\u017e\u00edv\u00e1me?<\/h3>\n<div>\n<p>Nezbytn\u00e9: N\u011bkter\u00e9 soubory cookie jsou nezbytn\u00e9, abyste mohli vyu\u017e\u00edvat plnou funk\u010dnost na\u0161ich str\u00e1nek. Umo\u017e\u0148uj\u00ed n\u00e1m udr\u017eovat u\u017eivatelsk\u00e9 relace a p\u0159edch\u00e1zet jak\u00fdmkoli bezpe\u010dnostn\u00edm hrozb\u00e1m. Neshroma\u017e\u010fuj\u00ed ani neukl\u00e1daj\u00ed \u017e\u00e1dn\u00e9 osobn\u00ed \u00fadaje. Tyto soubory cookie v\u00e1m nap\u0159\u00edklad umo\u017e\u0148uj\u00ed p\u0159ihl\u00e1sit se ke sv\u00e9mu \u00fa\u010dtu a p\u0159id\u00e1vat produkty do ko\u0161\u00edku a bezpe\u010dn\u011b platit.<\/p>\n<p>Statistiky: Tyto soubory cookie ukl\u00e1daj\u00ed informace, jako je po\u010det n\u00e1v\u0161t\u011bvn\u00edk\u016f webu, po\u010det unik\u00e1tn\u00edch n\u00e1v\u0161t\u011bvn\u00edk\u016f, kter\u00e9 str\u00e1nky webu byly nav\u0161t\u00edveny, zdroj n\u00e1v\u0161t\u011bvy atd. Tyto \u00fadaje n\u00e1m pom\u00e1haj\u00ed porozum\u011bt a analyzovat, jak dob\u0159e web funguje. a kde pot\u0159ebuje zlep\u0161en\u00ed.<\/p>\n<p>Marketing: Na\u0161e webov\u00e9 str\u00e1nky zobrazuj\u00ed reklamy. Tyto soubory cookie se pou\u017e\u00edvaj\u00ed k personalizaci reklam, kter\u00e9 v\u00e1m zobrazujeme, aby pro v\u00e1s byly smyslupln\u00e9. Tyto soubory cookie n\u00e1m tak\u00e9 pom\u00e1haj\u00ed sledovat efektivitu t\u011bchto reklamn\u00edch kampan\u00ed.<br \/>\nInformace ulo\u017een\u00e9 v t\u011bchto souborech cookie mohou b\u00fdt tak\u00e9 pou\u017eity poskytovateli reklam t\u0159et\u00edch stran k zobrazov\u00e1n\u00ed reklam na jin\u00fdch webov\u00fdch str\u00e1nk\u00e1ch v prohl\u00ed\u017ee\u010di.<\/p>\n<p>Funk\u010dn\u00ed: Jedn\u00e1 se o soubory cookie, kter\u00e9 pom\u00e1haj\u00ed ur\u010dit\u00fdm nepodstatn\u00fdm funkc\u00edm na na\u0161em webu. Tyto funkce zahrnuj\u00ed vkl\u00e1d\u00e1n\u00ed obsahu, jako jsou videa, nebo sd\u00edlen\u00ed obsahu webov\u00fdch str\u00e1nek na platform\u00e1ch soci\u00e1ln\u00edch m\u00e9di\u00ed.<\/p>\n<p>P\u0159edvolby: Tyto soubory cookie n\u00e1m pom\u00e1haj\u00ed ukl\u00e1dat va\u0161e nastaven\u00ed a preference proch\u00e1zen\u00ed, jako jsou jazykov\u00e9 preference, abyste m\u011bli lep\u0161\u00ed a efektivn\u011bj\u0161\u00ed zku\u0161enosti p\u0159i budouc\u00edch n\u00e1v\u0161t\u011bv\u00e1ch webu.<\/p>\n<p>&nbsp;<\/p>\n<\/div>\n<h3>Jak mohu ovl\u00e1dat p\u0159edvolby soubor\u016f cookie?<\/h3>\n<div>\n<p>Pokud se pozd\u011bji rozhodnete zm\u011bnit sv\u00e9 preference b\u011bhem relace prohl\u00ed\u017een\u00ed, m\u016f\u017eete na sv\u00e9 obrazovce kliknout na z\u00e1lo\u017eku \u201eZ\u00e1sady ochrany osobn\u00edch \u00fadaj\u016f a soubor\u016f cookie\u201c. T\u00edm se znovu zobraz\u00ed ozn\u00e1men\u00ed o souhlasu, kter\u00e9 v\u00e1m umo\u017en\u00ed zm\u011bnit va\u0161e preference nebo zcela odvolat sv\u016fj souhlas.<\/p>\n<p>Krom\u011b toho r\u016fzn\u00e9 prohl\u00ed\u017ee\u010de poskytuj\u00ed r\u016fzn\u00e9 zp\u016fsoby blokov\u00e1n\u00ed a maz\u00e1n\u00ed soubor\u016f cookie pou\u017e\u00edvan\u00fdch webov\u00fdmi str\u00e1nkami. M\u016f\u017eete zm\u011bnit nastaven\u00ed sv\u00e9ho prohl\u00ed\u017ee\u010de tak, aby blokoval\/smazal soubory cookie. Chcete-li se dozv\u011bd\u011bt v\u00edce o tom, jak spravovat a mazat soubory cookie, nav\u0161tivte wikipedia.org, www.allaboutcookies.org.<\/p>\n<\/div>\n<\/div>\n","protected":false},"excerpt":{"rendered":"<p>O t\u011bchto z\u00e1sad\u00e1ch pou\u017e\u00edv\u00e1n\u00ed soubor\u016f cookie Tyto Z\u00e1sady pou\u017e\u00edv\u00e1n\u00ed soubor\u016f cookie vysv\u011btluj\u00ed, co jsou soubory cookie a jak je pou\u017e\u00edv\u00e1me,<\/p>\n","protected":false},"author":1,"featured_media":0,"parent":0,"menu_order":0,"comment_status":"closed","ping_status":"closed","template":"","meta":{"footnotes":""},"class_list":["post-3035","page","type-page","status-publish","hentry"],"_links":{"self":[{"href":"https:\/\/zelenydrak.cz\/velkoobchod\/wp-json\/wp\/v2\/pages\/3035","targetHints":{"allow":["GET"]}}],"collection":[{"href":"https:\/\/zelenydrak.cz\/velkoobchod\/wp-json\/wp\/v2\/pages"}],"about":[{"href":"https:\/\/zelenydrak.cz\/velkoobchod\/wp-json\/wp\/v2\/types\/page"}],"author":[{"embeddable":true,"href":"https:\/\/zelenydrak.cz\/velkoobchod\/wp-json\/wp\/v2\/users\/1"}],"replies":[{"embeddable":true,"href":"https:\/\/zelenydrak.cz\/velkoobchod\/wp-json\/wp\/v2\/comments?post=3035"}],"version-history":[{"count":0,"href":"https:\/\/zelenydrak.cz\/velkoobchod\/wp-json\/wp\/v2\/pages\/3035\/revisions"}],"wp:attachment":[{"href":"https:\/\/zelenydrak.cz\/velkoobchod\/wp-json\/wp\/v2\/media?parent=3035"}],"curies":[{"name":"wp","href":"https:\/\/api.w.org\/{rel}","templated":true}]}}