{"id":3032,"date":"2024-08-29T17:31:49","date_gmt":"2024-08-29T17:31:49","guid":{"rendered":"https:\/\/zelenydrak.cz\/?page_id=3032"},"modified":"2024-08-29T17:31:49","modified_gmt":"2024-08-29T17:31:49","slug":"informace-o-zpracovani-osobnich-udaju-pro-zakazniky","status":"publish","type":"page","link":"https:\/\/zelenydrak.cz\/velkoobchod\/informace-o-zpracovani-osobnich-udaju-pro-zakazniky\/","title":{"rendered":"Informace o zpracov\u00e1n\u00ed osobn\u00edch \u00fadaj\u016f pro z\u00e1kazn\u00edky"},"content":{"rendered":"<div style=\"text-align: left;\" align=\"center\">\n<p>&nbsp;<\/p>\n<h1><span style=\"color: #97aa23;\">Informace o zpracov\u00e1n\u00ed osobn\u00edch \u00fadaj\u016f pro z\u00e1kazn\u00edky<\/span><\/h1>\n<p><b> <\/b><b style=\"color: #97aa23;\">1.\u00a0<\/b><b style=\"color: #97aa23;\">Z\u00e1kladn\u00ed ustanoven\u00ed<\/b><\/p>\n<\/div>\n<div style=\"text-align: left;\">\n<ol>\n<li style=\"list-style-type: none;\">\n<ol>\n<li>\n<p align=\"justify\">Spr\u00e1vcem osobn\u00edch \u00fadaj\u016f podle \u010dl. 4 bod 7 na\u0159\u00edzen\u00ed Evropsk\u00e9ho parlamentu a Rady (EU) 2016\/679 o ochran\u011b fyzick\u00fdch osob v souvislosti se zpracov\u00e1n\u00edm osobn\u00edch \u00fadaj\u016f a o voln\u00e9m pohybu t\u011bchto \u00fadaj\u016f (d\u00e1le jen: \u201e<b>GDPR<\/b>\u201d) je Lubom\u00edr Vrzal I\u010cO: 67545963 se s\u00eddlem \u010cecho\u010dovice 99, 675 22 (d\u00e1le jen: \u201e<b>spr\u00e1vce<\/b>\u201c).<\/p>\n<\/li>\n<li>\n<p align=\"justify\">Kontaktn\u00ed \u00fadaje spr\u00e1vce jsou<\/p>\n<\/li>\n<\/ol>\n<\/li>\n<\/ol>\n<\/div>\n<div style=\"text-align: left;\" align=\"justify\">adresa: Zelen\u00fd Drak V.Nezvala 72\/48 674 01 T\u0159eb\u00ed\u010d<\/div>\n<div style=\"text-align: left;\" align=\"justify\">email: info@zelenydrak.cz<\/div>\n<div style=\"text-align: left;\" align=\"justify\">telefon: +420 608 678 888<\/div>\n<div style=\"text-align: left;\">\n<ol start=\"3\">\n<li style=\"list-style-type: none;\">\n<ol start=\"3\">\n<li>\n<p align=\"justify\">Osobn\u00edmi \u00fadaji se rozum\u00ed ve\u0161ker\u00e9 informace o identifikovan\u00e9 nebo identifikovateln\u00e9 fyzick\u00e9 osob\u011b; identifikovatelnou fyzickou osobou je fyzick\u00e1 osoba, kterou lze p\u0159\u00edmo \u010di nep\u0159\u00edmo identifikovat, zejm\u00e9na odkazem na ur\u010dit\u00fd identifik\u00e1tor, nap\u0159\u00edklad jm\u00e9no, identifika\u010dn\u00ed \u010d\u00edslo, loka\u010dn\u00ed \u00fadaje, s\u00ed\u0165ov\u00fd identifik\u00e1tor nebo na jeden \u010di v\u00edce zvl\u00e1\u0161tn\u00edch prvk\u016f fyzick\u00e9, fyziologick\u00e9, genetick\u00e9, psychick\u00e9, ekonomick\u00e9, kulturn\u00ed nebo spole\u010densk\u00e9 identity t\u00e9to fyzick\u00e9 osoby.<\/p>\n<\/li>\n<li>\n<p align=\"justify\">Spr\u00e1vce nejmenoval pov\u011b\u0159ence pro ochranu osobn\u00edch \u00fadaj\u016f.<\/p>\n<\/li>\n<\/ol>\n<\/li>\n<\/ol>\n<\/div>\n<div style=\"text-align: left;\" align=\"center\"><span style=\"color: #97aa23;\"><b>2.\u00a0<\/b><b>Zdroje a kategorie zpracov\u00e1van\u00fdch osobn\u00edch \u00fadaj\u016f<\/b><\/span><\/div>\n<div style=\"text-align: left;\">\n<ol>\n<li style=\"list-style-type: none;\">\n<ol>\n<li>\n<p align=\"justify\">Spr\u00e1vce zpracov\u00e1v\u00e1 osobn\u00ed \u00fadaje, kter\u00e9 jste mu poskytl\/a nebo osobn\u00ed \u00fadaje, kter\u00e9 spr\u00e1vce z\u00edskal na z\u00e1klad\u011b pln\u011bn\u00ed Va\u0161\u00ed objedn\u00e1vky.<\/p>\n<\/li>\n<li>\n<p align=\"justify\">Spr\u00e1vce zpracov\u00e1v\u00e1 Va\u0161e identifika\u010dn\u00ed a kontaktn\u00ed \u00fadaje a \u00fadaje nezbytn\u00e9 pro pln\u011bn\u00ed smlouvy.<\/p>\n<\/li>\n<\/ol>\n<\/li>\n<\/ol>\n<\/div>\n<div align=\"center\"><\/div>\n<div style=\"text-align: left;\" align=\"center\"><span style=\"color: #97aa23;\"><b>3.\u00a0<\/b><b>Z\u00e1konn\u00fd d\u016fvod a \u00fa\u010del zpracov\u00e1n\u00ed osobn\u00edch \u00fadaj\u016f<\/b><\/span><\/div>\n<div style=\"text-align: left;\">\n<ol>\n<li style=\"list-style-type: none;\">\n<ol>\n<li>\n<p align=\"justify\">Z\u00e1konn\u00fdm d\u016fvodem zpracov\u00e1n\u00ed osobn\u00edch \u00fadaj\u016f je<\/p>\n<\/li>\n<\/ol>\n<\/li>\n<\/ol>\n<ul>\n<li style=\"list-style-type: none;\">\n<ul>\n<li>\n<p align=\"justify\">pln\u011bn\u00ed smlouvy mezi V\u00e1mi a\u00a0spr\u00e1vcem podle \u010dl. 6 odst. 1 p\u00edsm. b) GDPR,<\/p>\n<\/li>\n<li>\n<p align=\"justify\">opr\u00e1vn\u011bn\u00fd z\u00e1jem spr\u00e1vce na poskytov\u00e1n\u00ed p\u0159\u00edm\u00e9ho marketingu (zejm\u00e9na pro zas\u00edl\u00e1n\u00ed obchodn\u00edch sd\u011blen\u00ed a newsletter\u016f) podle \u010dl. 6 odst. 1 p\u00edsm. f) GDPR,<\/p>\n<\/li>\n<li>\n<p align=\"justify\">V\u00e1\u0161 souhlas se zpracov\u00e1n\u00edm pro \u00fa\u010dely poskytov\u00e1n\u00ed p\u0159\u00edm\u00e9ho marketingu (zejm\u00e9na pro zas\u00edl\u00e1n\u00ed obchodn\u00edch sd\u011blen\u00ed a newsletter\u016f) podle \u010dl. 6 odst. 1 p\u00edsm. a) GDPR ve spojen\u00ed s \u00a7 7 odst. 2 z\u00e1kona \u010d. 480\/2004 Sb., o n\u011bkter\u00fdch slu\u017eb\u00e1ch informa\u010dn\u00ed spole\u010dnosti v\u00a0p\u0159\u00edpad\u011b, \u017ee nedo\u0161lo k\u00a0objedn\u00e1vce zbo\u017e\u00ed nebo slu\u017eby.<\/p>\n<\/li>\n<li>\n<p align=\"justify\"><b>Z\u00e1konn\u00fd d\u016fvod a \u00fa\u010del zpracov\u00e1n\u00ed osobn\u00edch \u00fadaj\u016f detailn\u011bji:<\/b><\/p>\n<\/li>\n<\/ul>\n<\/li>\n<\/ul>\n<ul>\n<li style=\"list-style-type: none;\">\n<ul>\n<li>\n<table>\n<tbody>\n<tr>\n<td><strong>Z\u00e1konn\u00fd d\u016fvod<\/strong><\/td>\n<td><strong>\u00da\u010del<\/strong><\/td>\n<td><strong>\u00dadaje<\/strong><\/td>\n<td><strong>Zdroj \u00fadaj\u016f<\/strong><\/td>\n<td><strong>Zpracovatel\u00e9<\/strong><\/td>\n<\/tr>\n<tr>\n<td>Pln\u011bn\u00ed smlouvy<\/td>\n<td>Vy\u0159\u00edzen\u00ed objedn\u00e1vky<\/td>\n<td>Osobn\u00ed \u00fadaje klient\u016f (kontantn\u00ed \u00fadaje, bydli\u0161t\u011b) a informace o objednan\u00e9m zbo\u017e\u00ed<\/td>\n<td>Objedn\u00e1vkov\u00fd formul\u00e1\u0159<\/td>\n<td>Subdodavatel\u00e9, mailingov\u00e9 slu\u017eby, cloudov\u00e1 \u00falo\u017ei\u0161t\u011b, p\u0159epravn\u00ed spole\u010dnosti, platebn\u00ed br\u00e1ny<\/td>\n<\/tr>\n<tr>\n<td>Pln\u011bn\u00ed smlouvy<\/td>\n<td>Odpov\u011b\u010f na zpr\u00e1vu zaslanou p\u0159es kontaktn\u00ed formul\u00e1\u0159<\/td>\n<td>Kontaktn\u00ed \u00fadaje klient\u016f<\/td>\n<td>Kontaktn\u00ed formul\u00e1\u0159, e-mailov\u00e1 komunikace<\/td>\n<td>Subdodavatel\u00e9, mailingov\u00e9 slu\u017eby<\/td>\n<\/tr>\n<tr>\n<td>Pln\u011bn\u00ed smlouvy<\/td>\n<td>Veden\u00ed \u00fa\u010detnictv\u00ed<\/td>\n<td>Osobn\u00ed \u00fadaje klient\u016f (kontantn\u00ed \u00fadaje, bydli\u0161t\u011b) a informace o objednan\u00e9m zbo\u017e\u00ed<\/td>\n<td>Faktury<\/td>\n<td>\u00da\u010detn\u00ed firma<\/td>\n<\/tr>\n<tr>\n<td>Opr\u00e1vn\u011bn\u00fd z\u00e1jem<\/td>\n<td>Poskytnut\u00ed e-mailu slu\u017eb\u011b t\u0159et\u00ed strany pro z\u00edsk\u00e1n\u00ed recenze<\/td>\n<td>E-mailov\u00e1 adresa a informace o objednan\u00e9m zbo\u017e\u00ed<\/td>\n<td>Objedn\u00e1vkov\u00fd formul\u00e1\u0159<\/td>\n<td>Heureka.cz<\/td>\n<\/tr>\n<tr>\n<td>Opr\u00e1vn\u011bn\u00fd z\u00e1jem<\/td>\n<td>Poskytov\u00e1n\u00ed p\u0159\u00edm\u00e9ho marketingu (zejm\u00e9na pro zas\u00edl\u00e1n\u00ed obchodn\u00edch sd\u011blen\u00ed a newsletter\u016f)<\/td>\n<td>Kontaktn\u00ed \u00fadaje klient\u016f<\/td>\n<td>Informace z objedn\u00e1vek<\/td>\n<td>Mailingov\u00e9 slu\u017eby, subdodavatel\u00e9<\/td>\n<\/tr>\n<tr>\n<td>Opr\u00e1vn\u011bn\u00fd z\u00e1jem<\/td>\n<td>B\u011b\u017en\u00e1 anal\u00fdza n\u00e1v\u0161t\u011bvnosti, odhalov\u00e1n\u00ed chyb serveru a prevence podvod\u016f a \u00fatok\u016f na server<\/td>\n<td>Pseudoanonymizovan\u00e9 identifik\u00e1tory registrovan\u00fdch u\u017eivatel\u016f jako UserID, IP adresy<\/td>\n<td>Pohyb u\u017eivatele na webu, registrace a vytvo\u0159en\u00ed anonymizovan\u00e9ho ID u\u017eivatele, zobrazen\u00ed str\u00e1nky s chybou<\/td>\n<td>Google Analytics, webhostingov\u00e9 slu\u017eby<\/td>\n<\/tr>\n<tr>\n<td>Souhlas<\/td>\n<td>Marketing a propagace webu<\/td>\n<td>E-maily, jm\u00e9na potenci\u00e1ln\u00edch z\u00e1kazn\u00edk\u016f, IP adresy a dal\u0161\u00ed technick\u00e9 identifk\u00e1tory<\/td>\n<td>Formul\u00e1\u0159 pro newsletter, registra\u010dn\u00ed formul\u00e1\u0159<\/td>\n<td>Webhostingov\u00e1 spole\u010dnost a slu\u017eby pro rozes\u00edl\u00e1n\u00ed e-mail\u016f<\/td>\n<\/tr>\n<tr>\n<td>Souhlas<\/td>\n<td>Zve\u0159ejn\u011bn\u00ed recenze z\u00e1kazn\u00edka nebo dotazu k produktu<\/td>\n<td>Jm\u00e9no z\u00e1kazn\u00edka a e-mailov\u00e1 adresa<\/td>\n<td>E-mailov\u00e1 komunikace a formul\u00e1\u0159 na webu<\/td>\n<td>Cloudov\u00e1 \u00falo\u017ei\u0161t\u011b, mailingov\u00e9 slu\u017eby<\/td>\n<\/tr>\n<\/tbody>\n<\/table>\n<\/li>\n<\/ul>\n<\/li>\n<\/ul>\n<ol start=\"2\">\n<li style=\"list-style-type: none;\">\n<ol start=\"2\">\n<li>\n<p align=\"justify\">\u00da\u010delem zpracov\u00e1n\u00ed osobn\u00edch \u00fadaj\u016f je<\/p>\n<\/li>\n<\/ol>\n<\/li>\n<\/ol>\n<ul>\n<li style=\"list-style-type: none;\">\n<ul>\n<li>\n<p align=\"justify\">vy\u0159\u00edzen\u00ed Va\u0161\u00ed objedn\u00e1vky a v\u00fdkon pr\u00e1v a povinnost\u00ed vypl\u00fdvaj\u00edc\u00edch ze smluvn\u00edho vztahu mezi V\u00e1mi a spr\u00e1vcem; p\u0159i objedn\u00e1vce jsou vy\u017eadov\u00e1ny osobn\u00ed \u00fadaje, kter\u00e9 jsou nutn\u00e9 pro \u00fasp\u011b\u0161n\u00e9 vy\u0159\u00edzen\u00ed objedn\u00e1vky (jm\u00e9no a adresa, kontakt), poskytnut\u00ed osobn\u00edch \u00fadaj\u016f je nutn\u00fdm po\u017eadavkem pro uzav\u0159en\u00ed a pln\u011bn\u00ed smlouvy, bez poskytnut\u00ed osobn\u00edch \u00fadaj\u016f nen\u00ed mo\u017en\u00e9 smlouvu uzav\u0159\u00edt \u010di j\u00ed ze strany spr\u00e1vce plnit,<\/p>\n<\/li>\n<li>\n<p align=\"justify\">zas\u00edl\u00e1n\u00ed obchodn\u00edch sd\u011blen\u00ed a \u010din\u011bn\u00ed dal\u0161\u00edch marketingov\u00fdch aktivit.<\/p>\n<\/li>\n<\/ul>\n<\/li>\n<\/ul>\n<ol start=\"3\">\n<li style=\"list-style-type: none;\">\n<ol start=\"3\">\n<li>\n<p align=\"justify\">Ze strany spr\u00e1vce nedoch\u00e1z\u00ed k automatick\u00e9mu individu\u00e1ln\u00edmu rozhodov\u00e1n\u00ed ve smyslu \u010dl. 22 GDPR. S takov\u00fdm zpracov\u00e1n\u00edm jste poskytl\/a sv\u016fj v\u00fdslovn\u00fd souhlas.<\/p>\n<\/li>\n<\/ol>\n<\/li>\n<\/ol>\n<\/div>\n<div style=\"text-align: left;\" align=\"center\"><span style=\"color: #97aa23;\"><b>4.\u00a0<\/b><b>Doba uchov\u00e1v\u00e1n\u00ed \u00fadaj\u016f<\/b><\/span><\/div>\n<div style=\"text-align: left;\">\n<ol>\n<li style=\"list-style-type: none;\">\n<ol>\n<li>\n<p align=\"justify\">Spr\u00e1vce uchov\u00e1v\u00e1 osobn\u00ed \u00fadaje<\/p>\n<\/li>\n<\/ol>\n<\/li>\n<\/ol>\n<ul>\n<li style=\"list-style-type: none;\">\n<ul>\n<li>\n<p align=\"justify\">po dobu nezbytnou k v\u00fdkonu pr\u00e1v a povinnost\u00ed vypl\u00fdvaj\u00edc\u00edch ze smluvn\u00edho vztahu mezi V\u00e1mi a spr\u00e1vcem a uplat\u0148ov\u00e1n\u00ed n\u00e1rok\u016f z t\u011bchto smluvn\u00edch vztah\u016f (po dobu 10 let od ukon\u010den\u00ed smluvn\u00edho vztahu).<\/p>\n<\/li>\n<li>\n<p align=\"justify\">po dobu, ne\u017e je odvol\u00e1n souhlas se zpracov\u00e1n\u00edm osobn\u00edch \u00fadaj\u016f pro \u00fa\u010dely marketingu, nejd\u00e9le 10. let, jsou-li osobn\u00ed \u00fadaje zpracov\u00e1v\u00e1ny na z\u00e1klad\u011b souhlasu.<\/p>\n<\/li>\n<\/ul>\n<\/li>\n<\/ul>\n<ol start=\"2\">\n<li style=\"list-style-type: none;\">\n<ol start=\"2\">\n<li>\n<p align=\"justify\">Po uplynut\u00ed doby uchov\u00e1v\u00e1n\u00ed osobn\u00edch \u00fadaj\u016f spr\u00e1vce osobn\u00ed \u00fadaje vyma\u017ee.<\/p>\n<\/li>\n<\/ol>\n<\/li>\n<\/ol>\n<\/div>\n<div style=\"text-align: left;\" align=\"center\"><span style=\"color: #97aa23;\"><b>5.\u00a0<\/b><b>P\u0159\u00edjemci osobn\u00edch \u00fadaj\u016f (subdodavatel\u00e9 spr\u00e1vce)<\/b><\/span><\/div>\n<div style=\"text-align: left;\">\n<ol>\n<li style=\"list-style-type: none;\">\n<ol>\n<li>\n<p align=\"justify\">P\u0159\u00edjemci osobn\u00edch \u00fadaj\u016f jsou osoby<\/p>\n<\/li>\n<\/ol>\n<\/li>\n<\/ol>\n<ul>\n<li style=\"list-style-type: none;\">\n<ul>\n<li>\n<p align=\"justify\">pod\u00edlej\u00edc\u00ed se na dod\u00e1n\u00ed zbo\u017e\u00ed \/ slu\u017eeb \/ realizaci plateb na z\u00e1klad\u011b smlouvy,<\/p>\n<\/li>\n<li>\n<p align=\"justify\">zaji\u0161\u0165uj\u00edc\u00ed slu\u017eby provozov\u00e1n\u00ed e-shopu a dal\u0161\u00ed slu\u017eby v\u00a0souvislosti s\u00a0provozov\u00e1n\u00edm e-shopu,<\/p>\n<\/li>\n<li>\n<p align=\"justify\">zaji\u0161\u0165uj\u00edc\u00ed marketingov\u00e9 slu\u017eby.<\/p>\n<\/li>\n<\/ul>\n<\/li>\n<\/ul>\n<ol start=\"2\">\n<li style=\"list-style-type: none;\">\n<ol start=\"2\">\n<li>\n<p align=\"justify\">Spr\u00e1vce nem\u00e1 v \u00famyslu p\u0159edat osobn\u00ed \u00fadaje do t\u0159et\u00ed zem\u011b (do zem\u011b mimo EU) nebo mezin\u00e1rodn\u00ed organizaci..<\/p>\n<\/li>\n<\/ol>\n<\/li>\n<\/ol>\n<\/div>\n<div align=\"center\"><\/div>\n<div style=\"text-align: left;\" align=\"center\"><span style=\"color: #97aa23;\"><b>6.\u00a0<\/b><b>Va\u0161e pr\u00e1va<\/b><\/span><\/div>\n<div style=\"text-align: left;\">\n<ol>\n<li style=\"list-style-type: none;\">\n<ol>\n<li>\n<p align=\"justify\">Za podm\u00ednek stanoven\u00fdch v GDPR m\u00e1te<\/p>\n<\/li>\n<\/ol>\n<\/li>\n<\/ol>\n<ul>\n<li style=\"list-style-type: none;\">\n<ul>\n<li>\n<p align=\"justify\">pr\u00e1vo na p\u0159\u00edstup ke sv\u00fdm osobn\u00edm \u00fadaj\u016fm dle \u010dl. 15 GDPR,<\/p>\n<\/li>\n<li>\n<p align=\"justify\">pr\u00e1vo opravu osobn\u00edch \u00fadaj\u016f dle \u010dl. 16 GDPR, pop\u0159\u00edpad\u011b omezen\u00ed zpracov\u00e1n\u00ed dle \u010dl. 18 GDPR.<\/p>\n<\/li>\n<li>\n<p align=\"justify\">pr\u00e1vo na v\u00fdmaz osobn\u00edch \u00fadaj\u016f dle \u010dl. 17 GDPR.<\/p>\n<\/li>\n<li>\n<p align=\"justify\">pr\u00e1vo vzn\u00e9st n\u00e1mitku proti zpracov\u00e1n\u00ed dle \u010dl. 21 GDPR a<\/p>\n<\/li>\n<li>\n<p align=\"justify\">pr\u00e1vo na p\u0159enositelnost \u00fadaj\u016f dle \u010dl. 20 GDPR.<\/p>\n<\/li>\n<li>\n<p align=\"justify\">pr\u00e1vo odvolat souhlas se zpracov\u00e1n\u00edm p\u00edsemn\u011b nebo elektronicky na adresu nebo email spr\u00e1vce uveden\u00fd v \u010dl. I t\u011bchto podm\u00ednek.<\/p>\n<\/li>\n<\/ul>\n<\/li>\n<\/ul>\n<ol start=\"2\">\n<li style=\"list-style-type: none;\">\n<ol start=\"2\">\n<li>\n<p align=\"justify\">D\u00e1le m\u00e1te pr\u00e1vo podat st\u00ed\u017enost u \u00da\u0159adu pro ochranu osobn\u00edch \u00fadaj\u016f v p\u0159\u00edpad\u011b, \u017ee se domn\u00edv\u00e1te, \u017ee bylo poru\u0161eno Va\u0161\u00ed pr\u00e1vo na ochranu osobn\u00edch \u00fadaj\u016f.<\/p>\n<p>Budeme v\u0161ak r\u00e1di, pokud budete p\u0159e\u0161lapy \u0159e\u0161it nejprve s n\u00e1mi. V\u017edy n\u00e1s m\u016f\u017eete snadno kontaktovat prost\u0159ednictv\u00edm na\u0161eho kontaktn\u00edho formul\u00e1\u0159e nebo prost\u0159ednictv\u00edm na\u0161\u00ed infolinky na tel. \u010d\u00edsle +420 608 678 888.<\/li>\n<\/ol>\n<\/li>\n<\/ol>\n<\/div>\n<div style=\"text-align: left;\" align=\"justify\"><\/div>\n<div style=\"text-align: left;\" align=\"center\"><span style=\"color: #97aa23;\"><b>7.\u00a0<\/b><b>Podm\u00ednky zabezpe\u010den\u00ed osobn\u00edch \u00fadaj\u016f<\/b><\/span><\/div>\n<div style=\"text-align: left;\">\n<ol>\n<li style=\"list-style-type: none;\">\n<ol>\n<li>\n<p align=\"justify\">Spr\u00e1vce prohla\u0161uje, \u017ee p\u0159ijal ve\u0161ker\u00e1 vhodn\u00e1 technick\u00e1 a organiza\u010dn\u00ed opat\u0159en\u00ed k\u00a0zabezpe\u010den\u00ed osobn\u00edch \u00fadaj\u016f.<\/p>\n<\/li>\n<li>\n<p align=\"justify\">Spr\u00e1vce p\u0159ijal technick\u00e1 opat\u0159en\u00ed k\u00a0zabezpe\u010den\u00ed datov\u00fdch \u00falo\u017ei\u0161\u0165 a \u00falo\u017ei\u0161\u0165 osobn\u00edch \u00fadaj\u016f v\u00a0listinn\u00e9 podob\u011b.<\/p>\n<\/li>\n<li>\n<p align=\"justify\">Spr\u00e1vce prohla\u0161uje, \u017ee k\u00a0osobn\u00edm \u00fadaj\u016fm maj\u00ed p\u0159\u00edstup pouze j\u00edm pov\u011b\u0159en\u00e9 osoby.<\/p>\n<\/li>\n<\/ol>\n<\/li>\n<\/ol>\n<\/div>\n<div style=\"text-align: left;\" align=\"justify\"><\/div>\n<div style=\"text-align: left;\" align=\"center\"><span style=\"color: #97aa23;\"><b>8.\u00a0<\/b><b>Osobn\u00ed \u00fadaje osob mlad\u0161\u00ed 16-let<\/b><\/span><\/div>\n<div style=\"text-align: left;\">\n<ol>\n<li style=\"list-style-type: none;\">\n<ol>\n<li>\n<p align=\"justify\">N\u00e1\u0161 internetov\u00fd obchod nen\u00ed ur\u010den pro d\u011bti mlad\u0161\u00ed 16-let. Osoba mlad\u0161\u00ed 16-let m\u016f\u017ee n\u00e1\u0161 internetov\u00fd obchod pou\u017e\u00edvat pouze, pokud k tomu ud\u011bl\u00ed souhlas jeho z\u00e1konn\u00fd z\u00e1stupce (rodi\u010d, nebo poru\u010dn\u00edk).<\/p>\n<\/li>\n<\/ol>\n<\/li>\n<\/ol>\n<\/div>\n<div style=\"text-align: left;\" align=\"justify\"><\/div>\n<div style=\"text-align: left;\" align=\"justify\"><\/div>\n<div style=\"text-align: left;\" align=\"center\"><span style=\"color: #97aa23;\"><b>9.\u00a0<\/b><b>Z\u00e1v\u011bre\u010dn\u00e1 ustanoven\u00ed<\/b><\/span><\/div>\n<div style=\"text-align: left;\">\n<ol>\n<li style=\"list-style-type: none;\">\n<ol>\n<li>\n<p align=\"justify\">Odesl\u00e1n\u00edm objedn\u00e1vky z internetov\u00e9ho objedn\u00e1vkov\u00e9ho formul\u00e1\u0159e potvrzujete, \u017ee jste sezn\u00e1men\/a s podm\u00ednkami ochrany osobn\u00edch \u00fadaj\u016f a \u017ee je v cel\u00e9m rozsahu p\u0159ij\u00edm\u00e1te.<\/p>\n<\/li>\n<li>\n<p align=\"justify\">S\u00a0t\u011bmito podm\u00ednkami souhlas\u00edte za\u0161krtnut\u00edm souhlasu prost\u0159ednictv\u00edm internetov\u00e9ho formul\u00e1\u0159e. Za\u0161krtnut\u00edm souhlasu potvrzujete, \u017ee jste sezn\u00e1men\/a s podm\u00ednkami ochrany osobn\u00edch \u00fadaj\u016f a \u017ee je v cel\u00e9m rozsahu p\u0159ij\u00edm\u00e1te.<\/p>\n<\/li>\n<li>\n<p align=\"justify\">Spr\u00e1vce je opr\u00e1vn\u011bn tyto podm\u00ednky zm\u011bnit. Novou verzi podm\u00ednek ochrany osobn\u00edch \u00fadaj\u016f zve\u0159ejn\u00ed na sv\u00fdch internetov\u00fdch str\u00e1nk\u00e1ch a z\u00e1rove\u0148 V\u00e1m za\u0161le novou verzi t\u011bchto podm\u00ednek na Va\u0161i e-mailovou adresu, kterou jste spr\u00e1vci poskytl\/a.<\/p>\n<\/li>\n<\/ol>\n<\/li>\n<\/ol>\n<\/div>\n<div style=\"text-align: left;\" align=\"justify\"><\/div>\n<div style=\"text-align: left;\" align=\"justify\">Tyto podm\u00ednky nab\u00fdvaj\u00ed \u00fa\u010dinnosti dnem 25.5.2018.<\/div>\n","protected":false},"excerpt":{"rendered":"<p>&nbsp; Informace o zpracov\u00e1n\u00ed osobn\u00edch \u00fadaj\u016f pro z\u00e1kazn\u00edky 1.\u00a0Z\u00e1kladn\u00ed ustanoven\u00ed Spr\u00e1vcem osobn\u00edch \u00fadaj\u016f podle \u010dl. 4 bod 7 na\u0159\u00edzen\u00ed Evropsk\u00e9ho<\/p>\n","protected":false},"author":1,"featured_media":0,"parent":0,"menu_order":0,"comment_status":"closed","ping_status":"closed","template":"","meta":{"footnotes":""},"class_list":["post-3032","page","type-page","status-publish","hentry"],"_links":{"self":[{"href":"https:\/\/zelenydrak.cz\/velkoobchod\/wp-json\/wp\/v2\/pages\/3032","targetHints":{"allow":["GET"]}}],"collection":[{"href":"https:\/\/zelenydrak.cz\/velkoobchod\/wp-json\/wp\/v2\/pages"}],"about":[{"href":"https:\/\/zelenydrak.cz\/velkoobchod\/wp-json\/wp\/v2\/types\/page"}],"author":[{"embeddable":true,"href":"https:\/\/zelenydrak.cz\/velkoobchod\/wp-json\/wp\/v2\/users\/1"}],"replies":[{"embeddable":true,"href":"https:\/\/zelenydrak.cz\/velkoobchod\/wp-json\/wp\/v2\/comments?post=3032"}],"version-history":[{"count":0,"href":"https:\/\/zelenydrak.cz\/velkoobchod\/wp-json\/wp\/v2\/pages\/3032\/revisions"}],"wp:attachment":[{"href":"https:\/\/zelenydrak.cz\/velkoobchod\/wp-json\/wp\/v2\/media?parent=3032"}],"curies":[{"name":"wp","href":"https:\/\/api.w.org\/{rel}","templated":true}]}}