{"id":3027,"date":"2024-08-29T17:27:41","date_gmt":"2024-08-29T17:27:41","guid":{"rendered":"https:\/\/zelenydrak.cz\/?page_id=3027"},"modified":"2024-08-29T17:27:41","modified_gmt":"2024-08-29T17:27:41","slug":"souhlas-se-zpracovanim-osobnich-udaju-gdpr","status":"publish","type":"page","link":"https:\/\/zelenydrak.cz\/velkoobchod\/souhlas-se-zpracovanim-osobnich-udaju-gdpr\/","title":{"rendered":"Souhlas se zpracov\u00e1n\u00edm osobn\u00edch \u00fadaj\u016f GDPR"},"content":{"rendered":"<h1><strong>Souhlas se zpracov\u00e1n\u00edm osobn\u00edch \u00fadaj\u016f GDPR<\/strong><\/h1>\n<p>V souladu se z\u00e1konem o ochran\u011b osobn\u00edch \u00fadaj\u016f EU 2016\/679 (GDPR), kter\u00fd vstoupil v \u00fa\u010dinnost 25. kv\u011btna 2018, dobrovoln\u011b souhlas\u00edm s t\u00edm a akceptuji, aby <strong>Spr\u00e1vce osobn\u00edch \u00fadaj\u016f:<\/strong> Lubom\u00edr Vrzal, I\u010c: 67545963, se s\u00eddlem \u010cecho\u010dovice 99 675 22 (d\u00e1le jen \u201e<strong>Spr\u00e1vce<\/strong>.\u201c) ve smyslu z\u00e1kona \u010d. 101\/2000 Sb., o ochran\u011b osobn\u00edch \u00fadaj\u016f a o zm\u011bn\u011b n\u011bkter\u00fdch z\u00e1kon\u016f, ve zn\u011bn\u00ed pozd\u011bj\u0161\u00edch p\u0159edpis\u016f (d\u00e1le jen \u201ez\u00e1kon o ochran\u011b osobn\u00edch \u00fadaj\u016f\u201c) zpracov\u00e1val, shroma\u017e\u010foval a uchov\u00e1val m\u00e9 osobn\u00ed \u00fadaje. Beru na v\u011bdom\u00ed a souhlas\u00edm, \u017ee tyto osobn\u00ed \u00fadaje budou zpracov\u00e1v\u00e1ny a uchov\u00e1v\u00e1ny<\/p>\n<p><strong>v\u00a0rozsahu<\/strong><\/p>\n<ul>\n<li style=\"list-style-type: none;\">\n<ul>\n<li>jm\u00e9no a p\u0159\u00edjmen\u00ed, bydli\u0161t\u011b \u010di jin\u00e1 udan\u00e1 adresa<\/li>\n<li>telefonn\u00ed \u010d\u00edslo, e-Mailov\u00e1 adresa<\/li>\n<li>IP adresa po\u010d\u00edta\u010de, mobiln\u00edho telefonu \u010di jin\u00e9ho za\u0159\u00edzen\u00ed<\/li>\n<li>Cookies<\/li>\n<\/ul>\n<\/li>\n<\/ul>\n<p><strong>za \u00fa\u010delem<\/strong><\/p>\n<ul>\n<li style=\"list-style-type: none;\">\n<ul>\n<li>pln\u011bn\u00ed smlouvy mezi V\u00e1mi a\u00a0spr\u00e1vcem podle \u010dl. 6 odst. 1 p\u00edsm. b) GDPR,<\/li>\n<li>opr\u00e1vn\u011bn\u00e9ho z\u00e1jmu spr\u00e1vce na poskytov\u00e1n\u00ed p\u0159\u00edm\u00e9ho marketingu (zejm\u00e9na pro zas\u00edl\u00e1n\u00ed obchodn\u00edch sd\u011blen\u00ed a newsletter\u016f) podle \u010dl. 6 odst. 1 p\u00edsm. f) GDPR,<\/li>\n<li>Va\u0161eho souhlasu se zpracov\u00e1n\u00edm pro \u00fa\u010dely poskytov\u00e1n\u00ed p\u0159\u00edm\u00e9ho marketingu (zejm\u00e9na pro zas\u00edl\u00e1n\u00ed obchodn\u00edch sd\u011blen\u00ed a newsletter\u016f) podle \u010dl. 6 odst. 1 p\u00edsm. a) GDPR ve spojen\u00ed s \u00a7 7 odst. 2 z\u00e1kona \u010d. 480\/2004 Sb., o n\u011bkter\u00fdch slu\u017eb\u00e1ch informa\u010dn\u00ed spole\u010dnosti v\u00a0p\u0159\u00edpad\u011b, \u017ee nedo\u0161lo k\u00a0objedn\u00e1vce zbo\u017e\u00ed nebo slu\u017eby,<\/li>\n<li>hodnocen\u00ed e-shopu, zbo\u017e\u00ed v\u00a0n\u011bm prod\u00e1van\u00e9ho i samotn\u00e9ho prod\u00e1vaj\u00edc\u00edho.<\/li>\n<\/ul>\n<\/li>\n<\/ul>\n<p><strong>Zpracov\u00e1n\u00ed osobn\u00edch \u00fadaj\u016f je prov\u00e1d\u011bno Spr\u00e1vcem, osobn\u00ed \u00fadaje v\u0161ak pro Spr\u00e1vce mohou zpracov\u00e1vat i tito zpracovatel\u00e9:<\/strong><\/p>\n<ul>\n<li style=\"list-style-type: none;\">\n<ul>\n<li>\n<p align=\"justify\">pod\u00edlej\u00edc\u00ed se na dod\u00e1n\u00ed zbo\u017e\u00ed \/ slu\u017eeb \/ realizaci plateb na z\u00e1klad\u011b smlouvy,<\/p>\n<\/li>\n<li>\n<p align=\"justify\">zaji\u0161\u0165uj\u00edc\u00ed slu\u017eby provozov\u00e1n\u00ed e-shopu a dal\u0161\u00ed slu\u017eby v\u00a0souvislosti s\u00a0provozov\u00e1n\u00edm e-shopu,<\/p>\n<\/li>\n<li>\n<p align=\"justify\">zaji\u0161\u0165uj\u00edc\u00ed marketingov\u00e9, pr\u00e1vn\u00ed a ekonomick\u00e9 slu\u017eby,<\/p>\n<\/li>\n<li>p\u0159\u00edpadn\u011b dal\u0161\u00ed poskytovatel\u00e9 zpracovatelsk\u00fdch softwar\u016f, slu\u017eeb a aplikac\u00ed, kter\u00e9 v\u0161ak v sou\u010dasn\u00e9 dob\u011b spole\u010dnost nevyu\u017e\u00edv\u00e1.<\/li>\n<\/ul>\n<\/li>\n<\/ul>\n<p><strong><span style=\"text-decoration: underline;\"><br \/>\nPokud mi je\u0161t\u011b nebylo 16 let, mus\u00ed v\u00fd\u0161e uveden\u00fd souhlas d\u00e1t tak\u00e9 m\u016fje\u00a0matka,\u00a0otec \u010di jin\u00fd z\u00e1konn\u00fd z\u00e1stupce.<\/span><\/strong><\/p>\n<p><strong><span style=\"text-decoration: underline;\">Prohla\u0161uji, \u017ee toto omezen\u00ed je mi zn\u00e1mo a neobch\u00e1z\u00edm je.<\/span><\/strong><\/p>\n<p>Moje osobn\u00ed \u00fadaje budou zpracov\u00e1v\u00e1ny na z\u00e1klad\u011b tohoto souhlasu\u00a0<strong>po dobu 10 let od posledn\u00ed aktivity<\/strong><br \/>\nna e-shopu, nejv\u00fd\u0161e do odvol\u00e1n\u00ed tohoto souhlasu.<\/p>\n<p><strong>Vezm\u011bte, pros\u00edme, na v\u011bdom\u00ed, \u017ee podle z\u00e1kona o ochran\u011b osobn\u00edch \u00fadaj\u016f m\u00e1te pr\u00e1vo:<\/strong><\/p>\n<ul>\n<li style=\"list-style-type: none;\">\n<ul>\n<li>vz\u00edt souhlas kdykoliv zp\u011bt,<\/li>\n<li>po\u017eadovat po n\u00e1s informaci, jak\u00e9 va\u0161e osobn\u00ed \u00fadaje zpracov\u00e1v\u00e1me,<\/li>\n<li>po\u017eadovat po n\u00e1s vysv\u011btlen\u00ed ohledn\u011b zpracov\u00e1n\u00ed osobn\u00edch \u00fadaj\u016f,<\/li>\n<li>vy\u017e\u00e1dat si u n\u00e1s p\u0159\u00edstup k\u00a0t\u011bmto \u00fadaj\u016fm a tyto nechat aktualizovat nebo opravit,<\/li>\n<li>po\u017eadovat po n\u00e1s v\u00fdmaz t\u011bchto osobn\u00edch \u00fadaj\u016f,<\/li>\n<li>v\u00a0p\u0159\u00edpad\u011b pochybnost\u00ed o dodr\u017eov\u00e1n\u00ed povinnost\u00ed souvisej\u00edc\u00edch se zpracov\u00e1n\u00edm osobn\u00edch \u00fadaj\u016f obr\u00e1tit se na n\u00e1s nebo na \u00da\u0159ad pro ochranu osobn\u00edch \u00fadaj\u016f. Budeme v\u0161ak r\u00e1di, pokud budete p\u0159e\u0161lapy \u0159e\u0161it nejprve s n\u00e1mi. V\u017edy n\u00e1s m\u016f\u017eete snadno kontaktovat prost\u0159ednictv\u00edm na\u0161eho kontaktn\u00edho formul\u00e1\u0159e nebo prost\u0159ednictv\u00edm na\u0161\u00ed infolinky na tel. \u010d\u00edsle +420 608 678 888.<\/li>\n<\/ul>\n<\/li>\n<\/ul>\n","protected":false},"excerpt":{"rendered":"<p>Souhlas se zpracov\u00e1n\u00edm osobn\u00edch \u00fadaj\u016f GDPR V souladu se z\u00e1konem o ochran\u011b osobn\u00edch \u00fadaj\u016f EU 2016\/679 (GDPR), kter\u00fd vstoupil v<\/p>\n","protected":false},"author":1,"featured_media":0,"parent":0,"menu_order":0,"comment_status":"closed","ping_status":"closed","template":"","meta":{"footnotes":""},"class_list":["post-3027","page","type-page","status-publish","hentry"],"_links":{"self":[{"href":"https:\/\/zelenydrak.cz\/velkoobchod\/wp-json\/wp\/v2\/pages\/3027","targetHints":{"allow":["GET"]}}],"collection":[{"href":"https:\/\/zelenydrak.cz\/velkoobchod\/wp-json\/wp\/v2\/pages"}],"about":[{"href":"https:\/\/zelenydrak.cz\/velkoobchod\/wp-json\/wp\/v2\/types\/page"}],"author":[{"embeddable":true,"href":"https:\/\/zelenydrak.cz\/velkoobchod\/wp-json\/wp\/v2\/users\/1"}],"replies":[{"embeddable":true,"href":"https:\/\/zelenydrak.cz\/velkoobchod\/wp-json\/wp\/v2\/comments?post=3027"}],"version-history":[{"count":0,"href":"https:\/\/zelenydrak.cz\/velkoobchod\/wp-json\/wp\/v2\/pages\/3027\/revisions"}],"wp:attachment":[{"href":"https:\/\/zelenydrak.cz\/velkoobchod\/wp-json\/wp\/v2\/media?parent=3027"}],"curies":[{"name":"wp","href":"https:\/\/api.w.org\/{rel}","templated":true}]}}